{"id":2392,"date":"2025-07-18T14:25:56","date_gmt":"2025-07-18T14:25:56","guid":{"rendered":"https:\/\/www.brikaelektrik.al\/?post_type=product&#038;p=2392"},"modified":"2025-07-18T14:25:56","modified_gmt":"2025-07-18T14:25:56","slug":"celes-i-thjeshte","status":"publish","type":"product","link":"https:\/\/www.brikaelektrik.al\/al\/produkt\/celes-i-thjeshte\/","title":{"rendered":"\u00c7EL\u00cbS I THJESHT\u00cb"},"content":{"rendered":"<p class=\"cvGsUA direction-ltr align-start para-style-body\"><span class=\"OYPEnA font-feature-liga-off font-feature-clig-off font-feature-calt-off text-decoration-none text-strikethrough-none\">Seria: Luna<br \/>\n<\/span><span class=\"OYPEnA font-feature-liga-off font-feature-clig-off font-feature-calt-off text-decoration-none text-strikethrough-none\">Lloji: 2P+T (Shuko)<br \/>\n<\/span>Rryma nominale: 16A<br \/>\nTensioni: 250V AC<br \/>\nMontimi: Mural<br \/>\nNgjyra: E bardh\u00eb<br \/>\nMbrojtje: IP20, alveola t\u00eb mbrojtura (child safety)<br \/>\nMateriali: Termoplastik pa halogjen<\/p>","protected":false},"excerpt":{"rendered":"<p>Seria: Luna Lloji: 2P+T (Shuko) Rryma nominale: 16A Tensioni: 250V AC Montimi: Mural Ngjyra: E bardh\u00eb Mbrojtje: IP20, alveola t\u00eb mbrojtura (child safety) Materiali: Termoplastik pa halogjen<\/p>","protected":false},"featured_media":2393,"comment_status":"open","ping_status":"closed","template":"","meta":{"_acf_changed":false},"product_brand":[],"product_cat":[40,65],"product_tag":[],"class_list":{"0":"post-2392","1":"product","2":"type-product","3":"status-publish","4":"has-post-thumbnail","6":"product_cat-serite-civile","7":"product_cat-luna","9":"first","10":"instock","11":"shipping-taxable","12":"product-type-simple"},"acf":[],"_links":{"self":[{"href":"https:\/\/www.brikaelektrik.al\/al\/wp-json\/wp\/v2\/product\/2392","targetHints":{"allow":["GET"]}}],"collection":[{"href":"https:\/\/www.brikaelektrik.al\/al\/wp-json\/wp\/v2\/product"}],"about":[{"href":"https:\/\/www.brikaelektrik.al\/al\/wp-json\/wp\/v2\/types\/product"}],"replies":[{"embeddable":true,"href":"https:\/\/www.brikaelektrik.al\/al\/wp-json\/wp\/v2\/comments?post=2392"}],"wp:featuredmedia":[{"embeddable":true,"href":"https:\/\/www.brikaelektrik.al\/al\/wp-json\/wp\/v2\/media\/2393"}],"wp:attachment":[{"href":"https:\/\/www.brikaelektrik.al\/al\/wp-json\/wp\/v2\/media?parent=2392"}],"wp:term":[{"taxonomy":"product_brand","embeddable":true,"href":"https:\/\/www.brikaelektrik.al\/al\/wp-json\/wp\/v2\/product_brand?post=2392"},{"taxonomy":"product_cat","embeddable":true,"href":"https:\/\/www.brikaelektrik.al\/al\/wp-json\/wp\/v2\/product_cat?post=2392"},{"taxonomy":"product_tag","embeddable":true,"href":"https:\/\/www.brikaelektrik.al\/al\/wp-json\/wp\/v2\/product_tag?post=2392"}],"curies":[{"name":"wp","href":"https:\/\/api.w.org\/{rel}","templated":true}]}}