{"id":2395,"date":"2025-07-21T11:31:54","date_gmt":"2025-07-21T11:31:54","guid":{"rendered":"https:\/\/www.brikaelektrik.al\/?post_type=product&#038;p=2395"},"modified":"2025-07-21T11:31:54","modified_gmt":"2025-07-21T11:31:54","slug":"deviatore","status":"publish","type":"product","link":"https:\/\/www.brikaelektrik.al\/al\/produkt\/deviatore\/","title":{"rendered":"DEVIATORE"},"content":{"rendered":"<p>Seria: Luna<br data-start=\"216\" data-end=\"219\" \/>Lloji: Priz\u00eb me tok\u00ebzim (2P+T), tip Shuko<br data-start=\"264\" data-end=\"267\" \/>Rryma Nominale: 16A<br data-start=\"290\" data-end=\"293\" \/>Tensioni: 250V AC<br data-start=\"314\" data-end=\"317\" \/>Montimi: N\u00eb mur (mural)<br data-start=\"344\" data-end=\"347\" \/>Ngjyra: E bardh\u00eb<br data-start=\"367\" data-end=\"370\" \/>Mbrojtje: IP20 \u2013 me mbrojtje p\u00ebr f\u00ebmij\u00eb (alveola t\u00eb mbrojtura)<br data-start=\"436\" data-end=\"439\" \/>Materiali: Termoplastik pa halogjen, i q\u00ebndruesh\u00ebm ndaj flak\u00ebs dhe pa substanca t\u00eb d\u00ebmshme<\/p>","protected":false},"excerpt":{"rendered":"<p>Seria: LunaLloji: Priz\u00eb me tok\u00ebzim (2P+T), tip ShukoRryma Nominale: 16ATensioni: 250V ACMontimi: N\u00eb mur (mural)Ngjyra: E bardh\u00ebMbrojtje: IP20 \u2013 me mbrojtje p\u00ebr f\u00ebmij\u00eb (alveola t\u00eb mbrojtura)Materiali: Termoplastik pa halogjen, i q\u00ebndruesh\u00ebm ndaj flak\u00ebs dhe pa substanca t\u00eb d\u00ebmshme<\/p>","protected":false},"featured_media":2397,"comment_status":"open","ping_status":"closed","template":"","meta":{"_acf_changed":false},"product_brand":[],"product_cat":[40,65],"product_tag":[],"class_list":{"0":"post-2395","1":"product","2":"type-product","3":"status-publish","4":"has-post-thumbnail","6":"product_cat-serite-civile","7":"product_cat-luna","9":"first","10":"instock","11":"shipping-taxable","12":"product-type-simple"},"acf":[],"_links":{"self":[{"href":"https:\/\/www.brikaelektrik.al\/al\/wp-json\/wp\/v2\/product\/2395","targetHints":{"allow":["GET"]}}],"collection":[{"href":"https:\/\/www.brikaelektrik.al\/al\/wp-json\/wp\/v2\/product"}],"about":[{"href":"https:\/\/www.brikaelektrik.al\/al\/wp-json\/wp\/v2\/types\/product"}],"replies":[{"embeddable":true,"href":"https:\/\/www.brikaelektrik.al\/al\/wp-json\/wp\/v2\/comments?post=2395"}],"wp:featuredmedia":[{"embeddable":true,"href":"https:\/\/www.brikaelektrik.al\/al\/wp-json\/wp\/v2\/media\/2397"}],"wp:attachment":[{"href":"https:\/\/www.brikaelektrik.al\/al\/wp-json\/wp\/v2\/media?parent=2395"}],"wp:term":[{"taxonomy":"product_brand","embeddable":true,"href":"https:\/\/www.brikaelektrik.al\/al\/wp-json\/wp\/v2\/product_brand?post=2395"},{"taxonomy":"product_cat","embeddable":true,"href":"https:\/\/www.brikaelektrik.al\/al\/wp-json\/wp\/v2\/product_cat?post=2395"},{"taxonomy":"product_tag","embeddable":true,"href":"https:\/\/www.brikaelektrik.al\/al\/wp-json\/wp\/v2\/product_tag?post=2395"}],"curies":[{"name":"wp","href":"https:\/\/api.w.org\/{rel}","templated":true}]}}