{"id":2403,"date":"2025-07-21T12:10:03","date_gmt":"2025-07-21T12:10:03","guid":{"rendered":"https:\/\/www.brikaelektrik.al\/?post_type=product&#038;p=2403"},"modified":"2025-07-21T12:38:05","modified_gmt":"2025-07-21T12:38:05","slug":"kuti-j-m-1p","status":"publish","type":"product","link":"https:\/\/www.brikaelektrik.al\/al\/produkt\/kuti-j-m-1p\/","title":{"rendered":"KUTI J\/M 1P"},"content":{"rendered":"<p>Seria: Luna<br data-start=\"59\" data-end=\"62\" \/>Lloji: Kuti montimi horizontale p\u00ebr 1 modul (1P)<br data-start=\"114\" data-end=\"117\" \/>Rryma Nominale: Jo e aplikuar (produkt pasiv \u2013 kut\u00ed plastike)<br data-start=\"182\" data-end=\"185\" \/>Tensioni: Pa tension t\u00eb aplikuar; mb\u00ebshtet instalimet me tension deri n\u00eb 250\u202fV AC (nd\u00ebrtuar p\u00ebr mekanizma Luna\/LivingLight)<br data-start=\"312\" data-end=\"315\" data-is-only-node=\"\" \/>Montimi: Sip\u00ebrfaq\u00ebsor (montim n\u00eb mur), model me baz\u00eb dhe mbules\u00eb<br data-start=\"383\" data-end=\"386\" \/>Ngjyra: Gri e err\u00ebt\/neutale (zona e mbules\u00ebs p\u00ebrfundimtare bardh\u00eb)<br data-start=\"456\" data-end=\"459\" \/>Mbrojtje: IP40 \u2013 mbrojtje ndaj pluhurit &gt;\u202f1\u202fmm dhe kontakt i drejtp\u00ebrdrejt\u00eb aksidental i mbrojtur<br data-start=\"598\" data-end=\"601\" \/>Materiali: Termoplastik pa halogjen<br data-start=\"640\" data-end=\"643\" \/>Kapaciteti: 1 post\u00eb (1 modul) <br data-start=\"714\" data-end=\"717\" \/>Dimensionet: 76mm (lart\u00ebsi) \u00d7\u202f76mm (gjer\u00ebsi) \u00d7\u202f55mm (thell\u00ebsi)<br \/>\n<br data-start=\"824\" data-end=\"827\" \/><strong>P\u00ebrdorimi: Ideal p\u00ebr mbrojtjen e modulave t\u00eb seris\u00eb Luna dhe LivingLight n\u00eb ambiente ku nuk ka mund\u00ebsi montimi t\u00eb m\u00ebparsh\u00ebm t\u00eb brendsh\u00ebm. <\/strong><br \/>\n<strong>Siguron nj\u00eb nd\u00ebrtim t\u00eb organizuar dhe dizajn elegant p\u00ebr sht\u00ebpi, zyra dhe ambiente komerciale.<\/strong><\/p>","protected":false},"excerpt":{"rendered":"<p>Seria: LunaLloji: Kuti montimi horizontale p\u00ebr 1 modul (1P)Rryma Nominale: Jo e aplikuar (produkt pasiv \u2013 kut\u00ed plastike)Tensioni: Pa tension t\u00eb aplikuar; mb\u00ebshtet instalimet me tension deri n\u00eb 250\u202fV AC (nd\u00ebrtuar p\u00ebr mekanizma Luna\/LivingLight)Montimi: Sip\u00ebrfaq\u00ebsor (montim n\u00eb mur), model me baz\u00eb dhe mbules\u00ebNgjyra: Gri e err\u00ebt\/neutale (zona e mbules\u00ebs p\u00ebrfundimtare bardh\u00eb)Mbrojtje: IP40 \u2013 mbrojtje ndaj [&hellip;]<\/p>","protected":false},"featured_media":2404,"comment_status":"open","ping_status":"closed","template":"","meta":{"_acf_changed":false},"product_brand":[],"product_cat":[40,65],"product_tag":[],"class_list":{"0":"post-2403","1":"product","2":"type-product","3":"status-publish","4":"has-post-thumbnail","6":"product_cat-serite-civile","7":"product_cat-luna","9":"first","10":"instock","11":"shipping-taxable","12":"product-type-simple"},"acf":[],"_links":{"self":[{"href":"https:\/\/www.brikaelektrik.al\/al\/wp-json\/wp\/v2\/product\/2403","targetHints":{"allow":["GET"]}}],"collection":[{"href":"https:\/\/www.brikaelektrik.al\/al\/wp-json\/wp\/v2\/product"}],"about":[{"href":"https:\/\/www.brikaelektrik.al\/al\/wp-json\/wp\/v2\/types\/product"}],"replies":[{"embeddable":true,"href":"https:\/\/www.brikaelektrik.al\/al\/wp-json\/wp\/v2\/comments?post=2403"}],"wp:featuredmedia":[{"embeddable":true,"href":"https:\/\/www.brikaelektrik.al\/al\/wp-json\/wp\/v2\/media\/2404"}],"wp:attachment":[{"href":"https:\/\/www.brikaelektrik.al\/al\/wp-json\/wp\/v2\/media?parent=2403"}],"wp:term":[{"taxonomy":"product_brand","embeddable":true,"href":"https:\/\/www.brikaelektrik.al\/al\/wp-json\/wp\/v2\/product_brand?post=2403"},{"taxonomy":"product_cat","embeddable":true,"href":"https:\/\/www.brikaelektrik.al\/al\/wp-json\/wp\/v2\/product_cat?post=2403"},{"taxonomy":"product_tag","embeddable":true,"href":"https:\/\/www.brikaelektrik.al\/al\/wp-json\/wp\/v2\/product_tag?post=2403"}],"curies":[{"name":"wp","href":"https:\/\/api.w.org\/{rel}","templated":true}]}}