{"id":2405,"date":"2025-07-21T12:35:26","date_gmt":"2025-07-21T12:35:26","guid":{"rendered":"https:\/\/www.brikaelektrik.al\/?post_type=product&#038;p=2405"},"modified":"2025-07-21T12:38:29","modified_gmt":"2025-07-21T12:38:29","slug":"kuti-j-m-2p","status":"publish","type":"product","link":"https:\/\/www.brikaelektrik.al\/al\/produkt\/kuti-j-m-2p\/","title":{"rendered":"KUTI J\/M 2P"},"content":{"rendered":"<p>Seria: Luna<br data-start=\"141\" data-end=\"144\" \/>Lloji: Kuti montimi horizontale p\u00ebr 2 module (2P)<br data-start=\"197\" data-end=\"200\" \/>Rryma Nominale: Jo e aplikueshme (produkt pasiv \u2013 kuti plastike)<br data-start=\"268\" data-end=\"271\" \/>Tensioni: Jo i aplikuar drejtp\u00ebrdrejt (mb\u00ebshtet instalime deri n\u00eb 250V AC p\u00ebr mekanizma t\u00eb brendsh\u00ebm)<br data-start=\"376\" data-end=\"379\" \/>Montimi: Sip\u00ebrfaq\u00ebsor (n\u00eb mur), p\u00ebr montim t\u00eb jasht\u00ebm<br data-start=\"436\" data-end=\"439\" \/>Ngjyra: Gri e err\u00ebt \/ neutrale (me hap\u00ebsir\u00eb p\u00ebr mbules\u00eb t\u00eb bardh\u00eb Luna)<br data-start=\"514\" data-end=\"517\" \/>Mbrojtje: IP40 \u2013 mbrojtje ndaj grimcave t\u00eb ngurta &gt;1\u202fmm dhe kontaktit t\u00eb drejtp\u00ebrdrejt\u00eb aksidental<br data-start=\"619\" data-end=\"622\" \/>Materiali: Termoplastik pa halogjen<br data-start=\"661\" data-end=\"664\" \/>Kapaciteti: 2 poste (module)<br data-start=\"696\" data-end=\"699\" \/>Dimensionet: 76mm (lart\u00ebsi) \u00d7 76mm (gjer\u00ebsi) \u00d7 55mm (thell\u00ebsi)<br \/>\n<br data-start=\"768\" data-end=\"771\" \/><strong>P\u00ebrdorimi: E p\u00ebrshtatshme p\u00ebr montimin e elementeve modular\u00eb t\u00eb seris\u00eb Luna (butona, priza, etj.) n\u00eb sip\u00ebrfaqe ku nuk ka mund\u00ebsi nd\u00ebrtimi t\u00eb brendsh\u00ebm. <\/strong><br \/>\n<strong>Ofron siguri, organizim dhe dizajn t\u00eb p\u00ebrshtatsh\u00ebm p\u00ebr ambientet e brendshme.<br \/>\nZgjidhje ideale p\u00ebr ambiente banimi, komerciale apo rinovime.<\/strong><\/p>","protected":false},"excerpt":{"rendered":"<p>Seria: LunaLloji: Kuti montimi horizontale p\u00ebr 2 module (2P)Rryma Nominale: Jo e aplikueshme (produkt pasiv \u2013 kuti plastike)Tensioni: Jo i aplikuar drejtp\u00ebrdrejt (mb\u00ebshtet instalime deri n\u00eb 250V AC p\u00ebr mekanizma t\u00eb brendsh\u00ebm)Montimi: Sip\u00ebrfaq\u00ebsor (n\u00eb mur), p\u00ebr montim t\u00eb jasht\u00ebmNgjyra: Gri e err\u00ebt \/ neutrale (me hap\u00ebsir\u00eb p\u00ebr mbules\u00eb t\u00eb bardh\u00eb Luna)Mbrojtje: IP40 \u2013 mbrojtje ndaj [&hellip;]<\/p>","protected":false},"featured_media":2407,"comment_status":"open","ping_status":"closed","template":"","meta":{"_acf_changed":false},"product_brand":[],"product_cat":[40,65],"product_tag":[],"class_list":{"0":"post-2405","1":"product","2":"type-product","3":"status-publish","4":"has-post-thumbnail","6":"product_cat-serite-civile","7":"product_cat-luna","9":"first","10":"instock","11":"shipping-taxable","12":"product-type-simple"},"acf":[],"_links":{"self":[{"href":"https:\/\/www.brikaelektrik.al\/al\/wp-json\/wp\/v2\/product\/2405","targetHints":{"allow":["GET"]}}],"collection":[{"href":"https:\/\/www.brikaelektrik.al\/al\/wp-json\/wp\/v2\/product"}],"about":[{"href":"https:\/\/www.brikaelektrik.al\/al\/wp-json\/wp\/v2\/types\/product"}],"replies":[{"embeddable":true,"href":"https:\/\/www.brikaelektrik.al\/al\/wp-json\/wp\/v2\/comments?post=2405"}],"wp:featuredmedia":[{"embeddable":true,"href":"https:\/\/www.brikaelektrik.al\/al\/wp-json\/wp\/v2\/media\/2407"}],"wp:attachment":[{"href":"https:\/\/www.brikaelektrik.al\/al\/wp-json\/wp\/v2\/media?parent=2405"}],"wp:term":[{"taxonomy":"product_brand","embeddable":true,"href":"https:\/\/www.brikaelektrik.al\/al\/wp-json\/wp\/v2\/product_brand?post=2405"},{"taxonomy":"product_cat","embeddable":true,"href":"https:\/\/www.brikaelektrik.al\/al\/wp-json\/wp\/v2\/product_cat?post=2405"},{"taxonomy":"product_tag","embeddable":true,"href":"https:\/\/www.brikaelektrik.al\/al\/wp-json\/wp\/v2\/product_tag?post=2405"}],"curies":[{"name":"wp","href":"https:\/\/api.w.org\/{rel}","templated":true}]}}