{"id":2412,"date":"2025-07-21T13:07:54","date_gmt":"2025-07-21T13:07:54","guid":{"rendered":"https:\/\/www.brikaelektrik.al\/?post_type=product&#038;p=2412"},"modified":"2025-07-21T13:07:54","modified_gmt":"2025-07-21T13:07:54","slug":"kuti-j-m-4p","status":"publish","type":"product","link":"https:\/\/www.brikaelektrik.al\/al\/produkt\/kuti-j-m-4p\/","title":{"rendered":"KUTI J\/M 4P"},"content":{"rendered":"<p>Seria: Luna<br data-start=\"146\" data-end=\"149\" \/>Lloji: Kuti montimi horizontale p\u00ebr 4 module (4P)<br data-start=\"202\" data-end=\"205\" \/>Rryma Nominale: Jo e aplikueshme (produkt pasiv \u2013 kuti plastike)<br data-start=\"273\" data-end=\"276\" \/>Tensioni: Mb\u00ebshtet instalime me tension deri n\u00eb 250\u202fV AC p\u00ebr mekanizmat modular\u00eb t\u00eb seris\u00eb Luna\/LivingLight<br data-start=\"387\" data-end=\"390\" data-is-only-node=\"\" \/>Montimi: Sip\u00ebrfaq\u00ebsor (n\u00eb mur), p\u00ebr montim t\u00eb jasht\u00ebm<br data-start=\"447\" data-end=\"450\" \/>Ngjyra: Gri e hapur (RAL\u202f7035)<br data-start=\"484\" data-end=\"487\" \/>Mbrojtje: IP40 \u2013 mbrojtje ndaj pluhurit dhe grimcave &gt;\u202f1\u202fmm, pa mbrojtje ndaj ujit<br data-start=\"573\" data-end=\"576\" \/>Materiali: Termoplastik pa halogjen<br data-start=\"615\" data-end=\"618\" \/>Kapaciteti: 4 poste (module)<br data-start=\"650\" data-end=\"653\" \/>Dimensionet: 76mm (lart\u00ebsi) \u00d7\u202f132mm (gjer\u00ebsi) \u00d7\u202f55mm (thell\u00ebsi)<br data-start=\"723\" data-end=\"726\" \/><br data-start=\"748\" data-end=\"751\" \/><strong>P\u00ebrdorimi: E p\u00ebrshtatshme p\u00ebr mbrojtjen dhe montimin e elementeve modular\u00eb t\u00eb seris\u00eb Luna\/LivingLight n\u00eb ambiente ku nuk \u00ebsht\u00eb i mundur montimi i brendsh\u00ebm. <\/strong><br \/>\n<strong>Ofron nj\u00eb zgjidhje estetike dhe t\u00eb sigurt p\u00ebr sht\u00ebpi, zyra dhe ambiente komerciale.<\/strong><\/p>","protected":false},"excerpt":{"rendered":"<p>Seria: LunaLloji: Kuti montimi horizontale p\u00ebr 4 module (4P)Rryma Nominale: Jo e aplikueshme (produkt pasiv \u2013 kuti plastike)Tensioni: Mb\u00ebshtet instalime me tension deri n\u00eb 250\u202fV AC p\u00ebr mekanizmat modular\u00eb t\u00eb seris\u00eb Luna\/LivingLightMontimi: Sip\u00ebrfaq\u00ebsor (n\u00eb mur), p\u00ebr montim t\u00eb jasht\u00ebmNgjyra: Gri e hapur (RAL\u202f7035)Mbrojtje: IP40 \u2013 mbrojtje ndaj pluhurit dhe grimcave &gt;\u202f1\u202fmm, pa mbrojtje ndaj ujitMateriali: [&hellip;]<\/p>","protected":false},"featured_media":2414,"comment_status":"open","ping_status":"closed","template":"","meta":{"_acf_changed":false},"product_brand":[],"product_cat":[40,65],"product_tag":[],"class_list":{"0":"post-2412","1":"product","2":"type-product","3":"status-publish","4":"has-post-thumbnail","6":"product_cat-serite-civile","7":"product_cat-luna","9":"first","10":"instock","11":"shipping-taxable","12":"product-type-simple"},"acf":[],"_links":{"self":[{"href":"https:\/\/www.brikaelektrik.al\/al\/wp-json\/wp\/v2\/product\/2412","targetHints":{"allow":["GET"]}}],"collection":[{"href":"https:\/\/www.brikaelektrik.al\/al\/wp-json\/wp\/v2\/product"}],"about":[{"href":"https:\/\/www.brikaelektrik.al\/al\/wp-json\/wp\/v2\/types\/product"}],"replies":[{"embeddable":true,"href":"https:\/\/www.brikaelektrik.al\/al\/wp-json\/wp\/v2\/comments?post=2412"}],"wp:featuredmedia":[{"embeddable":true,"href":"https:\/\/www.brikaelektrik.al\/al\/wp-json\/wp\/v2\/media\/2414"}],"wp:attachment":[{"href":"https:\/\/www.brikaelektrik.al\/al\/wp-json\/wp\/v2\/media?parent=2412"}],"wp:term":[{"taxonomy":"product_brand","embeddable":true,"href":"https:\/\/www.brikaelektrik.al\/al\/wp-json\/wp\/v2\/product_brand?post=2412"},{"taxonomy":"product_cat","embeddable":true,"href":"https:\/\/www.brikaelektrik.al\/al\/wp-json\/wp\/v2\/product_cat?post=2412"},{"taxonomy":"product_tag","embeddable":true,"href":"https:\/\/www.brikaelektrik.al\/al\/wp-json\/wp\/v2\/product_tag?post=2412"}],"curies":[{"name":"wp","href":"https:\/\/api.w.org\/{rel}","templated":true}]}}