{"id":2415,"date":"2025-07-21T13:34:07","date_gmt":"2025-07-21T13:34:07","guid":{"rendered":"https:\/\/www.brikaelektrik.al\/?post_type=product&#038;p=2415"},"modified":"2025-07-21T13:34:07","modified_gmt":"2025-07-21T13:34:07","slug":"kuti-j-m-6p","status":"publish","type":"product","link":"https:\/\/www.brikaelektrik.al\/al\/produkt\/kuti-j-m-6p\/","title":{"rendered":"KUTI J\/M 6P"},"content":{"rendered":"<p>Seria: Luna<br data-start=\"186\" data-end=\"189\" \/>Lloji: Kuti montimi horizontale p\u00ebr 6 module (3+3)<br data-start=\"243\" data-end=\"246\" \/>Rryma Nominale: Jo e aplikueshme (produkt pasiv \u2013 kuti plastike)<br data-start=\"314\" data-end=\"317\" \/>Tensioni: Mb\u00ebshtet instalime me tension deri n\u00eb 250\u202fV AC p\u00ebr mekanizmat modular\u00eb t\u00eb seris\u00eb Luna\/LivingLight<br data-start=\"428\" data-end=\"431\" \/>Montimi: Sip\u00ebrfaq\u00ebsor (n\u00eb mur), p\u00ebr montim t\u00eb jasht\u00ebm<br data-start=\"488\" data-end=\"491\" \/>Ngjyra: Gri e hapur (RAL\u202f7047)<br data-start=\"525\" data-end=\"528\" \/>Mbrojtje: IP40 \u2013 mbrojtje ndaj pluhurit dhe grimcave &gt;\u202f1\u202fmm, pa mbrojtje ndaj ujit<br data-start=\"614\" data-end=\"617\" \/>Materiali: Termoplastik pa halogjen<br data-start=\"656\" data-end=\"659\" \/>Kapaciteti: 6 poste (3+3 module)<br data-start=\"695\" data-end=\"698\" \/>Dimensionet: 76mm (lart\u00ebsi) \u00d7\u202f138mm (gjer\u00ebsi) \u00d7\u202f55mm (thell\u00ebsi)<br data-start=\"768\" data-end=\"771\" \/><br data-start=\"793\" data-end=\"796\" \/><strong>P\u00ebrdorimi: E p\u00ebrshtatshme p\u00ebr mbrojtjen dhe montimin e elementeve modular\u00eb t\u00eb seris\u00eb Luna\/LivingLight n\u00eb ambiente ku nuk \u00ebsht\u00eb i mundur montimi i brendsh\u00ebm. <\/strong><br \/>\n<strong>Ofron nj\u00eb zgjidhje estetike dhe t\u00eb sigurt p\u00ebr sht\u00ebpi, zyra dhe ambiente komerciale.<\/strong><\/p>","protected":false},"excerpt":{"rendered":"<p>Seria: LunaLloji: Kuti montimi horizontale p\u00ebr 6 module (3+3)Rryma Nominale: Jo e aplikueshme (produkt pasiv \u2013 kuti plastike)Tensioni: Mb\u00ebshtet instalime me tension deri n\u00eb 250\u202fV AC p\u00ebr mekanizmat modular\u00eb t\u00eb seris\u00eb Luna\/LivingLightMontimi: Sip\u00ebrfaq\u00ebsor (n\u00eb mur), p\u00ebr montim t\u00eb jasht\u00ebmNgjyra: Gri e hapur (RAL\u202f7047)Mbrojtje: IP40 \u2013 mbrojtje ndaj pluhurit dhe grimcave &gt;\u202f1\u202fmm, pa mbrojtje ndaj ujitMateriali: [&hellip;]<\/p>","protected":false},"featured_media":2416,"comment_status":"open","ping_status":"closed","template":"","meta":{"_acf_changed":false},"product_brand":[],"product_cat":[40,65],"product_tag":[],"class_list":{"0":"post-2415","1":"product","2":"type-product","3":"status-publish","4":"has-post-thumbnail","6":"product_cat-serite-civile","7":"product_cat-luna","9":"first","10":"instock","11":"shipping-taxable","12":"product-type-simple"},"acf":[],"_links":{"self":[{"href":"https:\/\/www.brikaelektrik.al\/al\/wp-json\/wp\/v2\/product\/2415","targetHints":{"allow":["GET"]}}],"collection":[{"href":"https:\/\/www.brikaelektrik.al\/al\/wp-json\/wp\/v2\/product"}],"about":[{"href":"https:\/\/www.brikaelektrik.al\/al\/wp-json\/wp\/v2\/types\/product"}],"replies":[{"embeddable":true,"href":"https:\/\/www.brikaelektrik.al\/al\/wp-json\/wp\/v2\/comments?post=2415"}],"wp:featuredmedia":[{"embeddable":true,"href":"https:\/\/www.brikaelektrik.al\/al\/wp-json\/wp\/v2\/media\/2416"}],"wp:attachment":[{"href":"https:\/\/www.brikaelektrik.al\/al\/wp-json\/wp\/v2\/media?parent=2415"}],"wp:term":[{"taxonomy":"product_brand","embeddable":true,"href":"https:\/\/www.brikaelektrik.al\/al\/wp-json\/wp\/v2\/product_brand?post=2415"},{"taxonomy":"product_cat","embeddable":true,"href":"https:\/\/www.brikaelektrik.al\/al\/wp-json\/wp\/v2\/product_cat?post=2415"},{"taxonomy":"product_tag","embeddable":true,"href":"https:\/\/www.brikaelektrik.al\/al\/wp-json\/wp\/v2\/product_tag?post=2415"}],"curies":[{"name":"wp","href":"https:\/\/api.w.org\/{rel}","templated":true}]}}