{"id":2419,"date":"2025-07-21T13:42:39","date_gmt":"2025-07-21T13:42:39","guid":{"rendered":"https:\/\/www.brikaelektrik.al\/?post_type=product&#038;p=2419"},"modified":"2025-07-21T13:42:39","modified_gmt":"2025-07-21T13:42:39","slug":"kapak-suport-ip65-bm-3p","status":"publish","type":"product","link":"https:\/\/www.brikaelektrik.al\/al\/produkt\/kapak-suport-ip65-bm-3p\/","title":{"rendered":"KAPAK + SUPORT IP65 BM 3P"},"content":{"rendered":"<p data-start=\"86\" data-end=\"958\"><strong data-start=\"118\" data-end=\"128\">Lloji:<\/strong> Mbules\u00eb IP55 p\u00ebr kutin\u00eb standarde prej 3 module\u00a0<br data-start=\"193\" data-end=\"196\" \/><strong data-start=\"196\" data-end=\"211\">Kapaciteti:<\/strong> 3 module (3 poste)<br data-start=\"230\" data-end=\"233\" \/><strong data-start=\"374\" data-end=\"387\">Mbrojtje:<\/strong> IP65 \u2013 mbrojtje ndaj pluhurit (grimca &gt;\u202f1mm) dhe sp\u00ebrkatjes me uj\u00eb<br data-start=\"578\" data-end=\"581\" \/><strong data-start=\"581\" data-end=\"597\">Dimensionet:<\/strong> 98mm (lart\u00ebsi) \u00d7\u202f122mm (gjer\u00ebsi)<br data-start=\"715\" data-end=\"718\" \/><strong data-start=\"718\" data-end=\"732\">Materiali:<\/strong> Termoplastik pa halogjen<\/p>","protected":false},"excerpt":{"rendered":"<p>Lloji: Mbules\u00eb IP55 p\u00ebr kutin\u00eb standarde prej 3 module\u00a0Kapaciteti: 3 module (3 poste)Mbrojtje: IP65 \u2013 mbrojtje ndaj pluhurit (grimca &gt;\u202f1mm) dhe sp\u00ebrkatjes me uj\u00ebDimensionet: 98mm (lart\u00ebsi) \u00d7\u202f122mm (gjer\u00ebsi)Materiali: Termoplastik pa halogjen<\/p>","protected":false},"featured_media":2420,"comment_status":"open","ping_status":"closed","template":"","meta":{"_acf_changed":false},"product_brand":[],"product_cat":[40,65],"product_tag":[],"class_list":{"0":"post-2419","1":"product","2":"type-product","3":"status-publish","4":"has-post-thumbnail","6":"product_cat-serite-civile","7":"product_cat-luna","9":"first","10":"instock","11":"shipping-taxable","12":"product-type-simple"},"acf":[],"_links":{"self":[{"href":"https:\/\/www.brikaelektrik.al\/al\/wp-json\/wp\/v2\/product\/2419","targetHints":{"allow":["GET"]}}],"collection":[{"href":"https:\/\/www.brikaelektrik.al\/al\/wp-json\/wp\/v2\/product"}],"about":[{"href":"https:\/\/www.brikaelektrik.al\/al\/wp-json\/wp\/v2\/types\/product"}],"replies":[{"embeddable":true,"href":"https:\/\/www.brikaelektrik.al\/al\/wp-json\/wp\/v2\/comments?post=2419"}],"wp:featuredmedia":[{"embeddable":true,"href":"https:\/\/www.brikaelektrik.al\/al\/wp-json\/wp\/v2\/media\/2420"}],"wp:attachment":[{"href":"https:\/\/www.brikaelektrik.al\/al\/wp-json\/wp\/v2\/media?parent=2419"}],"wp:term":[{"taxonomy":"product_brand","embeddable":true,"href":"https:\/\/www.brikaelektrik.al\/al\/wp-json\/wp\/v2\/product_brand?post=2419"},{"taxonomy":"product_cat","embeddable":true,"href":"https:\/\/www.brikaelektrik.al\/al\/wp-json\/wp\/v2\/product_cat?post=2419"},{"taxonomy":"product_tag","embeddable":true,"href":"https:\/\/www.brikaelektrik.al\/al\/wp-json\/wp\/v2\/product_tag?post=2419"}],"curies":[{"name":"wp","href":"https:\/\/api.w.org\/{rel}","templated":true}]}}