{"id":2421,"date":"2025-07-21T13:49:44","date_gmt":"2025-07-21T13:49:44","guid":{"rendered":"https:\/\/www.brikaelektrik.al\/?post_type=product&#038;p=2421"},"modified":"2025-07-21T13:49:44","modified_gmt":"2025-07-21T13:49:44","slug":"kapak-4p-krem","status":"publish","type":"product","link":"https:\/\/www.brikaelektrik.al\/al\/produkt\/kapak-4p-krem\/","title":{"rendered":"KAPAK 4P KREM"},"content":{"rendered":"<p data-start=\"86\" data-end=\"463\">Seria: Luna<br data-start=\"124\" data-end=\"127\" \/>Lloji: Kapak dekorativ p\u00ebr 4 module (4P)<br data-start=\"172\" data-end=\"175\" \/>Montimi: Incaso (i ngulitur n\u00eb mur), horizontale<br data-start=\"268\" data-end=\"271\" \/>Materiali: Resin\u00eb termoplastike pa halogjen<br data-start=\"318\" data-end=\"321\" \/>Mbrojtje: IP20 \u2013 ofron mbrojtje ndaj pluhurit t\u00eb leht\u00eb dhe kontaktit aksidental <br data-start=\"442\" data-end=\"445\" \/>Dimensionet:<span class=\"OYPEnA font-feature-liga-off font-feature-clig-off font-feature-calt-off text-decoration-none text-strikethrough-none\"> 80mm (lart\u00ebsi) \u00d7 140.3mm (gjer\u00ebsi) \u00d7 10mm (thell\u00ebsi)<br \/>\n<\/span><br data-start=\"625\" data-end=\"628\" \/><strong>P\u00ebrdorimi: Dizajn i p\u00ebrshtatsh\u00ebm p\u00ebr sistemet incasso t\u00eb serive Luna\/LivingLight; mund t\u00eb p\u00ebrdoret p\u00ebr nd\u00ebrkombinime me priza, nd\u00ebrrues, data, etj. <\/strong><br \/>\n<strong>Dizajn modern, i p\u00ebrshtatsh\u00ebm p\u00ebr ambiente sht\u00ebpiake dhe komerciale.<\/strong><\/p>","protected":false},"excerpt":{"rendered":"<p>Seria: LunaLloji: Kapak dekorativ p\u00ebr 4 module (4P)Montimi: Incaso (i ngulitur n\u00eb mur), horizontaleMateriali: Resin\u00eb termoplastike pa halogjenMbrojtje: IP20 \u2013 ofron mbrojtje ndaj pluhurit t\u00eb leht\u00eb dhe kontaktit aksidental Dimensionet: 80mm (lart\u00ebsi) \u00d7 140.3mm (gjer\u00ebsi) \u00d7 10mm (thell\u00ebsi) P\u00ebrdorimi: Dizajn i p\u00ebrshtatsh\u00ebm p\u00ebr sistemet incasso t\u00eb serive Luna\/LivingLight; mund t\u00eb p\u00ebrdoret p\u00ebr nd\u00ebrkombinime me priza, [&hellip;]<\/p>","protected":false},"featured_media":2422,"comment_status":"open","ping_status":"closed","template":"","meta":{"_acf_changed":false},"product_brand":[],"product_cat":[40,65],"product_tag":[],"class_list":{"0":"post-2421","1":"product","2":"type-product","3":"status-publish","4":"has-post-thumbnail","6":"product_cat-serite-civile","7":"product_cat-luna","9":"first","10":"instock","11":"shipping-taxable","12":"product-type-simple"},"acf":[],"_links":{"self":[{"href":"https:\/\/www.brikaelektrik.al\/al\/wp-json\/wp\/v2\/product\/2421","targetHints":{"allow":["GET"]}}],"collection":[{"href":"https:\/\/www.brikaelektrik.al\/al\/wp-json\/wp\/v2\/product"}],"about":[{"href":"https:\/\/www.brikaelektrik.al\/al\/wp-json\/wp\/v2\/types\/product"}],"replies":[{"embeddable":true,"href":"https:\/\/www.brikaelektrik.al\/al\/wp-json\/wp\/v2\/comments?post=2421"}],"wp:featuredmedia":[{"embeddable":true,"href":"https:\/\/www.brikaelektrik.al\/al\/wp-json\/wp\/v2\/media\/2422"}],"wp:attachment":[{"href":"https:\/\/www.brikaelektrik.al\/al\/wp-json\/wp\/v2\/media?parent=2421"}],"wp:term":[{"taxonomy":"product_brand","embeddable":true,"href":"https:\/\/www.brikaelektrik.al\/al\/wp-json\/wp\/v2\/product_brand?post=2421"},{"taxonomy":"product_cat","embeddable":true,"href":"https:\/\/www.brikaelektrik.al\/al\/wp-json\/wp\/v2\/product_cat?post=2421"},{"taxonomy":"product_tag","embeddable":true,"href":"https:\/\/www.brikaelektrik.al\/al\/wp-json\/wp\/v2\/product_tag?post=2421"}],"curies":[{"name":"wp","href":"https:\/\/api.w.org\/{rel}","templated":true}]}}