{"id":2426,"date":"2025-07-22T08:02:52","date_gmt":"2025-07-22T08:02:52","guid":{"rendered":"https:\/\/www.brikaelektrik.al\/?post_type=product&#038;p=2426"},"modified":"2025-07-22T08:02:52","modified_gmt":"2025-07-22T08:02:52","slug":"bivalente-10-16a-gri","status":"publish","type":"product","link":"https:\/\/www.brikaelektrik.al\/al\/produkt\/bivalente-10-16a-gri\/","title":{"rendered":"BIVALENTE 10\/16A GRI"},"content":{"rendered":"<p>Seria: Axolute<br data-start=\"144\" data-end=\"147\" \/>Lloji: 2P+T<br data-start=\"162\" data-end=\"165\" \/>Rryma nominale: 10\/16A<br data-start=\"191\" data-end=\"194\" \/>Tensioni: 250V AC<br data-start=\"215\" data-end=\"218\" \/>Montimi: Mural<br data-start=\"236\" data-end=\"239\" \/>Ngjyra: Gri metalike (aluminium)<br data-start=\"275\" data-end=\"278\" \/>Mbrojtje: IP20, alveola t\u00eb mbrojtura (child safety)<br data-start=\"333\" data-end=\"336\" \/>Materiali: Termoplastik pa halogjen<br data-start=\"375\" data-end=\"378\" \/>Formati i priz\u00ebs: Standard italian bipasso\u00a0<br data-start=\"457\" data-end=\"460\" \/>P\u00ebrmasat: 45mm (lart\u00ebsi) \u00d7 22.5mm (gjer\u00ebsi) \u00d7 38.5mm (thell\u00ebsi)<\/p>","protected":false},"excerpt":{"rendered":"<p>Seria: AxoluteLloji: 2P+TRryma nominale: 10\/16ATensioni: 250V ACMontimi: MuralNgjyra: Gri metalike (aluminium)Mbrojtje: IP20, alveola t\u00eb mbrojtura (child safety)Materiali: Termoplastik pa halogjenFormati i priz\u00ebs: Standard italian bipasso\u00a0P\u00ebrmasat: 45mm (lart\u00ebsi) \u00d7 22.5mm (gjer\u00ebsi) \u00d7 38.5mm (thell\u00ebsi)<\/p>","protected":false},"featured_media":2424,"comment_status":"open","ping_status":"closed","template":"","meta":{"_acf_changed":false},"product_brand":[],"product_cat":[40,68],"product_tag":[],"class_list":{"0":"post-2426","1":"product","2":"type-product","3":"status-publish","4":"has-post-thumbnail","6":"product_cat-serite-civile","7":"product_cat-axolute","9":"first","10":"instock","11":"shipping-taxable","12":"product-type-simple"},"acf":[],"_links":{"self":[{"href":"https:\/\/www.brikaelektrik.al\/al\/wp-json\/wp\/v2\/product\/2426","targetHints":{"allow":["GET"]}}],"collection":[{"href":"https:\/\/www.brikaelektrik.al\/al\/wp-json\/wp\/v2\/product"}],"about":[{"href":"https:\/\/www.brikaelektrik.al\/al\/wp-json\/wp\/v2\/types\/product"}],"replies":[{"embeddable":true,"href":"https:\/\/www.brikaelektrik.al\/al\/wp-json\/wp\/v2\/comments?post=2426"}],"wp:featuredmedia":[{"embeddable":true,"href":"https:\/\/www.brikaelektrik.al\/al\/wp-json\/wp\/v2\/media\/2424"}],"wp:attachment":[{"href":"https:\/\/www.brikaelektrik.al\/al\/wp-json\/wp\/v2\/media?parent=2426"}],"wp:term":[{"taxonomy":"product_brand","embeddable":true,"href":"https:\/\/www.brikaelektrik.al\/al\/wp-json\/wp\/v2\/product_brand?post=2426"},{"taxonomy":"product_cat","embeddable":true,"href":"https:\/\/www.brikaelektrik.al\/al\/wp-json\/wp\/v2\/product_cat?post=2426"},{"taxonomy":"product_tag","embeddable":true,"href":"https:\/\/www.brikaelektrik.al\/al\/wp-json\/wp\/v2\/product_tag?post=2426"}],"curies":[{"name":"wp","href":"https:\/\/api.w.org\/{rel}","templated":true}]}}