{"id":2427,"date":"2025-07-22T08:17:52","date_gmt":"2025-07-22T08:17:52","guid":{"rendered":"https:\/\/www.brikaelektrik.al\/?post_type=product&#038;p=2427"},"modified":"2025-07-22T08:26:55","modified_gmt":"2025-07-22T08:26:55","slug":"bivalente-e-bardhe-16a","status":"publish","type":"product","link":"https:\/\/www.brikaelektrik.al\/al\/produkt\/bivalente-e-bardhe-16a\/","title":{"rendered":"BIVALENTE E BARDH\u00cb 16A"},"content":{"rendered":"<p>Seria: Axolute<br data-start=\"143\" data-end=\"146\" \/>Lloji: 2P+T<br data-start=\"161\" data-end=\"164\" \/>Rryma nominale: 10\/16A<br data-start=\"190\" data-end=\"193\" \/>Tensioni: 250V AC<br data-start=\"214\" data-end=\"217\" \/>Montimi: Mural<br data-start=\"235\" data-end=\"238\" \/>Ngjyra: E bardh\u00eb<br data-start=\"258\" data-end=\"261\" \/>Mbrojtje: IP20, alveola t\u00eb mbrojtura (child safety)<br data-start=\"316\" data-end=\"319\" \/>Materiali: Termoplastik pa halogjen<br data-start=\"358\" data-end=\"361\" \/>Formati i priz\u00ebs: Standard italian bipasso\u00a0<br data-start=\"440\" data-end=\"443\" \/>P\u00ebrmasat: 45mm (lart\u00ebsi) \u00d7 22.5mm (gjer\u00ebsi) \u00d7 38.5mm (thell\u00ebsi)<\/p>","protected":false},"excerpt":{"rendered":"<p>Seria: AxoluteLloji: 2P+TRryma nominale: 10\/16ATensioni: 250V ACMontimi: MuralNgjyra: E bardh\u00ebMbrojtje: IP20, alveola t\u00eb mbrojtura (child safety)Materiali: Termoplastik pa halogjenFormati i priz\u00ebs: Standard italian bipasso\u00a0P\u00ebrmasat: 45mm (lart\u00ebsi) \u00d7 22.5mm (gjer\u00ebsi) \u00d7 38.5mm (thell\u00ebsi)<\/p>","protected":false},"featured_media":2428,"comment_status":"open","ping_status":"closed","template":"","meta":{"_acf_changed":false},"product_brand":[],"product_cat":[40,68],"product_tag":[],"class_list":{"0":"post-2427","1":"product","2":"type-product","3":"status-publish","4":"has-post-thumbnail","6":"product_cat-serite-civile","7":"product_cat-axolute","9":"first","10":"instock","11":"shipping-taxable","12":"product-type-simple"},"acf":[],"_links":{"self":[{"href":"https:\/\/www.brikaelektrik.al\/al\/wp-json\/wp\/v2\/product\/2427","targetHints":{"allow":["GET"]}}],"collection":[{"href":"https:\/\/www.brikaelektrik.al\/al\/wp-json\/wp\/v2\/product"}],"about":[{"href":"https:\/\/www.brikaelektrik.al\/al\/wp-json\/wp\/v2\/types\/product"}],"replies":[{"embeddable":true,"href":"https:\/\/www.brikaelektrik.al\/al\/wp-json\/wp\/v2\/comments?post=2427"}],"wp:featuredmedia":[{"embeddable":true,"href":"https:\/\/www.brikaelektrik.al\/al\/wp-json\/wp\/v2\/media\/2428"}],"wp:attachment":[{"href":"https:\/\/www.brikaelektrik.al\/al\/wp-json\/wp\/v2\/media?parent=2427"}],"wp:term":[{"taxonomy":"product_brand","embeddable":true,"href":"https:\/\/www.brikaelektrik.al\/al\/wp-json\/wp\/v2\/product_brand?post=2427"},{"taxonomy":"product_cat","embeddable":true,"href":"https:\/\/www.brikaelektrik.al\/al\/wp-json\/wp\/v2\/product_cat?post=2427"},{"taxonomy":"product_tag","embeddable":true,"href":"https:\/\/www.brikaelektrik.al\/al\/wp-json\/wp\/v2\/product_tag?post=2427"}],"curies":[{"name":"wp","href":"https:\/\/api.w.org\/{rel}","templated":true}]}}