{"id":2429,"date":"2025-07-22T08:24:23","date_gmt":"2025-07-22T08:24:23","guid":{"rendered":"https:\/\/www.brikaelektrik.al\/?post_type=product&#038;p=2429"},"modified":"2025-07-22T08:45:35","modified_gmt":"2025-07-22T08:45:35","slug":"celes-bipolar-16a-gri","status":"publish","type":"product","link":"https:\/\/www.brikaelektrik.al\/al\/produkt\/celes-bipolar-16a-gri\/","title":{"rendered":"\u00c7EL\u00cbS BIPOLAR GRI 16A"},"content":{"rendered":"<p>Modeli: HC4002<br data-start=\"156\" data-end=\"159\" \/>Seria: Axolute<br data-start=\"177\" data-end=\"180\" \/>Lloji: 2P (dy pole)<br data-start=\"203\" data-end=\"206\" \/>Rryma nominale: 16A<br data-start=\"229\" data-end=\"232\" data-is-only-node=\"\" \/>Tensioni: 250V AC<br data-start=\"253\" data-end=\"256\" \/>Montimi: Mural<br data-start=\"274\" data-end=\"277\" \/>Ngjyra: Gri metalike\u00a0<br data-start=\"312\" data-end=\"315\" \/>Mbrojtje: IP20<br data-start=\"333\" data-end=\"336\" \/>Materiali: Termoplastik pa halogjen<br data-start=\"375\" data-end=\"378\" \/>Formati i priz\u00ebs: Standard italian bipasso\u00a0<br data-start=\"457\" data-end=\"460\" \/>P\u00ebrmasat: 45mm (lart\u00ebsi) \u00d7 22.5mm (gjer\u00ebsi) \u00d7 30mm (thell\u00ebsi)<\/p>","protected":false},"excerpt":{"rendered":"<p>Modeli: HC4002Seria: AxoluteLloji: 2P (dy pole)Rryma nominale: 16ATensioni: 250V ACMontimi: MuralNgjyra: Gri metalike\u00a0Mbrojtje: IP20Materiali: Termoplastik pa halogjenFormati i priz\u00ebs: Standard italian bipasso\u00a0P\u00ebrmasat: 45mm (lart\u00ebsi) \u00d7 22.5mm (gjer\u00ebsi) \u00d7 30mm (thell\u00ebsi)<\/p>","protected":false},"featured_media":2430,"comment_status":"open","ping_status":"closed","template":"","meta":{"_acf_changed":false},"product_brand":[],"product_cat":[40,68],"product_tag":[],"class_list":{"0":"post-2429","1":"product","2":"type-product","3":"status-publish","4":"has-post-thumbnail","6":"product_cat-serite-civile","7":"product_cat-axolute","9":"first","10":"instock","11":"shipping-taxable","12":"product-type-simple"},"acf":[],"_links":{"self":[{"href":"https:\/\/www.brikaelektrik.al\/al\/wp-json\/wp\/v2\/product\/2429","targetHints":{"allow":["GET"]}}],"collection":[{"href":"https:\/\/www.brikaelektrik.al\/al\/wp-json\/wp\/v2\/product"}],"about":[{"href":"https:\/\/www.brikaelektrik.al\/al\/wp-json\/wp\/v2\/types\/product"}],"replies":[{"embeddable":true,"href":"https:\/\/www.brikaelektrik.al\/al\/wp-json\/wp\/v2\/comments?post=2429"}],"wp:featuredmedia":[{"embeddable":true,"href":"https:\/\/www.brikaelektrik.al\/al\/wp-json\/wp\/v2\/media\/2430"}],"wp:attachment":[{"href":"https:\/\/www.brikaelektrik.al\/al\/wp-json\/wp\/v2\/media?parent=2429"}],"wp:term":[{"taxonomy":"product_brand","embeddable":true,"href":"https:\/\/www.brikaelektrik.al\/al\/wp-json\/wp\/v2\/product_brand?post=2429"},{"taxonomy":"product_cat","embeddable":true,"href":"https:\/\/www.brikaelektrik.al\/al\/wp-json\/wp\/v2\/product_cat?post=2429"},{"taxonomy":"product_tag","embeddable":true,"href":"https:\/\/www.brikaelektrik.al\/al\/wp-json\/wp\/v2\/product_tag?post=2429"}],"curies":[{"name":"wp","href":"https:\/\/api.w.org\/{rel}","templated":true}]}}