{"id":2431,"date":"2025-07-22T08:37:38","date_gmt":"2025-07-22T08:37:38","guid":{"rendered":"https:\/\/www.brikaelektrik.al\/?post_type=product&#038;p=2431"},"modified":"2025-07-22T08:37:38","modified_gmt":"2025-07-22T08:37:38","slug":"celes-bipolar-i-bardhe-16a","status":"publish","type":"product","link":"https:\/\/www.brikaelektrik.al\/al\/produkt\/celes-bipolar-i-bardhe-16a\/","title":{"rendered":"\u00c7EL\u00cbS BIPOLAR I BARDH\u00cb 16A"},"content":{"rendered":"<p>Seria: Axolute<br data-start=\"177\" data-end=\"180\" \/>Lloji: 2P (dy pole)<br data-start=\"203\" data-end=\"206\" \/>Rryma nominale: 16A<br data-start=\"229\" data-end=\"232\" \/>Tensioni: 250V AC<br data-start=\"253\" data-end=\"256\" \/>Montimi: Mural<br data-start=\"274\" data-end=\"277\" \/>Ngjyra: E bardh\u00eb\u00a0<br data-start=\"308\" data-end=\"311\" \/>Mbrojtje: IP20<br data-start=\"329\" data-end=\"332\" \/>Materiali: Termoplastik pa halogjen<br data-start=\"371\" data-end=\"374\" \/>Formati i priz\u00ebs: Standard italian bipasso\u00a0<br data-start=\"453\" data-end=\"456\" \/>P\u00ebrmasat: 45mm (lart\u00ebsi) \u00d7 22.5mm (gjer\u00ebsi) \u00d7 30mm (thell\u00ebsi)<\/p>","protected":false},"excerpt":{"rendered":"<p>Seria: AxoluteLloji: 2P (dy pole)Rryma nominale: 16ATensioni: 250V ACMontimi: MuralNgjyra: E bardh\u00eb\u00a0Mbrojtje: IP20Materiali: Termoplastik pa halogjenFormati i priz\u00ebs: Standard italian bipasso\u00a0P\u00ebrmasat: 45mm (lart\u00ebsi) \u00d7 22.5mm (gjer\u00ebsi) \u00d7 30mm (thell\u00ebsi)<\/p>","protected":false},"featured_media":2432,"comment_status":"open","ping_status":"closed","template":"","meta":{"_acf_changed":false},"product_brand":[],"product_cat":[40,68],"product_tag":[],"class_list":{"0":"post-2431","1":"product","2":"type-product","3":"status-publish","4":"has-post-thumbnail","6":"product_cat-serite-civile","7":"product_cat-axolute","9":"first","10":"instock","11":"shipping-taxable","12":"product-type-simple"},"acf":[],"_links":{"self":[{"href":"https:\/\/www.brikaelektrik.al\/al\/wp-json\/wp\/v2\/product\/2431","targetHints":{"allow":["GET"]}}],"collection":[{"href":"https:\/\/www.brikaelektrik.al\/al\/wp-json\/wp\/v2\/product"}],"about":[{"href":"https:\/\/www.brikaelektrik.al\/al\/wp-json\/wp\/v2\/types\/product"}],"replies":[{"embeddable":true,"href":"https:\/\/www.brikaelektrik.al\/al\/wp-json\/wp\/v2\/comments?post=2431"}],"wp:featuredmedia":[{"embeddable":true,"href":"https:\/\/www.brikaelektrik.al\/al\/wp-json\/wp\/v2\/media\/2432"}],"wp:attachment":[{"href":"https:\/\/www.brikaelektrik.al\/al\/wp-json\/wp\/v2\/media?parent=2431"}],"wp:term":[{"taxonomy":"product_brand","embeddable":true,"href":"https:\/\/www.brikaelektrik.al\/al\/wp-json\/wp\/v2\/product_brand?post=2431"},{"taxonomy":"product_cat","embeddable":true,"href":"https:\/\/www.brikaelektrik.al\/al\/wp-json\/wp\/v2\/product_cat?post=2431"},{"taxonomy":"product_tag","embeddable":true,"href":"https:\/\/www.brikaelektrik.al\/al\/wp-json\/wp\/v2\/product_tag?post=2431"}],"curies":[{"name":"wp","href":"https:\/\/api.w.org\/{rel}","templated":true}]}}