{"id":2433,"date":"2025-07-22T08:44:53","date_gmt":"2025-07-22T08:44:53","guid":{"rendered":"https:\/\/www.brikaelektrik.al\/?post_type=product&#038;p=2433"},"modified":"2025-07-22T08:44:53","modified_gmt":"2025-07-22T08:44:53","slug":"celes-bipolar-i-erret","status":"publish","type":"product","link":"https:\/\/www.brikaelektrik.al\/al\/produkt\/celes-bipolar-i-erret\/","title":{"rendered":"\u00c7EL\u00cbS BIPOLAR I ERR\u00cbT"},"content":{"rendered":"<p>Seria: Axolute<br data-start=\"137\" data-end=\"140\" \/>Lloji: 2P (dy pole)<br data-start=\"163\" data-end=\"166\" \/>Rryma nominale: 16A<br data-start=\"189\" data-end=\"192\" \/>Tensioni: 250V AC<br data-start=\"213\" data-end=\"216\" \/>Montimi: Mural<br data-start=\"234\" data-end=\"237\" \/>Ngjyra: Gri metalike\u00a0<br data-start=\"272\" data-end=\"275\" \/>Mbrojtje: IP20<br data-start=\"293\" data-end=\"296\" \/>Materiali: Termoplastik pa halogjen<br data-start=\"335\" data-end=\"338\" \/>Formati i priz\u00ebs: Standard italian bipasso\u00a0<br data-start=\"417\" data-end=\"420\" \/>P\u00ebrmasat: 45mm (lart\u00ebsi) \u00d7 22.5mm (gjer\u00ebsi) \u00d7 30mm (thell\u00ebsi)<\/p>","protected":false},"excerpt":{"rendered":"<p>Seria: AxoluteLloji: 2P (dy pole)Rryma nominale: 16ATensioni: 250V ACMontimi: MuralNgjyra: Gri metalike\u00a0Mbrojtje: IP20Materiali: Termoplastik pa halogjenFormati i priz\u00ebs: Standard italian bipasso\u00a0P\u00ebrmasat: 45mm (lart\u00ebsi) \u00d7 22.5mm (gjer\u00ebsi) \u00d7 30mm (thell\u00ebsi)<\/p>","protected":false},"featured_media":2434,"comment_status":"open","ping_status":"closed","template":"","meta":{"_acf_changed":false},"product_brand":[],"product_cat":[40,68],"product_tag":[],"class_list":{"0":"post-2433","1":"product","2":"type-product","3":"status-publish","4":"has-post-thumbnail","6":"product_cat-serite-civile","7":"product_cat-axolute","9":"first","10":"instock","11":"shipping-taxable","12":"product-type-simple"},"acf":[],"_links":{"self":[{"href":"https:\/\/www.brikaelektrik.al\/al\/wp-json\/wp\/v2\/product\/2433","targetHints":{"allow":["GET"]}}],"collection":[{"href":"https:\/\/www.brikaelektrik.al\/al\/wp-json\/wp\/v2\/product"}],"about":[{"href":"https:\/\/www.brikaelektrik.al\/al\/wp-json\/wp\/v2\/types\/product"}],"replies":[{"embeddable":true,"href":"https:\/\/www.brikaelektrik.al\/al\/wp-json\/wp\/v2\/comments?post=2433"}],"wp:featuredmedia":[{"embeddable":true,"href":"https:\/\/www.brikaelektrik.al\/al\/wp-json\/wp\/v2\/media\/2434"}],"wp:attachment":[{"href":"https:\/\/www.brikaelektrik.al\/al\/wp-json\/wp\/v2\/media?parent=2433"}],"wp:term":[{"taxonomy":"product_brand","embeddable":true,"href":"https:\/\/www.brikaelektrik.al\/al\/wp-json\/wp\/v2\/product_brand?post=2433"},{"taxonomy":"product_cat","embeddable":true,"href":"https:\/\/www.brikaelektrik.al\/al\/wp-json\/wp\/v2\/product_cat?post=2433"},{"taxonomy":"product_tag","embeddable":true,"href":"https:\/\/www.brikaelektrik.al\/al\/wp-json\/wp\/v2\/product_tag?post=2433"}],"curies":[{"name":"wp","href":"https:\/\/api.w.org\/{rel}","templated":true}]}}