{"id":2439,"date":"2025-07-22T08:59:13","date_gmt":"2025-07-22T08:59:13","guid":{"rendered":"https:\/\/www.brikaelektrik.al\/?post_type=product&#038;p=2439"},"modified":"2025-07-22T08:59:13","modified_gmt":"2025-07-22T08:59:13","slug":"celes-i-thjeshte-gri-1p-16a","status":"publish","type":"product","link":"https:\/\/www.brikaelektrik.al\/al\/produkt\/celes-i-thjeshte-gri-1p-16a\/","title":{"rendered":"\u00c7EL\u00cbS I THJESHT\u00cb GRI 1P 16A"},"content":{"rendered":"<p>Seria: Axolute<br data-start=\"172\" data-end=\"175\" \/>Lloji: 1P (komutator axial me rikthim automatik)<br data-start=\"227\" data-end=\"230\" \/>Rryma nominale: 10AX<br data-start=\"254\" data-end=\"257\" \/>Tensioni: 250V AC<br data-start=\"278\" data-end=\"281\" \/>Montimi: Mural<br data-start=\"299\" data-end=\"302\" \/>Ngjyra: Gri metalike (Tech)<br data-start=\"333\" data-end=\"336\" \/>Mbrojtje: IP20<br data-start=\"354\" data-end=\"357\" \/>Materiali: Termoplastik pa halogjen<br data-start=\"396\" data-end=\"399\" \/>Formati i komand\u00ebs: Buton axial rikthyes (me kthim automatik)<br data-start=\"464\" data-end=\"467\" \/>P\u00ebrmasat: 45mm (lart\u00ebsi) \u00d7 22.5mm (gjer\u00ebsi) \u00d7 22.9mm (thell\u00ebsi)<\/p>","protected":false},"excerpt":{"rendered":"<p>Seria: AxoluteLloji: 1P (komutator axial me rikthim automatik)Rryma nominale: 10AXTensioni: 250V ACMontimi: MuralNgjyra: Gri metalike (Tech)Mbrojtje: IP20Materiali: Termoplastik pa halogjenFormati i komand\u00ebs: Buton axial rikthyes (me kthim automatik)P\u00ebrmasat: 45mm (lart\u00ebsi) \u00d7 22.5mm (gjer\u00ebsi) \u00d7 22.9mm (thell\u00ebsi)<\/p>","protected":false},"featured_media":2440,"comment_status":"open","ping_status":"closed","template":"","meta":{"_acf_changed":false},"product_brand":[],"product_cat":[40,68],"product_tag":[],"class_list":{"0":"post-2439","1":"product","2":"type-product","3":"status-publish","4":"has-post-thumbnail","6":"product_cat-serite-civile","7":"product_cat-axolute","9":"first","10":"instock","11":"shipping-taxable","12":"product-type-simple"},"acf":[],"_links":{"self":[{"href":"https:\/\/www.brikaelektrik.al\/al\/wp-json\/wp\/v2\/product\/2439","targetHints":{"allow":["GET"]}}],"collection":[{"href":"https:\/\/www.brikaelektrik.al\/al\/wp-json\/wp\/v2\/product"}],"about":[{"href":"https:\/\/www.brikaelektrik.al\/al\/wp-json\/wp\/v2\/types\/product"}],"replies":[{"embeddable":true,"href":"https:\/\/www.brikaelektrik.al\/al\/wp-json\/wp\/v2\/comments?post=2439"}],"wp:featuredmedia":[{"embeddable":true,"href":"https:\/\/www.brikaelektrik.al\/al\/wp-json\/wp\/v2\/media\/2440"}],"wp:attachment":[{"href":"https:\/\/www.brikaelektrik.al\/al\/wp-json\/wp\/v2\/media?parent=2439"}],"wp:term":[{"taxonomy":"product_brand","embeddable":true,"href":"https:\/\/www.brikaelektrik.al\/al\/wp-json\/wp\/v2\/product_brand?post=2439"},{"taxonomy":"product_cat","embeddable":true,"href":"https:\/\/www.brikaelektrik.al\/al\/wp-json\/wp\/v2\/product_cat?post=2439"},{"taxonomy":"product_tag","embeddable":true,"href":"https:\/\/www.brikaelektrik.al\/al\/wp-json\/wp\/v2\/product_tag?post=2439"}],"curies":[{"name":"wp","href":"https:\/\/api.w.org\/{rel}","templated":true}]}}