{"id":2441,"date":"2025-07-22T09:06:55","date_gmt":"2025-07-22T09:06:55","guid":{"rendered":"https:\/\/www.brikaelektrik.al\/?post_type=product&#038;p=2441"},"modified":"2025-07-22T09:06:55","modified_gmt":"2025-07-22T09:06:55","slug":"celes-i-thjeshte-i-bardhe-1p-10a","status":"publish","type":"product","link":"https:\/\/www.brikaelektrik.al\/al\/produkt\/celes-i-thjeshte-i-bardhe-1p-10a\/","title":{"rendered":"\u00c7EL\u00cbS I THJESHT\u00cb I BARDH\u00cb 1P 10A"},"content":{"rendered":"<p>Seria: Axolute<br data-start=\"170\" data-end=\"173\" \/>Lloji: 1P (komutator axial me rikthim automatik)<br data-start=\"225\" data-end=\"228\" \/>Rryma nominale: 10AX<br data-start=\"252\" data-end=\"255\" \/>Tensioni: 250V AC<br data-start=\"276\" data-end=\"279\" \/>Montimi: Mural<br data-start=\"297\" data-end=\"300\" \/>Ngjyra: E bardh\u00eb<br data-start=\"320\" data-end=\"323\" \/>Mbrojtje: IP20<br data-start=\"341\" data-end=\"344\" \/>Materiali: Termoplastik pa halogjen<br data-start=\"383\" data-end=\"386\" \/>Formati i komand\u00ebs: Buton axial rikthyes (me kthim automatik)<br data-start=\"451\" data-end=\"454\" \/>P\u00ebrmasat: 45mm (lart\u00ebsi) \u00d7 22.5mm (gjer\u00ebsi) \u00d7 22.9mm (thell\u00ebsi)<\/p>","protected":false},"excerpt":{"rendered":"<p>Seria: AxoluteLloji: 1P (komutator axial me rikthim automatik)Rryma nominale: 10AXTensioni: 250V ACMontimi: MuralNgjyra: E bardh\u00ebMbrojtje: IP20Materiali: Termoplastik pa halogjenFormati i komand\u00ebs: Buton axial rikthyes (me kthim automatik)P\u00ebrmasat: 45mm (lart\u00ebsi) \u00d7 22.5mm (gjer\u00ebsi) \u00d7 22.9mm (thell\u00ebsi)<\/p>","protected":false},"featured_media":2442,"comment_status":"open","ping_status":"closed","template":"","meta":{"_acf_changed":false},"product_brand":[],"product_cat":[40,68],"product_tag":[],"class_list":{"0":"post-2441","1":"product","2":"type-product","3":"status-publish","4":"has-post-thumbnail","6":"product_cat-serite-civile","7":"product_cat-axolute","9":"first","10":"instock","11":"shipping-taxable","12":"product-type-simple"},"acf":[],"_links":{"self":[{"href":"https:\/\/www.brikaelektrik.al\/al\/wp-json\/wp\/v2\/product\/2441","targetHints":{"allow":["GET"]}}],"collection":[{"href":"https:\/\/www.brikaelektrik.al\/al\/wp-json\/wp\/v2\/product"}],"about":[{"href":"https:\/\/www.brikaelektrik.al\/al\/wp-json\/wp\/v2\/types\/product"}],"replies":[{"embeddable":true,"href":"https:\/\/www.brikaelektrik.al\/al\/wp-json\/wp\/v2\/comments?post=2441"}],"wp:featuredmedia":[{"embeddable":true,"href":"https:\/\/www.brikaelektrik.al\/al\/wp-json\/wp\/v2\/media\/2442"}],"wp:attachment":[{"href":"https:\/\/www.brikaelektrik.al\/al\/wp-json\/wp\/v2\/media?parent=2441"}],"wp:term":[{"taxonomy":"product_brand","embeddable":true,"href":"https:\/\/www.brikaelektrik.al\/al\/wp-json\/wp\/v2\/product_brand?post=2441"},{"taxonomy":"product_cat","embeddable":true,"href":"https:\/\/www.brikaelektrik.al\/al\/wp-json\/wp\/v2\/product_cat?post=2441"},{"taxonomy":"product_tag","embeddable":true,"href":"https:\/\/www.brikaelektrik.al\/al\/wp-json\/wp\/v2\/product_tag?post=2441"}],"curies":[{"name":"wp","href":"https:\/\/api.w.org\/{rel}","templated":true}]}}