{"id":2443,"date":"2025-07-22T09:11:16","date_gmt":"2025-07-22T09:11:16","guid":{"rendered":"https:\/\/www.brikaelektrik.al\/?post_type=product&#038;p=2443"},"modified":"2025-07-22T09:11:16","modified_gmt":"2025-07-22T09:11:16","slug":"celes-qepeni-2-pozicione-1-0-2-gri","status":"publish","type":"product","link":"https:\/\/www.brikaelektrik.al\/al\/produkt\/celes-qepeni-2-pozicione-1-0-2-gri\/","title":{"rendered":"\u00c7EL\u00cbS QEPENI 2 POZICIONE 1-0-2 GRI"},"content":{"rendered":"<p>Seria: Axolute<br data-start=\"187\" data-end=\"190\" \/>Lloji: Komutator 1-0-2 p\u00ebr kontroll motorik (p.sh. p\u00ebr grila ose perde elektrike)<br data-start=\"275\" data-end=\"278\" \/>Rryma nominale: 16A<br data-start=\"301\" data-end=\"304\" \/>Tensioni: 250V AC<br data-start=\"325\" data-end=\"328\" \/>Montimi: Mural<br data-start=\"346\" data-end=\"349\" \/>Ngjyra: Gri teknologjik (Tech)<br data-start=\"383\" data-end=\"386\" \/>Mbrojtje: IP20<br data-start=\"404\" data-end=\"407\" \/>Materiali: Termoplastik pa halogjen<br data-start=\"446\" data-end=\"449\" \/>Formati i komand\u00ebs: Dy butona me bllokim mekanik (interlock), p\u00ebr komand\u00eb ngritje\/zbritje<br data-start=\"542\" data-end=\"545\" \/>P\u00ebrmasat: 45mm (lart\u00ebsi) \u00d7 22.5mm (gjer\u00ebsi) \u00d7 42mm (thell\u00ebsi)<\/p>","protected":false},"excerpt":{"rendered":"<p>Seria: AxoluteLloji: Komutator 1-0-2 p\u00ebr kontroll motorik (p.sh. p\u00ebr grila ose perde elektrike)Rryma nominale: 16ATensioni: 250V ACMontimi: MuralNgjyra: Gri teknologjik (Tech)Mbrojtje: IP20Materiali: Termoplastik pa halogjenFormati i komand\u00ebs: Dy butona me bllokim mekanik (interlock), p\u00ebr komand\u00eb ngritje\/zbritjeP\u00ebrmasat: 45mm (lart\u00ebsi) \u00d7 22.5mm (gjer\u00ebsi) \u00d7 42mm (thell\u00ebsi)<\/p>","protected":false},"featured_media":2444,"comment_status":"open","ping_status":"closed","template":"","meta":{"_acf_changed":false},"product_brand":[],"product_cat":[40,68],"product_tag":[],"class_list":{"0":"post-2443","1":"product","2":"type-product","3":"status-publish","4":"has-post-thumbnail","6":"product_cat-serite-civile","7":"product_cat-axolute","9":"first","10":"instock","11":"shipping-taxable","12":"product-type-simple"},"acf":[],"_links":{"self":[{"href":"https:\/\/www.brikaelektrik.al\/al\/wp-json\/wp\/v2\/product\/2443","targetHints":{"allow":["GET"]}}],"collection":[{"href":"https:\/\/www.brikaelektrik.al\/al\/wp-json\/wp\/v2\/product"}],"about":[{"href":"https:\/\/www.brikaelektrik.al\/al\/wp-json\/wp\/v2\/types\/product"}],"replies":[{"embeddable":true,"href":"https:\/\/www.brikaelektrik.al\/al\/wp-json\/wp\/v2\/comments?post=2443"}],"wp:featuredmedia":[{"embeddable":true,"href":"https:\/\/www.brikaelektrik.al\/al\/wp-json\/wp\/v2\/media\/2444"}],"wp:attachment":[{"href":"https:\/\/www.brikaelektrik.al\/al\/wp-json\/wp\/v2\/media?parent=2443"}],"wp:term":[{"taxonomy":"product_brand","embeddable":true,"href":"https:\/\/www.brikaelektrik.al\/al\/wp-json\/wp\/v2\/product_brand?post=2443"},{"taxonomy":"product_cat","embeddable":true,"href":"https:\/\/www.brikaelektrik.al\/al\/wp-json\/wp\/v2\/product_cat?post=2443"},{"taxonomy":"product_tag","embeddable":true,"href":"https:\/\/www.brikaelektrik.al\/al\/wp-json\/wp\/v2\/product_tag?post=2443"}],"curies":[{"name":"wp","href":"https:\/\/api.w.org\/{rel}","templated":true}]}}