{"id":2445,"date":"2025-07-22T09:43:37","date_gmt":"2025-07-22T09:43:37","guid":{"rendered":"https:\/\/www.brikaelektrik.al\/?post_type=product&#038;p=2445"},"modified":"2025-07-22T09:43:37","modified_gmt":"2025-07-22T09:43:37","slug":"deviat-antracite-1p-10a","status":"publish","type":"product","link":"https:\/\/www.brikaelektrik.al\/al\/produkt\/deviat-antracite-1p-10a\/","title":{"rendered":"DEVIAT ANTRACITE 1P 10A"},"content":{"rendered":"<p>Seria: Axolute<br data-start=\"110\" data-end=\"113\" \/>Lloji: Deviator axial 1P<br data-start=\"141\" data-end=\"144\" \/>Rryma nominale: 10 AX<br data-start=\"169\" data-end=\"172\" \/>Tensioni: 250 V AC<br data-start=\"194\" data-end=\"197\" \/>Montimi: Mural (incasso)<br data-start=\"225\" data-end=\"228\" \/>Ngjyra: Antracit<br data-start=\"248\" data-end=\"251\" \/>Mbrojtje: IP20<br data-start=\"269\" data-end=\"272\" \/>Materiali: Termoplastik pa halogjen<br data-start=\"311\" data-end=\"314\" \/>Formati i komand\u00ebs: Deviator me rikthim (1 poli), p\u00ebr kontroll dritash nga dy vende<br data-start=\"401\" data-end=\"404\" \/>P\u00ebrmasat: 45mm (lart\u00ebsi) \u00d7 22.5mm (gjer\u00ebsi) \u00d7 22.9mm (thell\u00ebsi)<\/p>","protected":false},"excerpt":{"rendered":"<p>Seria: AxoluteLloji: Deviator axial 1PRryma nominale: 10 AXTensioni: 250 V ACMontimi: Mural (incasso)Ngjyra: AntracitMbrojtje: IP20Materiali: Termoplastik pa halogjenFormati i komand\u00ebs: Deviator me rikthim (1 poli), p\u00ebr kontroll dritash nga dy vendeP\u00ebrmasat: 45mm (lart\u00ebsi) \u00d7 22.5mm (gjer\u00ebsi) \u00d7 22.9mm (thell\u00ebsi)<\/p>","protected":false},"featured_media":2446,"comment_status":"open","ping_status":"closed","template":"","meta":{"_acf_changed":false},"product_brand":[],"product_cat":[40,68],"product_tag":[],"class_list":{"0":"post-2445","1":"product","2":"type-product","3":"status-publish","4":"has-post-thumbnail","6":"product_cat-serite-civile","7":"product_cat-axolute","9":"first","10":"instock","11":"shipping-taxable","12":"product-type-simple"},"acf":[],"_links":{"self":[{"href":"https:\/\/www.brikaelektrik.al\/al\/wp-json\/wp\/v2\/product\/2445","targetHints":{"allow":["GET"]}}],"collection":[{"href":"https:\/\/www.brikaelektrik.al\/al\/wp-json\/wp\/v2\/product"}],"about":[{"href":"https:\/\/www.brikaelektrik.al\/al\/wp-json\/wp\/v2\/types\/product"}],"replies":[{"embeddable":true,"href":"https:\/\/www.brikaelektrik.al\/al\/wp-json\/wp\/v2\/comments?post=2445"}],"wp:featuredmedia":[{"embeddable":true,"href":"https:\/\/www.brikaelektrik.al\/al\/wp-json\/wp\/v2\/media\/2446"}],"wp:attachment":[{"href":"https:\/\/www.brikaelektrik.al\/al\/wp-json\/wp\/v2\/media?parent=2445"}],"wp:term":[{"taxonomy":"product_brand","embeddable":true,"href":"https:\/\/www.brikaelektrik.al\/al\/wp-json\/wp\/v2\/product_brand?post=2445"},{"taxonomy":"product_cat","embeddable":true,"href":"https:\/\/www.brikaelektrik.al\/al\/wp-json\/wp\/v2\/product_cat?post=2445"},{"taxonomy":"product_tag","embeddable":true,"href":"https:\/\/www.brikaelektrik.al\/al\/wp-json\/wp\/v2\/product_tag?post=2445"}],"curies":[{"name":"wp","href":"https:\/\/api.w.org\/{rel}","templated":true}]}}