{"id":2448,"date":"2025-07-22T09:51:46","date_gmt":"2025-07-22T09:51:46","guid":{"rendered":"https:\/\/www.brikaelektrik.al\/?post_type=product&#038;p=2448"},"modified":"2025-07-22T09:51:46","modified_gmt":"2025-07-22T09:51:46","slug":"deviator-gri-1p-16a","status":"publish","type":"product","link":"https:\/\/www.brikaelektrik.al\/al\/produkt\/deviator-gri-1p-16a\/","title":{"rendered":"DEVIATOR GRI 1P 16A"},"content":{"rendered":"<p>Seria: Axolute<br data-start=\"142\" data-end=\"145\" \/>Lloji: Deviator axial 1P<br data-start=\"173\" data-end=\"176\" \/>Rryma nominale: 10 AX<br data-start=\"201\" data-end=\"204\" \/>Tensioni: 250 V AC<br data-start=\"226\" data-end=\"229\" \/>Montimi: Mural (incasso)<br data-start=\"257\" data-end=\"260\" \/>Ngjyra: Gri teknologjik<br data-start=\"287\" data-end=\"290\" \/>Mbrojtje: IP20<br data-start=\"308\" data-end=\"311\" \/>Materiali: Termoplastik pa halogjen<br data-start=\"350\" data-end=\"353\" \/>Formati i komand\u00ebs: Deviator me rikthim (1 poli), p\u00ebr kontroll dritash nga dy vende<br data-start=\"440\" data-end=\"443\" \/>P\u00ebrmasat: 45mm (lart\u00ebsi) \u00d7 22.5mm (gjer\u00ebsi) \u00d7 22.9mm (thell\u00ebsi)<\/p>","protected":false},"excerpt":{"rendered":"<p>Seria: AxoluteLloji: Deviator axial 1PRryma nominale: 10 AXTensioni: 250 V ACMontimi: Mural (incasso)Ngjyra: Gri teknologjikMbrojtje: IP20Materiali: Termoplastik pa halogjenFormati i komand\u00ebs: Deviator me rikthim (1 poli), p\u00ebr kontroll dritash nga dy vendeP\u00ebrmasat: 45mm (lart\u00ebsi) \u00d7 22.5mm (gjer\u00ebsi) \u00d7 22.9mm (thell\u00ebsi)<\/p>","protected":false},"featured_media":2449,"comment_status":"open","ping_status":"closed","template":"","meta":{"_acf_changed":false},"product_brand":[],"product_cat":[40,68],"product_tag":[],"class_list":{"0":"post-2448","1":"product","2":"type-product","3":"status-publish","4":"has-post-thumbnail","6":"product_cat-serite-civile","7":"product_cat-axolute","9":"first","10":"instock","11":"shipping-taxable","12":"product-type-simple"},"acf":[],"_links":{"self":[{"href":"https:\/\/www.brikaelektrik.al\/al\/wp-json\/wp\/v2\/product\/2448","targetHints":{"allow":["GET"]}}],"collection":[{"href":"https:\/\/www.brikaelektrik.al\/al\/wp-json\/wp\/v2\/product"}],"about":[{"href":"https:\/\/www.brikaelektrik.al\/al\/wp-json\/wp\/v2\/types\/product"}],"replies":[{"embeddable":true,"href":"https:\/\/www.brikaelektrik.al\/al\/wp-json\/wp\/v2\/comments?post=2448"}],"wp:featuredmedia":[{"embeddable":true,"href":"https:\/\/www.brikaelektrik.al\/al\/wp-json\/wp\/v2\/media\/2449"}],"wp:attachment":[{"href":"https:\/\/www.brikaelektrik.al\/al\/wp-json\/wp\/v2\/media?parent=2448"}],"wp:term":[{"taxonomy":"product_brand","embeddable":true,"href":"https:\/\/www.brikaelektrik.al\/al\/wp-json\/wp\/v2\/product_brand?post=2448"},{"taxonomy":"product_cat","embeddable":true,"href":"https:\/\/www.brikaelektrik.al\/al\/wp-json\/wp\/v2\/product_cat?post=2448"},{"taxonomy":"product_tag","embeddable":true,"href":"https:\/\/www.brikaelektrik.al\/al\/wp-json\/wp\/v2\/product_tag?post=2448"}],"curies":[{"name":"wp","href":"https:\/\/api.w.org\/{rel}","templated":true}]}}