{"id":2450,"date":"2025-07-22T10:23:29","date_gmt":"2025-07-22T10:23:29","guid":{"rendered":"https:\/\/www.brikaelektrik.al\/?post_type=product&#038;p=2450"},"modified":"2025-07-22T10:23:29","modified_gmt":"2025-07-22T10:23:29","slug":"invertitor-gri-16a","status":"publish","type":"product","link":"https:\/\/www.brikaelektrik.al\/al\/produkt\/invertitor-gri-16a\/","title":{"rendered":"INVERTITOR GRI 16A"},"content":{"rendered":"<p>Seria: Axolute<br data-start=\"83\" data-end=\"86\" \/>Lloji: Deviator\/changeover switch 1P<br data-start=\"126\" data-end=\"129\" \/>Rryma nominale: 16A<br data-start=\"190\" data-end=\"193\" \/>Tensioni: 250V\u202fAC<br data-start=\"252\" data-end=\"255\" \/>Montimi: Mural (incasso), 1 modul\u00a0<br data-start=\"330\" data-end=\"333\" \/>Ngjyra: Gri teknologjik (Tech) \u2013 p\u00ebrfundim alumini\u00a0<br data-start=\"436\" data-end=\"439\" \/>Mbrojtje: IP20<br data-start=\"495\" data-end=\"498\" \/>Materiali: Termoplastik pa halogjen<br data-start=\"575\" data-end=\"578\" \/>Formati i komand\u00ebs: Buton axial invertues 1\u20110\u20112 me terminale me vida (intermediate switch), i p\u00ebrshtatsh\u00ebm p\u00ebr kontroll nga 3 pika ose m\u00eb shum\u00eb\u00a0<br data-start=\"763\" data-end=\"766\" \/>P\u00ebrmasat: 45mm \u00d7 22.5mm \u00d7 34mm (thell\u00ebsi totale instalimi)<\/p>","protected":false},"excerpt":{"rendered":"<p>Seria: AxoluteLloji: Deviator\/changeover switch 1PRryma nominale: 16ATensioni: 250V\u202fACMontimi: Mural (incasso), 1 modul\u00a0Ngjyra: Gri teknologjik (Tech) \u2013 p\u00ebrfundim alumini\u00a0Mbrojtje: IP20Materiali: Termoplastik pa halogjenFormati i komand\u00ebs: Buton axial invertues 1\u20110\u20112 me terminale me vida (intermediate switch), i p\u00ebrshtatsh\u00ebm p\u00ebr kontroll nga 3 pika ose m\u00eb shum\u00eb\u00a0P\u00ebrmasat: 45mm \u00d7 22.5mm \u00d7 34mm (thell\u00ebsi totale instalimi)<\/p>","protected":false},"featured_media":2451,"comment_status":"open","ping_status":"closed","template":"","meta":{"_acf_changed":false},"product_brand":[],"product_cat":[40,68],"product_tag":[],"class_list":{"0":"post-2450","1":"product","2":"type-product","3":"status-publish","4":"has-post-thumbnail","6":"product_cat-serite-civile","7":"product_cat-axolute","9":"first","10":"instock","11":"shipping-taxable","12":"product-type-simple"},"acf":[],"_links":{"self":[{"href":"https:\/\/www.brikaelektrik.al\/al\/wp-json\/wp\/v2\/product\/2450","targetHints":{"allow":["GET"]}}],"collection":[{"href":"https:\/\/www.brikaelektrik.al\/al\/wp-json\/wp\/v2\/product"}],"about":[{"href":"https:\/\/www.brikaelektrik.al\/al\/wp-json\/wp\/v2\/types\/product"}],"replies":[{"embeddable":true,"href":"https:\/\/www.brikaelektrik.al\/al\/wp-json\/wp\/v2\/comments?post=2450"}],"wp:featuredmedia":[{"embeddable":true,"href":"https:\/\/www.brikaelektrik.al\/al\/wp-json\/wp\/v2\/media\/2451"}],"wp:attachment":[{"href":"https:\/\/www.brikaelektrik.al\/al\/wp-json\/wp\/v2\/media?parent=2450"}],"wp:term":[{"taxonomy":"product_brand","embeddable":true,"href":"https:\/\/www.brikaelektrik.al\/al\/wp-json\/wp\/v2\/product_brand?post=2450"},{"taxonomy":"product_cat","embeddable":true,"href":"https:\/\/www.brikaelektrik.al\/al\/wp-json\/wp\/v2\/product_cat?post=2450"},{"taxonomy":"product_tag","embeddable":true,"href":"https:\/\/www.brikaelektrik.al\/al\/wp-json\/wp\/v2\/product_tag?post=2450"}],"curies":[{"name":"wp","href":"https:\/\/api.w.org\/{rel}","templated":true}]}}