{"id":2452,"date":"2025-07-22T10:51:44","date_gmt":"2025-07-22T10:51:44","guid":{"rendered":"https:\/\/www.brikaelektrik.al\/?post_type=product&#038;p=2452"},"modified":"2025-07-22T10:51:44","modified_gmt":"2025-07-22T10:51:44","slug":"invertitor-i-erret-16a","status":"publish","type":"product","link":"https:\/\/www.brikaelektrik.al\/al\/produkt\/invertitor-i-erret-16a\/","title":{"rendered":"INVERTITOR I ERR\u00cbT 16A"},"content":{"rendered":"<p data-start=\"111\" data-end=\"590\">Seria: Axolute<br data-start=\"150\" data-end=\"153\" \/>Lloji: Invertues axial 1P (komand\u00eb nd\u00ebrmjet\u00ebse p\u00ebr ndri\u00e7im nga 3 ose m\u00eb shum\u00eb pika)<br data-start=\"240\" data-end=\"243\" \/>Rryma nominale: 16A<br data-start=\"266\" data-end=\"269\" \/>Tensioni: 250V AC<br data-start=\"290\" data-end=\"293\" \/>Montimi: Mural (incasso), 1 modul<br data-start=\"330\" data-end=\"333\" \/>Ngjyra: Antracit<br data-start=\"353\" data-end=\"356\" \/>Mbrojtje: IP20<br data-start=\"374\" data-end=\"377\" \/>Materiali: Termoplastik pa halogjen<br data-start=\"416\" data-end=\"419\" \/>Formati i komand\u00ebs: Buton axial invertues (1-0-2), p\u00ebr sistem ndri\u00e7imi me nd\u00ebrprerje nd\u00ebrmjet\u00ebse<br data-start=\"519\" data-end=\"522\" \/>P\u00ebrmasat: 45mm (lart\u00ebsi) \u00d7 22.5mm (gjer\u00ebsi) \u00d7 34mm (thell\u00ebsi)<\/p>","protected":false},"excerpt":{"rendered":"<p>Seria: AxoluteLloji: Invertues axial 1P (komand\u00eb nd\u00ebrmjet\u00ebse p\u00ebr ndri\u00e7im nga 3 ose m\u00eb shum\u00eb pika)Rryma nominale: 16ATensioni: 250V ACMontimi: Mural (incasso), 1 modulNgjyra: AntracitMbrojtje: IP20Materiali: Termoplastik pa halogjenFormati i komand\u00ebs: Buton axial invertues (1-0-2), p\u00ebr sistem ndri\u00e7imi me nd\u00ebrprerje nd\u00ebrmjet\u00ebseP\u00ebrmasat: 45mm (lart\u00ebsi) \u00d7 22.5mm (gjer\u00ebsi) \u00d7 34mm (thell\u00ebsi)<\/p>","protected":false},"featured_media":2453,"comment_status":"open","ping_status":"closed","template":"","meta":{"_acf_changed":false},"product_brand":[],"product_cat":[40,68],"product_tag":[],"class_list":{"0":"post-2452","1":"product","2":"type-product","3":"status-publish","4":"has-post-thumbnail","6":"product_cat-serite-civile","7":"product_cat-axolute","9":"first","10":"instock","11":"shipping-taxable","12":"product-type-simple"},"acf":[],"_links":{"self":[{"href":"https:\/\/www.brikaelektrik.al\/al\/wp-json\/wp\/v2\/product\/2452","targetHints":{"allow":["GET"]}}],"collection":[{"href":"https:\/\/www.brikaelektrik.al\/al\/wp-json\/wp\/v2\/product"}],"about":[{"href":"https:\/\/www.brikaelektrik.al\/al\/wp-json\/wp\/v2\/types\/product"}],"replies":[{"embeddable":true,"href":"https:\/\/www.brikaelektrik.al\/al\/wp-json\/wp\/v2\/comments?post=2452"}],"wp:featuredmedia":[{"embeddable":true,"href":"https:\/\/www.brikaelektrik.al\/al\/wp-json\/wp\/v2\/media\/2453"}],"wp:attachment":[{"href":"https:\/\/www.brikaelektrik.al\/al\/wp-json\/wp\/v2\/media?parent=2452"}],"wp:term":[{"taxonomy":"product_brand","embeddable":true,"href":"https:\/\/www.brikaelektrik.al\/al\/wp-json\/wp\/v2\/product_brand?post=2452"},{"taxonomy":"product_cat","embeddable":true,"href":"https:\/\/www.brikaelektrik.al\/al\/wp-json\/wp\/v2\/product_cat?post=2452"},{"taxonomy":"product_tag","embeddable":true,"href":"https:\/\/www.brikaelektrik.al\/al\/wp-json\/wp\/v2\/product_tag?post=2452"}],"curies":[{"name":"wp","href":"https:\/\/api.w.org\/{rel}","templated":true}]}}