{"id":2454,"date":"2025-07-22T10:56:21","date_gmt":"2025-07-22T10:56:21","guid":{"rendered":"https:\/\/www.brikaelektrik.al\/?post_type=product&#038;p=2454"},"modified":"2025-07-22T10:56:21","modified_gmt":"2025-07-22T10:56:21","slug":"invertitor-i-bardhe-16a","status":"publish","type":"product","link":"https:\/\/www.brikaelektrik.al\/al\/produkt\/invertitor-i-bardhe-16a\/","title":{"rendered":"INVERTITOR I BARDH\u00cb 16A"},"content":{"rendered":"<p>Seria: Axolute<br data-start=\"137\" data-end=\"140\" \/>Lloji: Invertues axial 1P (komand\u00eb nd\u00ebrmjet\u00ebse p\u00ebr ndri\u00e7im nga 3 ose m\u00eb shum\u00eb pika)<br data-start=\"227\" data-end=\"230\" \/>Rryma nominale: 16A<br data-start=\"253\" data-end=\"256\" \/>Tensioni: 250V AC<br data-start=\"277\" data-end=\"280\" \/>Montimi: Mural (incasso), 1 modul<br data-start=\"317\" data-end=\"320\" \/>Ngjyra: E bardh\u00eb<br data-start=\"340\" data-end=\"343\" \/>Mbrojtje: IP20<br data-start=\"361\" data-end=\"364\" \/>Materiali: Termoplastik pa halogjen<br data-start=\"403\" data-end=\"406\" \/>Formati i komand\u00ebs: Buton axial invertues (1-0-2), p\u00ebr sistem ndri\u00e7imi me nd\u00ebrprerje nd\u00ebrmjet\u00ebse<br data-start=\"506\" data-end=\"509\" \/>P\u00ebrmasat: 45mm (lart\u00ebsi) \u00d7 22.5mm (gjer\u00ebsi) \u00d7 34mm (thell\u00ebsi)<\/p>","protected":false},"excerpt":{"rendered":"<p>Seria: AxoluteLloji: Invertues axial 1P (komand\u00eb nd\u00ebrmjet\u00ebse p\u00ebr ndri\u00e7im nga 3 ose m\u00eb shum\u00eb pika)Rryma nominale: 16ATensioni: 250V ACMontimi: Mural (incasso), 1 modulNgjyra: E bardh\u00ebMbrojtje: IP20Materiali: Termoplastik pa halogjenFormati i komand\u00ebs: Buton axial invertues (1-0-2), p\u00ebr sistem ndri\u00e7imi me nd\u00ebrprerje nd\u00ebrmjet\u00ebseP\u00ebrmasat: 45mm (lart\u00ebsi) \u00d7 22.5mm (gjer\u00ebsi) \u00d7 34mm (thell\u00ebsi)<\/p>","protected":false},"featured_media":2455,"comment_status":"open","ping_status":"closed","template":"","meta":{"_acf_changed":false},"product_brand":[],"product_cat":[40,68],"product_tag":[],"class_list":{"0":"post-2454","1":"product","2":"type-product","3":"status-publish","4":"has-post-thumbnail","6":"product_cat-serite-civile","7":"product_cat-axolute","9":"first","10":"instock","11":"shipping-taxable","12":"product-type-simple"},"acf":[],"_links":{"self":[{"href":"https:\/\/www.brikaelektrik.al\/al\/wp-json\/wp\/v2\/product\/2454","targetHints":{"allow":["GET"]}}],"collection":[{"href":"https:\/\/www.brikaelektrik.al\/al\/wp-json\/wp\/v2\/product"}],"about":[{"href":"https:\/\/www.brikaelektrik.al\/al\/wp-json\/wp\/v2\/types\/product"}],"replies":[{"embeddable":true,"href":"https:\/\/www.brikaelektrik.al\/al\/wp-json\/wp\/v2\/comments?post=2454"}],"wp:featuredmedia":[{"embeddable":true,"href":"https:\/\/www.brikaelektrik.al\/al\/wp-json\/wp\/v2\/media\/2455"}],"wp:attachment":[{"href":"https:\/\/www.brikaelektrik.al\/al\/wp-json\/wp\/v2\/media?parent=2454"}],"wp:term":[{"taxonomy":"product_brand","embeddable":true,"href":"https:\/\/www.brikaelektrik.al\/al\/wp-json\/wp\/v2\/product_brand?post=2454"},{"taxonomy":"product_cat","embeddable":true,"href":"https:\/\/www.brikaelektrik.al\/al\/wp-json\/wp\/v2\/product_cat?post=2454"},{"taxonomy":"product_tag","embeddable":true,"href":"https:\/\/www.brikaelektrik.al\/al\/wp-json\/wp\/v2\/product_tag?post=2454"}],"curies":[{"name":"wp","href":"https:\/\/api.w.org\/{rel}","templated":true}]}}