{"id":2456,"date":"2025-07-22T11:11:49","date_gmt":"2025-07-22T11:11:49","guid":{"rendered":"https:\/\/www.brikaelektrik.al\/?post_type=product&#038;p=2456"},"modified":"2025-07-22T11:11:49","modified_gmt":"2025-07-22T11:11:49","slug":"kapak-alumin-3p","status":"publish","type":"product","link":"https:\/\/www.brikaelektrik.al\/al\/produkt\/kapak-alumin-3p\/","title":{"rendered":"KAPAK ALUMIN 3P"},"content":{"rendered":"<p>Seria: Axolute<br data-start=\"165\" data-end=\"168\" \/>Montimi: Mural incasso (mbules\u00eb embeddable p\u00ebr 3 modula)<br data-start=\"228\" data-end=\"231\" \/>Ngjyra: Alluminio satinated (alumini i qet\u00eb \/ i l\u00ebmuar)<br data-start=\"290\" data-end=\"293\" \/>Mbrojtje: IP20<br data-start=\"311\" data-end=\"314\" \/>Materiali: Metal (alumini, pa halogjen)<br data-start=\"357\" data-end=\"360\" \/>Formati i komand\u00ebs: Mbules\u00eb dekorative p\u00ebr tuf\u00eb modulare 3 me montim horizontal<br data-start=\"443\" data-end=\"446\" \/>P\u00ebrmasat: 93mm (lart\u00ebsi) \u00d7 126mm (gjer\u00ebsi) \u00d7 9.2mm (thell\u00ebsi)<\/p>","protected":false},"excerpt":{"rendered":"<p>Seria: AxoluteMontimi: Mural incasso (mbules\u00eb embeddable p\u00ebr 3 modula)Ngjyra: Alluminio satinated (alumini i qet\u00eb \/ i l\u00ebmuar)Mbrojtje: IP20Materiali: Metal (alumini, pa halogjen)Formati i komand\u00ebs: Mbules\u00eb dekorative p\u00ebr tuf\u00eb modulare 3 me montim horizontalP\u00ebrmasat: 93mm (lart\u00ebsi) \u00d7 126mm (gjer\u00ebsi) \u00d7 9.2mm (thell\u00ebsi)<\/p>","protected":false},"featured_media":2457,"comment_status":"open","ping_status":"closed","template":"","meta":{"_acf_changed":false},"product_brand":[],"product_cat":[40,68],"product_tag":[],"class_list":{"0":"post-2456","1":"product","2":"type-product","3":"status-publish","4":"has-post-thumbnail","6":"product_cat-serite-civile","7":"product_cat-axolute","9":"first","10":"instock","11":"shipping-taxable","12":"product-type-simple"},"acf":[],"_links":{"self":[{"href":"https:\/\/www.brikaelektrik.al\/al\/wp-json\/wp\/v2\/product\/2456","targetHints":{"allow":["GET"]}}],"collection":[{"href":"https:\/\/www.brikaelektrik.al\/al\/wp-json\/wp\/v2\/product"}],"about":[{"href":"https:\/\/www.brikaelektrik.al\/al\/wp-json\/wp\/v2\/types\/product"}],"replies":[{"embeddable":true,"href":"https:\/\/www.brikaelektrik.al\/al\/wp-json\/wp\/v2\/comments?post=2456"}],"wp:featuredmedia":[{"embeddable":true,"href":"https:\/\/www.brikaelektrik.al\/al\/wp-json\/wp\/v2\/media\/2457"}],"wp:attachment":[{"href":"https:\/\/www.brikaelektrik.al\/al\/wp-json\/wp\/v2\/media?parent=2456"}],"wp:term":[{"taxonomy":"product_brand","embeddable":true,"href":"https:\/\/www.brikaelektrik.al\/al\/wp-json\/wp\/v2\/product_brand?post=2456"},{"taxonomy":"product_cat","embeddable":true,"href":"https:\/\/www.brikaelektrik.al\/al\/wp-json\/wp\/v2\/product_cat?post=2456"},{"taxonomy":"product_tag","embeddable":true,"href":"https:\/\/www.brikaelektrik.al\/al\/wp-json\/wp\/v2\/product_tag?post=2456"}],"curies":[{"name":"wp","href":"https:\/\/api.w.org\/{rel}","templated":true}]}}