{"id":2458,"date":"2025-07-22T11:15:29","date_gmt":"2025-07-22T11:15:29","guid":{"rendered":"https:\/\/www.brikaelektrik.al\/?post_type=product&#038;p=2458"},"modified":"2025-07-22T11:15:29","modified_gmt":"2025-07-22T11:15:29","slug":"kapak-antracite-3p","status":"publish","type":"product","link":"https:\/\/www.brikaelektrik.al\/al\/produkt\/kapak-antracite-3p\/","title":{"rendered":"KAPAK ANTRACITE 3P"},"content":{"rendered":"<p>Seria: Axolute<br data-start=\"170\" data-end=\"173\" \/>Montimi: Mural incasso (mbules\u00eb p\u00ebr 3 modula horizontale)<br data-start=\"272\" data-end=\"275\" \/>Ngjyra: Antracit (monochrome)<br data-start=\"308\" data-end=\"311\" \/>Mbrojtje: IP20<br data-start=\"367\" data-end=\"370\" \/>Materiali: Metal (alumini pa halogjen)<br data-start=\"450\" data-end=\"453\" \/>Formati i komand\u00ebs: Mbules\u00eb dekorative p\u00ebr rrjet\u00eb modulare 3 me montim horizontal<br data-start=\"538\" data-end=\"541\" \/>P\u00ebrmasat: 95mm (lart\u00ebsi) \u00d7 127mm (gjer\u00ebsi) \u00d7 6.3mm (thell\u00ebsi)<br data-start=\"647\" data-end=\"650\" \/>Numri i moduleve: 3<\/p>","protected":false},"excerpt":{"rendered":"<p>Seria: AxoluteMontimi: Mural incasso (mbules\u00eb p\u00ebr 3 modula horizontale)Ngjyra: Antracit (monochrome)Mbrojtje: IP20Materiali: Metal (alumini pa halogjen)Formati i komand\u00ebs: Mbules\u00eb dekorative p\u00ebr rrjet\u00eb modulare 3 me montim horizontalP\u00ebrmasat: 95mm (lart\u00ebsi) \u00d7 127mm (gjer\u00ebsi) \u00d7 6.3mm (thell\u00ebsi)Numri i moduleve: 3<\/p>","protected":false},"featured_media":2459,"comment_status":"open","ping_status":"closed","template":"","meta":{"_acf_changed":false},"product_brand":[],"product_cat":[40,68],"product_tag":[],"class_list":{"0":"post-2458","1":"product","2":"type-product","3":"status-publish","4":"has-post-thumbnail","6":"product_cat-serite-civile","7":"product_cat-axolute","9":"first","10":"instock","11":"shipping-taxable","12":"product-type-simple"},"acf":[],"_links":{"self":[{"href":"https:\/\/www.brikaelektrik.al\/al\/wp-json\/wp\/v2\/product\/2458","targetHints":{"allow":["GET"]}}],"collection":[{"href":"https:\/\/www.brikaelektrik.al\/al\/wp-json\/wp\/v2\/product"}],"about":[{"href":"https:\/\/www.brikaelektrik.al\/al\/wp-json\/wp\/v2\/types\/product"}],"replies":[{"embeddable":true,"href":"https:\/\/www.brikaelektrik.al\/al\/wp-json\/wp\/v2\/comments?post=2458"}],"wp:featuredmedia":[{"embeddable":true,"href":"https:\/\/www.brikaelektrik.al\/al\/wp-json\/wp\/v2\/media\/2459"}],"wp:attachment":[{"href":"https:\/\/www.brikaelektrik.al\/al\/wp-json\/wp\/v2\/media?parent=2458"}],"wp:term":[{"taxonomy":"product_brand","embeddable":true,"href":"https:\/\/www.brikaelektrik.al\/al\/wp-json\/wp\/v2\/product_brand?post=2458"},{"taxonomy":"product_cat","embeddable":true,"href":"https:\/\/www.brikaelektrik.al\/al\/wp-json\/wp\/v2\/product_cat?post=2458"},{"taxonomy":"product_tag","embeddable":true,"href":"https:\/\/www.brikaelektrik.al\/al\/wp-json\/wp\/v2\/product_tag?post=2458"}],"curies":[{"name":"wp","href":"https:\/\/api.w.org\/{rel}","templated":true}]}}