{"id":2461,"date":"2025-07-22T12:16:47","date_gmt":"2025-07-22T12:16:47","guid":{"rendered":"https:\/\/www.brikaelektrik.al\/?post_type=product&#038;p=2461"},"modified":"2025-07-22T12:16:48","modified_gmt":"2025-07-22T12:16:48","slug":"kapak-antracite-3p-2","status":"publish","type":"product","link":"https:\/\/www.brikaelektrik.al\/al\/produkt\/kapak-antracite-3p-2\/","title":{"rendered":"KAPAK ANTRACITE 3P"},"content":{"rendered":"<p>Seria: Axolute<br data-start=\"85\" data-end=\"88\" \/>Lloji: Mbules\u00eb rektangulare 3\u2011moduli<br data-start=\"170\" data-end=\"173\" \/>Montimi: Mural incasso (horizontal)<br data-start=\"212\" data-end=\"215\" \/>Ngjyra: Antracit (antracite brushed)<br data-start=\"255\" data-end=\"258\" \/>Mbrojtje: IP20<br data-start=\"276\" data-end=\"279\" \/>Materiali: Metal (pa halogjen)<br data-start=\"313\" data-end=\"316\" \/>Formati i komand\u00ebs: Mbules\u00eb dekorative p\u00ebr rrjet\u00eb modulare 3 modula horizontale<br data-start=\"399\" data-end=\"402\" \/>P\u00ebrmasat: 95mm (lart\u00ebsi) \u00d7 127mm (gjer\u00ebsi) \u00d7 9.2mm (thell\u00ebsi)<\/p>","protected":false},"excerpt":{"rendered":"<p>Seria: AxoluteLloji: Mbules\u00eb rektangulare 3\u2011moduliMontimi: Mural incasso (horizontal)Ngjyra: Antracit (antracite brushed)Mbrojtje: IP20Materiali: Metal (pa halogjen)Formati i komand\u00ebs: Mbules\u00eb dekorative p\u00ebr rrjet\u00eb modulare 3 modula horizontaleP\u00ebrmasat: 95mm (lart\u00ebsi) \u00d7 127mm (gjer\u00ebsi) \u00d7 9.2mm (thell\u00ebsi)<\/p>","protected":false},"featured_media":2462,"comment_status":"open","ping_status":"closed","template":"","meta":{"_acf_changed":false},"product_brand":[],"product_cat":[40,68],"product_tag":[],"class_list":{"0":"post-2461","1":"product","2":"type-product","3":"status-publish","4":"has-post-thumbnail","6":"product_cat-serite-civile","7":"product_cat-axolute","9":"first","10":"instock","11":"shipping-taxable","12":"product-type-simple"},"acf":[],"_links":{"self":[{"href":"https:\/\/www.brikaelektrik.al\/al\/wp-json\/wp\/v2\/product\/2461","targetHints":{"allow":["GET"]}}],"collection":[{"href":"https:\/\/www.brikaelektrik.al\/al\/wp-json\/wp\/v2\/product"}],"about":[{"href":"https:\/\/www.brikaelektrik.al\/al\/wp-json\/wp\/v2\/types\/product"}],"replies":[{"embeddable":true,"href":"https:\/\/www.brikaelektrik.al\/al\/wp-json\/wp\/v2\/comments?post=2461"}],"wp:featuredmedia":[{"embeddable":true,"href":"https:\/\/www.brikaelektrik.al\/al\/wp-json\/wp\/v2\/media\/2462"}],"wp:attachment":[{"href":"https:\/\/www.brikaelektrik.al\/al\/wp-json\/wp\/v2\/media?parent=2461"}],"wp:term":[{"taxonomy":"product_brand","embeddable":true,"href":"https:\/\/www.brikaelektrik.al\/al\/wp-json\/wp\/v2\/product_brand?post=2461"},{"taxonomy":"product_cat","embeddable":true,"href":"https:\/\/www.brikaelektrik.al\/al\/wp-json\/wp\/v2\/product_cat?post=2461"},{"taxonomy":"product_tag","embeddable":true,"href":"https:\/\/www.brikaelektrik.al\/al\/wp-json\/wp\/v2\/product_tag?post=2461"}],"curies":[{"name":"wp","href":"https:\/\/api.w.org\/{rel}","templated":true}]}}