{"id":2463,"date":"2025-07-22T12:19:43","date_gmt":"2025-07-22T12:19:43","guid":{"rendered":"https:\/\/www.brikaelektrik.al\/?post_type=product&#038;p=2463"},"modified":"2025-07-22T12:19:43","modified_gmt":"2025-07-22T12:19:43","slug":"kapak-argjend-3p","status":"publish","type":"product","link":"https:\/\/www.brikaelektrik.al\/al\/produkt\/kapak-argjend-3p\/","title":{"rendered":"KAPAK ARGJEND 3P"},"content":{"rendered":"<p>Seria: Axolute<br data-start=\"86\" data-end=\"89\" \/>Lloji: Mbules\u00eb rektangulare 3\u2011moduli<br data-start=\"171\" data-end=\"174\" \/>Montimi: Mural (incasso), p\u00ebr montim horizontal n\u00eb struktur\u00eb 3 moduli\u00a0<br data-start=\"285\" data-end=\"288\" \/>Ngjyra: Argjendi satinado (Plata satinado)\u00a0<br data-start=\"372\" data-end=\"375\" \/>Mbrojtje: IP20<br data-start=\"431\" data-end=\"434\" \/>Materiali: Metal (alumini, pa halogjen), anodizuar\/oxiduar, sip\u00ebrfaqe mat\u00a0<br data-start=\"549\" data-end=\"552\" \/>Formati i komand\u00ebs: Mbules\u00eb dekorative p\u00ebr rrjet\u00eb modulare 3 modula horizontale (p.sh. p\u00ebr prit\u00ebse butonash\/prizash)<br data-start=\"710\" data-end=\"713\" \/>P\u00ebrmasat: 95\u201395.6 mm (lart\u00ebsi) \u00d7 126\u2013127 mm (gjer\u00ebsi) \u00d7 8.3\u20139.2 mm (thell\u00ebsi)<\/p>","protected":false},"excerpt":{"rendered":"<p>Seria: AxoluteLloji: Mbules\u00eb rektangulare 3\u2011moduliMontimi: Mural (incasso), p\u00ebr montim horizontal n\u00eb struktur\u00eb 3 moduli\u00a0Ngjyra: Argjendi satinado (Plata satinado)\u00a0Mbrojtje: IP20Materiali: Metal (alumini, pa halogjen), anodizuar\/oxiduar, sip\u00ebrfaqe mat\u00a0Formati i komand\u00ebs: Mbules\u00eb dekorative p\u00ebr rrjet\u00eb modulare 3 modula horizontale (p.sh. p\u00ebr prit\u00ebse butonash\/prizash)P\u00ebrmasat: 95\u201395.6 mm (lart\u00ebsi) \u00d7 126\u2013127 mm (gjer\u00ebsi) \u00d7 8.3\u20139.2 mm (thell\u00ebsi)<\/p>","protected":false},"featured_media":2464,"comment_status":"open","ping_status":"closed","template":"","meta":{"_acf_changed":false},"product_brand":[],"product_cat":[40,68],"product_tag":[],"class_list":{"0":"post-2463","1":"product","2":"type-product","3":"status-publish","4":"has-post-thumbnail","6":"product_cat-serite-civile","7":"product_cat-axolute","9":"first","10":"instock","11":"shipping-taxable","12":"product-type-simple"},"acf":[],"_links":{"self":[{"href":"https:\/\/www.brikaelektrik.al\/al\/wp-json\/wp\/v2\/product\/2463","targetHints":{"allow":["GET"]}}],"collection":[{"href":"https:\/\/www.brikaelektrik.al\/al\/wp-json\/wp\/v2\/product"}],"about":[{"href":"https:\/\/www.brikaelektrik.al\/al\/wp-json\/wp\/v2\/types\/product"}],"replies":[{"embeddable":true,"href":"https:\/\/www.brikaelektrik.al\/al\/wp-json\/wp\/v2\/comments?post=2463"}],"wp:featuredmedia":[{"embeddable":true,"href":"https:\/\/www.brikaelektrik.al\/al\/wp-json\/wp\/v2\/media\/2464"}],"wp:attachment":[{"href":"https:\/\/www.brikaelektrik.al\/al\/wp-json\/wp\/v2\/media?parent=2463"}],"wp:term":[{"taxonomy":"product_brand","embeddable":true,"href":"https:\/\/www.brikaelektrik.al\/al\/wp-json\/wp\/v2\/product_brand?post=2463"},{"taxonomy":"product_cat","embeddable":true,"href":"https:\/\/www.brikaelektrik.al\/al\/wp-json\/wp\/v2\/product_cat?post=2463"},{"taxonomy":"product_tag","embeddable":true,"href":"https:\/\/www.brikaelektrik.al\/al\/wp-json\/wp\/v2\/product_tag?post=2463"}],"curies":[{"name":"wp","href":"https:\/\/api.w.org\/{rel}","templated":true}]}}