{"id":2465,"date":"2025-07-22T12:25:20","date_gmt":"2025-07-22T12:25:20","guid":{"rendered":"https:\/\/www.brikaelektrik.al\/?post_type=product&#038;p=2465"},"modified":"2025-07-22T12:25:20","modified_gmt":"2025-07-22T12:25:20","slug":"kapak-avorio-liquid-3p","status":"publish","type":"product","link":"https:\/\/www.brikaelektrik.al\/al\/produkt\/kapak-avorio-liquid-3p\/","title":{"rendered":"KAPAK AVORIO LIQUID 3P"},"content":{"rendered":"<p>Seria: Axolute<br data-start=\"85\" data-end=\"88\" \/>Lloji: Mbules\u00eb ellittike 3\u2011moduli<br data-start=\"167\" data-end=\"170\" \/>Montimi: Mural incasso (horizontal), p\u00ebr 3 modula<br data-start=\"225\" data-end=\"228\" \/>Ngjyra: Ivory liquid\u00a0<br data-start=\"268\" data-end=\"271\" \/>Mbrojtje: IP20<br data-start=\"289\" data-end=\"292\" \/>Materiali: Technopolymer (pa halogjen)<br data-start=\"334\" data-end=\"337\" \/>Formati i komand\u00ebs: Mbules\u00eb dekorative p\u00ebr rrjet\u00eb modulare 3 modula\u00a0<br data-start=\"427\" data-end=\"430\" \/>P\u00ebrmasat: 93mm (lart\u00ebsi) \u00d7 126mm (gjer\u00ebsi) \u00d7 9.2mm (thell\u00ebsi)<\/p>","protected":false},"excerpt":{"rendered":"<p>Seria: AxoluteLloji: Mbules\u00eb ellittike 3\u2011moduliMontimi: Mural incasso (horizontal), p\u00ebr 3 modulaNgjyra: Ivory liquid\u00a0Mbrojtje: IP20Materiali: Technopolymer (pa halogjen)Formati i komand\u00ebs: Mbules\u00eb dekorative p\u00ebr rrjet\u00eb modulare 3 modula\u00a0P\u00ebrmasat: 93mm (lart\u00ebsi) \u00d7 126mm (gjer\u00ebsi) \u00d7 9.2mm (thell\u00ebsi)<\/p>","protected":false},"featured_media":2466,"comment_status":"open","ping_status":"closed","template":"","meta":{"_acf_changed":false},"product_brand":[],"product_cat":[40,68],"product_tag":[],"class_list":{"0":"post-2465","1":"product","2":"type-product","3":"status-publish","4":"has-post-thumbnail","6":"product_cat-serite-civile","7":"product_cat-axolute","9":"first","10":"instock","11":"shipping-taxable","12":"product-type-simple"},"acf":[],"_links":{"self":[{"href":"https:\/\/www.brikaelektrik.al\/al\/wp-json\/wp\/v2\/product\/2465","targetHints":{"allow":["GET"]}}],"collection":[{"href":"https:\/\/www.brikaelektrik.al\/al\/wp-json\/wp\/v2\/product"}],"about":[{"href":"https:\/\/www.brikaelektrik.al\/al\/wp-json\/wp\/v2\/types\/product"}],"replies":[{"embeddable":true,"href":"https:\/\/www.brikaelektrik.al\/al\/wp-json\/wp\/v2\/comments?post=2465"}],"wp:featuredmedia":[{"embeddable":true,"href":"https:\/\/www.brikaelektrik.al\/al\/wp-json\/wp\/v2\/media\/2466"}],"wp:attachment":[{"href":"https:\/\/www.brikaelektrik.al\/al\/wp-json\/wp\/v2\/media?parent=2465"}],"wp:term":[{"taxonomy":"product_brand","embeddable":true,"href":"https:\/\/www.brikaelektrik.al\/al\/wp-json\/wp\/v2\/product_brand?post=2465"},{"taxonomy":"product_cat","embeddable":true,"href":"https:\/\/www.brikaelektrik.al\/al\/wp-json\/wp\/v2\/product_cat?post=2465"},{"taxonomy":"product_tag","embeddable":true,"href":"https:\/\/www.brikaelektrik.al\/al\/wp-json\/wp\/v2\/product_tag?post=2465"}],"curies":[{"name":"wp","href":"https:\/\/api.w.org\/{rel}","templated":true}]}}