{"id":2467,"date":"2025-07-22T12:33:07","date_gmt":"2025-07-22T12:33:07","guid":{"rendered":"https:\/\/www.brikaelektrik.al\/?post_type=product&#038;p=2467"},"modified":"2025-07-22T12:33:07","modified_gmt":"2025-07-22T12:33:07","slug":"kapak-bronz-3p","status":"publish","type":"product","link":"https:\/\/www.brikaelektrik.al\/al\/produkt\/kapak-bronz-3p\/","title":{"rendered":"KAPAK BRONZ 3P"},"content":{"rendered":"<p>Seria: Axolute<br data-start=\"234\" data-end=\"237\" \/>Montimi: Mural incasso (horizontal), p\u00ebr 3 modula<br data-start=\"292\" data-end=\"295\" \/>Ngjyra: Ivory liquid<br data-start=\"336\" data-end=\"339\" \/>Mbrojtje: IP20<br data-start=\"357\" data-end=\"360\" \/>Materiali: Technopolymer pa halogjen<br data-start=\"400\" data-end=\"403\" \/>Formati i komand\u00ebs: Mbules\u00eb dekorative p\u00ebr rrjet\u00eb modulare 3 modula ellittike<br data-start=\"484\" data-end=\"487\" \/>P\u00ebrmasat: 93mm (lart\u00ebsi) \u00d7 126mm (gjer\u00ebsi) \u00d7 9.2mm (thell\u00ebsi)<\/p>","protected":false},"excerpt":{"rendered":"<p>Seria: AxoluteMontimi: Mural incasso (horizontal), p\u00ebr 3 modulaNgjyra: Ivory liquidMbrojtje: IP20Materiali: Technopolymer pa halogjenFormati i komand\u00ebs: Mbules\u00eb dekorative p\u00ebr rrjet\u00eb modulare 3 modula ellittikeP\u00ebrmasat: 93mm (lart\u00ebsi) \u00d7 126mm (gjer\u00ebsi) \u00d7 9.2mm (thell\u00ebsi)<\/p>","protected":false},"featured_media":2468,"comment_status":"open","ping_status":"closed","template":"","meta":{"_acf_changed":false},"product_brand":[],"product_cat":[40,68],"product_tag":[],"class_list":{"0":"post-2467","1":"product","2":"type-product","3":"status-publish","4":"has-post-thumbnail","6":"product_cat-serite-civile","7":"product_cat-axolute","9":"first","10":"instock","11":"shipping-taxable","12":"product-type-simple"},"acf":[],"_links":{"self":[{"href":"https:\/\/www.brikaelektrik.al\/al\/wp-json\/wp\/v2\/product\/2467","targetHints":{"allow":["GET"]}}],"collection":[{"href":"https:\/\/www.brikaelektrik.al\/al\/wp-json\/wp\/v2\/product"}],"about":[{"href":"https:\/\/www.brikaelektrik.al\/al\/wp-json\/wp\/v2\/types\/product"}],"replies":[{"embeddable":true,"href":"https:\/\/www.brikaelektrik.al\/al\/wp-json\/wp\/v2\/comments?post=2467"}],"wp:featuredmedia":[{"embeddable":true,"href":"https:\/\/www.brikaelektrik.al\/al\/wp-json\/wp\/v2\/media\/2468"}],"wp:attachment":[{"href":"https:\/\/www.brikaelektrik.al\/al\/wp-json\/wp\/v2\/media?parent=2467"}],"wp:term":[{"taxonomy":"product_brand","embeddable":true,"href":"https:\/\/www.brikaelektrik.al\/al\/wp-json\/wp\/v2\/product_brand?post=2467"},{"taxonomy":"product_cat","embeddable":true,"href":"https:\/\/www.brikaelektrik.al\/al\/wp-json\/wp\/v2\/product_cat?post=2467"},{"taxonomy":"product_tag","embeddable":true,"href":"https:\/\/www.brikaelektrik.al\/al\/wp-json\/wp\/v2\/product_tag?post=2467"}],"curies":[{"name":"wp","href":"https:\/\/api.w.org\/{rel}","templated":true}]}}