{"id":2469,"date":"2025-07-22T12:39:20","date_gmt":"2025-07-22T12:39:20","guid":{"rendered":"https:\/\/www.brikaelektrik.al\/?post_type=product&#038;p=2469"},"modified":"2025-07-22T12:39:20","modified_gmt":"2025-07-22T12:39:20","slug":"kapak-gri-xc-3p","status":"publish","type":"product","link":"https:\/\/www.brikaelektrik.al\/al\/produkt\/kapak-gri-xc-3p\/","title":{"rendered":"KAPAK GRI XC 3P"},"content":{"rendered":"<p>Seria: Axolute<br data-start=\"85\" data-end=\"88\" \/>Lloji: Mbules\u00eb rektangulare modulare<br data-start=\"170\" data-end=\"173\" \/>Montimi: Mural incasso (montim horizontal, p\u00ebr 3 modula)<br data-start=\"233\" data-end=\"236\" \/>Ngjyra: Alumini satinado<br data-start=\"284\" data-end=\"287\" \/>Mbrojtje: IP20<br data-start=\"305\" data-end=\"308\" \/>Materiali: Metal (alumini, pa halogjen)<br data-start=\"351\" data-end=\"354\" \/>Formati i komand\u00ebs: Mbules\u00eb dekorative p\u00ebr rrjet\u00eb modulare 3 modula horizontale<br data-start=\"437\" data-end=\"440\" \/>P\u00ebrmasat: 95.6mm (lart\u00ebsi) \u00d7 126.6mm (gjer\u00ebsi) \u00d7 8.3mm (thell\u00ebsi)<\/p>","protected":false},"excerpt":{"rendered":"<p>Seria: AxoluteLloji: Mbules\u00eb rektangulare modulareMontimi: Mural incasso (montim horizontal, p\u00ebr 3 modula)Ngjyra: Alumini satinadoMbrojtje: IP20Materiali: Metal (alumini, pa halogjen)Formati i komand\u00ebs: Mbules\u00eb dekorative p\u00ebr rrjet\u00eb modulare 3 modula horizontaleP\u00ebrmasat: 95.6mm (lart\u00ebsi) \u00d7 126.6mm (gjer\u00ebsi) \u00d7 8.3mm (thell\u00ebsi)<\/p>","protected":false},"featured_media":2470,"comment_status":"open","ping_status":"closed","template":"","meta":{"_acf_changed":false},"product_brand":[],"product_cat":[40,68],"product_tag":[],"class_list":{"0":"post-2469","1":"product","2":"type-product","3":"status-publish","4":"has-post-thumbnail","6":"product_cat-serite-civile","7":"product_cat-axolute","9":"first","10":"instock","11":"shipping-taxable","12":"product-type-simple"},"acf":[],"_links":{"self":[{"href":"https:\/\/www.brikaelektrik.al\/al\/wp-json\/wp\/v2\/product\/2469","targetHints":{"allow":["GET"]}}],"collection":[{"href":"https:\/\/www.brikaelektrik.al\/al\/wp-json\/wp\/v2\/product"}],"about":[{"href":"https:\/\/www.brikaelektrik.al\/al\/wp-json\/wp\/v2\/types\/product"}],"replies":[{"embeddable":true,"href":"https:\/\/www.brikaelektrik.al\/al\/wp-json\/wp\/v2\/comments?post=2469"}],"wp:featuredmedia":[{"embeddable":true,"href":"https:\/\/www.brikaelektrik.al\/al\/wp-json\/wp\/v2\/media\/2470"}],"wp:attachment":[{"href":"https:\/\/www.brikaelektrik.al\/al\/wp-json\/wp\/v2\/media?parent=2469"}],"wp:term":[{"taxonomy":"product_brand","embeddable":true,"href":"https:\/\/www.brikaelektrik.al\/al\/wp-json\/wp\/v2\/product_brand?post=2469"},{"taxonomy":"product_cat","embeddable":true,"href":"https:\/\/www.brikaelektrik.al\/al\/wp-json\/wp\/v2\/product_cat?post=2469"},{"taxonomy":"product_tag","embeddable":true,"href":"https:\/\/www.brikaelektrik.al\/al\/wp-json\/wp\/v2\/product_tag?post=2469"}],"curies":[{"name":"wp","href":"https:\/\/api.w.org\/{rel}","templated":true}]}}