{"id":2471,"date":"2025-07-23T08:46:44","date_gmt":"2025-07-23T08:46:44","guid":{"rendered":"https:\/\/www.brikaelektrik.al\/?post_type=product&#038;p=2471"},"modified":"2025-07-23T08:46:44","modified_gmt":"2025-07-23T08:46:44","slug":"kapak-katror-3p","status":"publish","type":"product","link":"https:\/\/www.brikaelektrik.al\/al\/produkt\/kapak-katror-3p\/","title":{"rendered":"KAPAK KATROR 3P"},"content":{"rendered":"<p>Seria: Axolute<br data-start=\"103\" data-end=\"106\" \/>Lloji: Mbules\u00eb dekorative p\u00ebr 3 modula (forma drejtk\u00ebnd\u00ebshe)<br data-start=\"277\" data-end=\"280\" \/>Montimi: Mural (incasso \u2013 i integruar n\u00eb mur)<br data-start=\"329\" data-end=\"332\" \/>Ngjyra: Titanium i spazzolato (brushed titanium)<br data-start=\"384\" data-end=\"387\" \/>Mbrojtje: IP20<br data-start=\"405\" data-end=\"408\" \/>Materiali: Metal (alumini i spazzolato, pa halogjen)<br data-start=\"464\" data-end=\"467\" \/>Formati i komand\u00ebs: Pllak\u00eb (kapak) dekorativ p\u00ebr 3 modula horizontal\u00eb<br data-start=\"540\" data-end=\"543\" \/>P\u00ebrmasat: 95.6mm (lart\u00ebsi) \u00d7 126.6mm (gjer\u00ebsi) \u00d7 8.3mm (thell\u00ebsi)<\/p>","protected":false},"excerpt":{"rendered":"<p>Seria: AxoluteLloji: Mbules\u00eb dekorative p\u00ebr 3 modula (forma drejtk\u00ebnd\u00ebshe)Montimi: Mural (incasso \u2013 i integruar n\u00eb mur)Ngjyra: Titanium i spazzolato (brushed titanium)Mbrojtje: IP20Materiali: Metal (alumini i spazzolato, pa halogjen)Formati i komand\u00ebs: Pllak\u00eb (kapak) dekorativ p\u00ebr 3 modula horizontal\u00ebP\u00ebrmasat: 95.6mm (lart\u00ebsi) \u00d7 126.6mm (gjer\u00ebsi) \u00d7 8.3mm (thell\u00ebsi)<\/p>","protected":false},"featured_media":2472,"comment_status":"open","ping_status":"closed","template":"","meta":{"_acf_changed":false},"product_brand":[],"product_cat":[40,68],"product_tag":[],"class_list":{"0":"post-2471","1":"product","2":"type-product","3":"status-publish","4":"has-post-thumbnail","6":"product_cat-serite-civile","7":"product_cat-axolute","9":"first","10":"instock","11":"shipping-taxable","12":"product-type-simple"},"acf":[],"_links":{"self":[{"href":"https:\/\/www.brikaelektrik.al\/al\/wp-json\/wp\/v2\/product\/2471","targetHints":{"allow":["GET"]}}],"collection":[{"href":"https:\/\/www.brikaelektrik.al\/al\/wp-json\/wp\/v2\/product"}],"about":[{"href":"https:\/\/www.brikaelektrik.al\/al\/wp-json\/wp\/v2\/types\/product"}],"replies":[{"embeddable":true,"href":"https:\/\/www.brikaelektrik.al\/al\/wp-json\/wp\/v2\/comments?post=2471"}],"wp:featuredmedia":[{"embeddable":true,"href":"https:\/\/www.brikaelektrik.al\/al\/wp-json\/wp\/v2\/media\/2472"}],"wp:attachment":[{"href":"https:\/\/www.brikaelektrik.al\/al\/wp-json\/wp\/v2\/media?parent=2471"}],"wp:term":[{"taxonomy":"product_brand","embeddable":true,"href":"https:\/\/www.brikaelektrik.al\/al\/wp-json\/wp\/v2\/product_brand?post=2471"},{"taxonomy":"product_cat","embeddable":true,"href":"https:\/\/www.brikaelektrik.al\/al\/wp-json\/wp\/v2\/product_cat?post=2471"},{"taxonomy":"product_tag","embeddable":true,"href":"https:\/\/www.brikaelektrik.al\/al\/wp-json\/wp\/v2\/product_tag?post=2471"}],"curies":[{"name":"wp","href":"https:\/\/api.w.org\/{rel}","templated":true}]}}