{"id":2473,"date":"2025-07-23T08:54:20","date_gmt":"2025-07-23T08:54:20","guid":{"rendered":"https:\/\/www.brikaelektrik.al\/?post_type=product&#038;p=2473"},"modified":"2025-07-23T08:54:20","modified_gmt":"2025-07-23T08:54:20","slug":"kapak-katror-me-xham-i-bardhe-3p","status":"publish","type":"product","link":"https:\/\/www.brikaelektrik.al\/al\/produkt\/kapak-katror-me-xham-i-bardhe-3p\/","title":{"rendered":"KAPAK KATROR ME XHAM I BARDH\u00cb 3P"},"content":{"rendered":"<p><strong data-start=\"39\" data-end=\"49\">Seria:<\/strong> Axolute<br data-start=\"57\" data-end=\"60\" \/><strong data-start=\"60\" data-end=\"70\">Lloji:<\/strong> Mbules\u00eb dekorative p\u00ebr 3 modula (form\u00eb drejtk\u00ebnd\u00ebshe, \u201cVetri\u201d \u2013 xham)<br data-start=\"222\" data-end=\"225\" \/><strong data-start=\"225\" data-end=\"237\">Montimi:<\/strong> Mural incasso (i integruar n\u00eb mur)<br data-start=\"272\" data-end=\"275\" \/><strong data-start=\"275\" data-end=\"286\">Ngjyra:<\/strong> E bardh\u00eb\u00a0<br data-start=\"306\" data-end=\"309\" \/><strong data-start=\"309\" data-end=\"322\">Mbrojtje:<\/strong> IP\u2011\u201cOther\u201d (IP20 standard, pa mbrojtje kund\u00ebr ujit)<br data-start=\"374\" data-end=\"377\" \/><strong data-start=\"377\" data-end=\"391\">Materiali:<\/strong> Xham mat, pa halogjen, IK00<br data-start=\"419\" data-end=\"422\" \/><strong data-start=\"422\" data-end=\"445\">Formati i komand\u00ebs:<\/strong> Mbules\u00eb p\u00ebr 3 modula horizontal\u00eb \u2013 \u201cVetro\u201d (xham)<br data-start=\"495\" data-end=\"498\" \/><strong data-start=\"498\" data-end=\"511\">P\u00ebrmasat:<\/strong> 95.6\u202fmm (lart\u00ebsi) \u00d7\u202f126.6\u202fmm (gjer\u00ebsi) \u00d7\u202f9.5\u202fmm (thell\u00ebsi)<\/p>","protected":false},"excerpt":{"rendered":"<p>Seria: AxoluteLloji: Mbules\u00eb dekorative p\u00ebr 3 modula (form\u00eb drejtk\u00ebnd\u00ebshe, \u201cVetri\u201d \u2013 xham)Montimi: Mural incasso (i integruar n\u00eb mur)Ngjyra: E bardh\u00eb\u00a0Mbrojtje: IP\u2011\u201cOther\u201d (IP20 standard, pa mbrojtje kund\u00ebr ujit)Materiali: Xham mat, pa halogjen, IK00Formati i komand\u00ebs: Mbules\u00eb p\u00ebr 3 modula horizontal\u00eb \u2013 \u201cVetro\u201d (xham)P\u00ebrmasat: 95.6\u202fmm (lart\u00ebsi) \u00d7\u202f126.6\u202fmm (gjer\u00ebsi) \u00d7\u202f9.5\u202fmm (thell\u00ebsi)<\/p>","protected":false},"featured_media":2474,"comment_status":"open","ping_status":"closed","template":"","meta":{"_acf_changed":false},"product_brand":[],"product_cat":[40,68],"product_tag":[],"class_list":{"0":"post-2473","1":"product","2":"type-product","3":"status-publish","4":"has-post-thumbnail","6":"product_cat-serite-civile","7":"product_cat-axolute","9":"first","10":"instock","11":"shipping-taxable","12":"product-type-simple"},"acf":[],"_links":{"self":[{"href":"https:\/\/www.brikaelektrik.al\/al\/wp-json\/wp\/v2\/product\/2473","targetHints":{"allow":["GET"]}}],"collection":[{"href":"https:\/\/www.brikaelektrik.al\/al\/wp-json\/wp\/v2\/product"}],"about":[{"href":"https:\/\/www.brikaelektrik.al\/al\/wp-json\/wp\/v2\/types\/product"}],"replies":[{"embeddable":true,"href":"https:\/\/www.brikaelektrik.al\/al\/wp-json\/wp\/v2\/comments?post=2473"}],"wp:featuredmedia":[{"embeddable":true,"href":"https:\/\/www.brikaelektrik.al\/al\/wp-json\/wp\/v2\/media\/2474"}],"wp:attachment":[{"href":"https:\/\/www.brikaelektrik.al\/al\/wp-json\/wp\/v2\/media?parent=2473"}],"wp:term":[{"taxonomy":"product_brand","embeddable":true,"href":"https:\/\/www.brikaelektrik.al\/al\/wp-json\/wp\/v2\/product_brand?post=2473"},{"taxonomy":"product_cat","embeddable":true,"href":"https:\/\/www.brikaelektrik.al\/al\/wp-json\/wp\/v2\/product_cat?post=2473"},{"taxonomy":"product_tag","embeddable":true,"href":"https:\/\/www.brikaelektrik.al\/al\/wp-json\/wp\/v2\/product_tag?post=2473"}],"curies":[{"name":"wp","href":"https:\/\/api.w.org\/{rel}","templated":true}]}}