{"id":2475,"date":"2025-07-23T08:58:26","date_gmt":"2025-07-23T08:58:26","guid":{"rendered":"https:\/\/www.brikaelektrik.al\/?post_type=product&#038;p=2475"},"modified":"2025-07-23T08:58:26","modified_gmt":"2025-07-23T08:58:26","slug":"kapak-katror-me-xham-3p","status":"publish","type":"product","link":"https:\/\/www.brikaelektrik.al\/al\/produkt\/kapak-katror-me-xham-3p\/","title":{"rendered":"KAPAK KATROR ME XHAM 3P"},"content":{"rendered":"<p>Seria: Axolute<br data-start=\"57\" data-end=\"60\" \/>Lloji: Mbules\u00eb dekorative p\u00ebr 3 modula\u00a0<br data-start=\"143\" data-end=\"146\" data-is-only-node=\"\" \/>Montimi: Mural incasso (i integruar n\u00eb mur)<br data-start=\"275\" data-end=\"278\" \/>Ngjyra: Acid mirror (xham pasqyror \u2013 efekt acidato\/bardh\u00eb)<br data-start=\"340\" data-end=\"343\" \/>Mbrojtje: IP20 (pa mbrojtje ndaj ujit)\u00a0<br data-start=\"423\" data-end=\"426\" \/>Materiali: Xham, pa halogjen<br data-start=\"504\" data-end=\"507\" \/>Formati i komand\u00ebs: Mbules\u00eb p\u00ebr 3 modula horizontal\u00eb (rectangular cover plate)<br data-start=\"589\" data-end=\"592\" \/>P\u00ebrmasat: 95mm (lart\u00ebsi) \u00d7\u202f127mm (gjer\u00ebsi) \u00d7 (thell\u00ebsia standarde) ~8mm<\/p>","protected":false},"excerpt":{"rendered":"<p>Seria: AxoluteLloji: Mbules\u00eb dekorative p\u00ebr 3 modula\u00a0Montimi: Mural incasso (i integruar n\u00eb mur)Ngjyra: Acid mirror (xham pasqyror \u2013 efekt acidato\/bardh\u00eb)Mbrojtje: IP20 (pa mbrojtje ndaj ujit)\u00a0Materiali: Xham, pa halogjenFormati i komand\u00ebs: Mbules\u00eb p\u00ebr 3 modula horizontal\u00eb (rectangular cover plate)P\u00ebrmasat: 95mm (lart\u00ebsi) \u00d7\u202f127mm (gjer\u00ebsi) \u00d7 (thell\u00ebsia standarde) ~8mm<\/p>","protected":false},"featured_media":2476,"comment_status":"open","ping_status":"closed","template":"","meta":{"_acf_changed":false},"product_brand":[],"product_cat":[40,68],"product_tag":[],"class_list":{"0":"post-2475","1":"product","2":"type-product","3":"status-publish","4":"has-post-thumbnail","6":"product_cat-serite-civile","7":"product_cat-axolute","9":"first","10":"instock","11":"shipping-taxable","12":"product-type-simple"},"acf":[],"_links":{"self":[{"href":"https:\/\/www.brikaelektrik.al\/al\/wp-json\/wp\/v2\/product\/2475","targetHints":{"allow":["GET"]}}],"collection":[{"href":"https:\/\/www.brikaelektrik.al\/al\/wp-json\/wp\/v2\/product"}],"about":[{"href":"https:\/\/www.brikaelektrik.al\/al\/wp-json\/wp\/v2\/types\/product"}],"replies":[{"embeddable":true,"href":"https:\/\/www.brikaelektrik.al\/al\/wp-json\/wp\/v2\/comments?post=2475"}],"wp:featuredmedia":[{"embeddable":true,"href":"https:\/\/www.brikaelektrik.al\/al\/wp-json\/wp\/v2\/media\/2476"}],"wp:attachment":[{"href":"https:\/\/www.brikaelektrik.al\/al\/wp-json\/wp\/v2\/media?parent=2475"}],"wp:term":[{"taxonomy":"product_brand","embeddable":true,"href":"https:\/\/www.brikaelektrik.al\/al\/wp-json\/wp\/v2\/product_brand?post=2475"},{"taxonomy":"product_cat","embeddable":true,"href":"https:\/\/www.brikaelektrik.al\/al\/wp-json\/wp\/v2\/product_cat?post=2475"},{"taxonomy":"product_tag","embeddable":true,"href":"https:\/\/www.brikaelektrik.al\/al\/wp-json\/wp\/v2\/product_tag?post=2475"}],"curies":[{"name":"wp","href":"https:\/\/api.w.org\/{rel}","templated":true}]}}