{"id":2477,"date":"2025-07-23T09:06:39","date_gmt":"2025-07-23T09:06:39","guid":{"rendered":"https:\/\/www.brikaelektrik.al\/?post_type=product&#038;p=2477"},"modified":"2025-07-23T09:06:39","modified_gmt":"2025-07-23T09:06:39","slug":"kapak-i-bardhe-3p","status":"publish","type":"product","link":"https:\/\/www.brikaelektrik.al\/al\/produkt\/kapak-i-bardhe-3p\/","title":{"rendered":"KAPAK I BARDH\u00cb 3P"},"content":{"rendered":"<p>Seria: Axolute<br data-start=\"57\" data-end=\"60\" \/>Lloji: Mbules\u00eb dekorative p\u00ebr 3 modula (form\u00eb e rrumbullak\u00ebt\/eliptike)<br data-start=\"217\" data-end=\"220\" \/>Montimi: Mural incasso (i integruar n\u00eb mur)<br data-start=\"267\" data-end=\"270\" \/>Ngjyra: E bardh\u00eb<br data-start=\"290\" data-end=\"293\" \/>Mbrojtje: IP20 (pa mbrojtje ndaj ujit)\u00a0<br data-start=\"373\" data-end=\"376\" \/>Materiali: Metal (alumini), pa halogjen<br data-start=\"457\" data-end=\"460\" \/>Formati i komand\u00ebs: Pllak\u00eb dekorative eliptike p\u00ebr 3 modula<br data-start=\"523\" data-end=\"526\" \/>P\u00ebrmasat: Rreth 95mm (lart\u00ebsi) \u00d7\u202f127mm (gjer\u00ebsi) (standard)<\/p>","protected":false},"excerpt":{"rendered":"<p>Seria: AxoluteLloji: Mbules\u00eb dekorative p\u00ebr 3 modula (form\u00eb e rrumbullak\u00ebt\/eliptike)Montimi: Mural incasso (i integruar n\u00eb mur)Ngjyra: E bardh\u00ebMbrojtje: IP20 (pa mbrojtje ndaj ujit)\u00a0Materiali: Metal (alumini), pa halogjenFormati i komand\u00ebs: Pllak\u00eb dekorative eliptike p\u00ebr 3 modulaP\u00ebrmasat: Rreth 95mm (lart\u00ebsi) \u00d7\u202f127mm (gjer\u00ebsi) (standard)<\/p>","protected":false},"featured_media":2478,"comment_status":"open","ping_status":"closed","template":"","meta":{"_acf_changed":false},"product_brand":[],"product_cat":[40,68],"product_tag":[],"class_list":{"0":"post-2477","1":"product","2":"type-product","3":"status-publish","4":"has-post-thumbnail","6":"product_cat-serite-civile","7":"product_cat-axolute","9":"first","10":"instock","11":"shipping-taxable","12":"product-type-simple"},"acf":[],"_links":{"self":[{"href":"https:\/\/www.brikaelektrik.al\/al\/wp-json\/wp\/v2\/product\/2477","targetHints":{"allow":["GET"]}}],"collection":[{"href":"https:\/\/www.brikaelektrik.al\/al\/wp-json\/wp\/v2\/product"}],"about":[{"href":"https:\/\/www.brikaelektrik.al\/al\/wp-json\/wp\/v2\/types\/product"}],"replies":[{"embeddable":true,"href":"https:\/\/www.brikaelektrik.al\/al\/wp-json\/wp\/v2\/comments?post=2477"}],"wp:featuredmedia":[{"embeddable":true,"href":"https:\/\/www.brikaelektrik.al\/al\/wp-json\/wp\/v2\/media\/2478"}],"wp:attachment":[{"href":"https:\/\/www.brikaelektrik.al\/al\/wp-json\/wp\/v2\/media?parent=2477"}],"wp:term":[{"taxonomy":"product_brand","embeddable":true,"href":"https:\/\/www.brikaelektrik.al\/al\/wp-json\/wp\/v2\/product_brand?post=2477"},{"taxonomy":"product_cat","embeddable":true,"href":"https:\/\/www.brikaelektrik.al\/al\/wp-json\/wp\/v2\/product_cat?post=2477"},{"taxonomy":"product_tag","embeddable":true,"href":"https:\/\/www.brikaelektrik.al\/al\/wp-json\/wp\/v2\/product_tag?post=2477"}],"curies":[{"name":"wp","href":"https:\/\/api.w.org\/{rel}","templated":true}]}}