{"id":2481,"date":"2025-07-23T09:19:26","date_gmt":"2025-07-23T09:19:26","guid":{"rendered":"https:\/\/www.brikaelektrik.al\/?post_type=product&#038;p=2481"},"modified":"2025-07-23T09:19:26","modified_gmt":"2025-07-23T09:19:26","slug":"kapak-tech-3p","status":"publish","type":"product","link":"https:\/\/www.brikaelektrik.al\/al\/produkt\/kapak-tech-3p\/","title":{"rendered":"KAPAK TECH 3P"},"content":{"rendered":"<p>Seria: Axolute<br data-start=\"57\" data-end=\"60\" \/>Lloji: Mbules\u00eb dekorative p\u00ebr 3 modula (form\u00eb drejtk\u00ebnd\u00ebshe \u201cTech\u201d, Monochrome)\u00a0<br data-start=\"263\" data-end=\"266\" \/>Montimi: Mural incasso (i integruar n\u00eb mur, horizontal)<br data-start=\"363\" data-end=\"366\" \/>Ngjyra: Tech (finitur\u00eb e err\u00ebt\/gri me efekt &#8220;Monochrome&#8221;)\u00a0<br data-start=\"465\" data-end=\"468\" \/>Mbrojtje: IP20 (pa mbrojtje ndaj ujit)<br data-start=\"548\" data-end=\"551\" \/>Materiali: Metal (alumini pa halogjen)<br data-start=\"637\" data-end=\"640\" \/>Formati i komand\u00ebs: Pllak\u00eb p\u00ebr 3 modula horizontal\u00eb (rectangular cover plate)<br data-start=\"759\" data-end=\"762\" \/>P\u00ebrmasat: 95mm (lart\u00ebsi) \u00d7\u202f127mm (gjer\u00ebsi) \u00d7\u202f6.3mm (thell\u00ebsi)<\/p>","protected":false},"excerpt":{"rendered":"<p>Seria: AxoluteLloji: Mbules\u00eb dekorative p\u00ebr 3 modula (form\u00eb drejtk\u00ebnd\u00ebshe \u201cTech\u201d, Monochrome)\u00a0Montimi: Mural incasso (i integruar n\u00eb mur, horizontal)Ngjyra: Tech (finitur\u00eb e err\u00ebt\/gri me efekt &#8220;Monochrome&#8221;)\u00a0Mbrojtje: IP20 (pa mbrojtje ndaj ujit)Materiali: Metal (alumini pa halogjen)Formati i komand\u00ebs: Pllak\u00eb p\u00ebr 3 modula horizontal\u00eb (rectangular cover plate)P\u00ebrmasat: 95mm (lart\u00ebsi) \u00d7\u202f127mm (gjer\u00ebsi) \u00d7\u202f6.3mm (thell\u00ebsi)<\/p>","protected":false},"featured_media":2482,"comment_status":"open","ping_status":"closed","template":"","meta":{"_acf_changed":false},"product_brand":[],"product_cat":[40,68],"product_tag":[],"class_list":{"0":"post-2481","1":"product","2":"type-product","3":"status-publish","4":"has-post-thumbnail","6":"product_cat-serite-civile","7":"product_cat-axolute","9":"first","10":"instock","11":"shipping-taxable","12":"product-type-simple"},"acf":[],"_links":{"self":[{"href":"https:\/\/www.brikaelektrik.al\/al\/wp-json\/wp\/v2\/product\/2481","targetHints":{"allow":["GET"]}}],"collection":[{"href":"https:\/\/www.brikaelektrik.al\/al\/wp-json\/wp\/v2\/product"}],"about":[{"href":"https:\/\/www.brikaelektrik.al\/al\/wp-json\/wp\/v2\/types\/product"}],"replies":[{"embeddable":true,"href":"https:\/\/www.brikaelektrik.al\/al\/wp-json\/wp\/v2\/comments?post=2481"}],"wp:featuredmedia":[{"embeddable":true,"href":"https:\/\/www.brikaelektrik.al\/al\/wp-json\/wp\/v2\/media\/2482"}],"wp:attachment":[{"href":"https:\/\/www.brikaelektrik.al\/al\/wp-json\/wp\/v2\/media?parent=2481"}],"wp:term":[{"taxonomy":"product_brand","embeddable":true,"href":"https:\/\/www.brikaelektrik.al\/al\/wp-json\/wp\/v2\/product_brand?post=2481"},{"taxonomy":"product_cat","embeddable":true,"href":"https:\/\/www.brikaelektrik.al\/al\/wp-json\/wp\/v2\/product_cat?post=2481"},{"taxonomy":"product_tag","embeddable":true,"href":"https:\/\/www.brikaelektrik.al\/al\/wp-json\/wp\/v2\/product_tag?post=2481"}],"curies":[{"name":"wp","href":"https:\/\/api.w.org\/{rel}","templated":true}]}}