{"id":2483,"date":"2025-07-23T09:22:20","date_gmt":"2025-07-23T09:22:20","guid":{"rendered":"https:\/\/www.brikaelektrik.al\/?post_type=product&#038;p=2483"},"modified":"2025-07-23T09:22:20","modified_gmt":"2025-07-23T09:22:20","slug":"kapak-alumin-4p","status":"publish","type":"product","link":"https:\/\/www.brikaelektrik.al\/al\/produkt\/kapak-alumin-4p\/","title":{"rendered":"KAPAK ALUMIN 4P"},"content":{"rendered":"<p>Seria: Axolute<br data-start=\"169\" data-end=\"172\" \/>Lloji: Mbules\u00eb dekorative p\u00ebr 4 modula (form\u00eb eliptike)<br data-start=\"231\" data-end=\"234\" \/>Rryma nominale: Nuk aplikohet (element pasiv)<br data-start=\"283\" data-end=\"286\" \/>Tensioni: Nuk aplikohet<br data-start=\"313\" data-end=\"316\" \/>Montimi: Mural incasso (i integruar n\u00eb mur, horizontal)<br data-start=\"375\" data-end=\"378\" \/>Ngjyra: Aluminium i spazzoluar (finitur\u00eb mat)<br data-start=\"427\" data-end=\"430\" \/>Mbrojtje: IP20 (pa mbrojtje ndaj ujit)<br data-start=\"472\" data-end=\"475\" \/>Materiali: Metal (alumin pa halogjen)<br data-start=\"516\" data-end=\"519\" \/>Formati i komand\u00ebs: Mbules\u00eb p\u00ebr 4 modula horizontal\u00eb (rectangular cover plate)<br data-start=\"601\" data-end=\"604\" \/>P\u00ebrmasat: 93mm (lart\u00ebsi) \u00d7\u202f149mm (gjer\u00ebsi) \u00d7\u202f9.2mm (thell\u00ebsi)<\/p>","protected":false},"excerpt":{"rendered":"<p>Seria: AxoluteLloji: Mbules\u00eb dekorative p\u00ebr 4 modula (form\u00eb eliptike)Rryma nominale: Nuk aplikohet (element pasiv)Tensioni: Nuk aplikohetMontimi: Mural incasso (i integruar n\u00eb mur, horizontal)Ngjyra: Aluminium i spazzoluar (finitur\u00eb mat)Mbrojtje: IP20 (pa mbrojtje ndaj ujit)Materiali: Metal (alumin pa halogjen)Formati i komand\u00ebs: Mbules\u00eb p\u00ebr 4 modula horizontal\u00eb (rectangular cover plate)P\u00ebrmasat: 93mm (lart\u00ebsi) \u00d7\u202f149mm (gjer\u00ebsi) \u00d7\u202f9.2mm (thell\u00ebsi)<\/p>","protected":false},"featured_media":2484,"comment_status":"open","ping_status":"closed","template":"","meta":{"_acf_changed":false},"product_brand":[],"product_cat":[40,68],"product_tag":[],"class_list":{"0":"post-2483","1":"product","2":"type-product","3":"status-publish","4":"has-post-thumbnail","6":"product_cat-serite-civile","7":"product_cat-axolute","9":"first","10":"instock","11":"shipping-taxable","12":"product-type-simple"},"acf":[],"_links":{"self":[{"href":"https:\/\/www.brikaelektrik.al\/al\/wp-json\/wp\/v2\/product\/2483","targetHints":{"allow":["GET"]}}],"collection":[{"href":"https:\/\/www.brikaelektrik.al\/al\/wp-json\/wp\/v2\/product"}],"about":[{"href":"https:\/\/www.brikaelektrik.al\/al\/wp-json\/wp\/v2\/types\/product"}],"replies":[{"embeddable":true,"href":"https:\/\/www.brikaelektrik.al\/al\/wp-json\/wp\/v2\/comments?post=2483"}],"wp:featuredmedia":[{"embeddable":true,"href":"https:\/\/www.brikaelektrik.al\/al\/wp-json\/wp\/v2\/media\/2484"}],"wp:attachment":[{"href":"https:\/\/www.brikaelektrik.al\/al\/wp-json\/wp\/v2\/media?parent=2483"}],"wp:term":[{"taxonomy":"product_brand","embeddable":true,"href":"https:\/\/www.brikaelektrik.al\/al\/wp-json\/wp\/v2\/product_brand?post=2483"},{"taxonomy":"product_cat","embeddable":true,"href":"https:\/\/www.brikaelektrik.al\/al\/wp-json\/wp\/v2\/product_cat?post=2483"},{"taxonomy":"product_tag","embeddable":true,"href":"https:\/\/www.brikaelektrik.al\/al\/wp-json\/wp\/v2\/product_tag?post=2483"}],"curies":[{"name":"wp","href":"https:\/\/api.w.org\/{rel}","templated":true}]}}