{"id":2485,"date":"2025-07-23T09:24:58","date_gmt":"2025-07-23T09:24:58","guid":{"rendered":"https:\/\/www.brikaelektrik.al\/?post_type=product&#038;p=2485"},"modified":"2025-07-23T09:24:58","modified_gmt":"2025-07-23T09:24:58","slug":"kapak-antracite-4p","status":"publish","type":"product","link":"https:\/\/www.brikaelektrik.al\/al\/produkt\/kapak-antracite-4p\/","title":{"rendered":"KAPAK ANTRACITE 4P"},"content":{"rendered":"<p>Seria: Axolute<br data-start=\"169\" data-end=\"172\" \/>Lloji: Mbules\u00eb dekorative p\u00ebr 4 modula (form\u00eb drejtk\u00ebnd\u00ebshe)<br data-start=\"318\" data-end=\"321\" \/>Montimi: Mural incasso (i integruar n\u00eb mur, horizontal)<br data-start=\"380\" data-end=\"383\" \/>Ngjyra: Antracite mat (finitur\u00eb Monochrome)<br data-start=\"430\" data-end=\"433\" \/>Mbrojtje: IP20 (pa mbrojtje ndaj ujit)<br data-start=\"475\" data-end=\"478\" \/>Materiali: Metal (alumin pa halogjen)<br data-start=\"519\" data-end=\"522\" \/>Formati i komand\u00ebs: Mbules\u00eb p\u00ebr 4 modula horizontal\u00eb (rectangular cover plate)<br data-start=\"604\" data-end=\"607\" \/>P\u00ebrmasat: 95mm (lart\u00ebsi) \u00d7\u202f150mm (gjer\u00ebsi) \u00d7\u202f9.2mm (thell\u00ebsi)<\/p>","protected":false},"excerpt":{"rendered":"<p>Seria: AxoluteLloji: Mbules\u00eb dekorative p\u00ebr 4 modula (form\u00eb drejtk\u00ebnd\u00ebshe)Montimi: Mural incasso (i integruar n\u00eb mur, horizontal)Ngjyra: Antracite mat (finitur\u00eb Monochrome)Mbrojtje: IP20 (pa mbrojtje ndaj ujit)Materiali: Metal (alumin pa halogjen)Formati i komand\u00ebs: Mbules\u00eb p\u00ebr 4 modula horizontal\u00eb (rectangular cover plate)P\u00ebrmasat: 95mm (lart\u00ebsi) \u00d7\u202f150mm (gjer\u00ebsi) \u00d7\u202f9.2mm (thell\u00ebsi)<\/p>","protected":false},"featured_media":2486,"comment_status":"open","ping_status":"closed","template":"","meta":{"_acf_changed":false},"product_brand":[],"product_cat":[40,68],"product_tag":[],"class_list":{"0":"post-2485","1":"product","2":"type-product","3":"status-publish","4":"has-post-thumbnail","6":"product_cat-serite-civile","7":"product_cat-axolute","9":"first","10":"instock","11":"shipping-taxable","12":"product-type-simple"},"acf":[],"_links":{"self":[{"href":"https:\/\/www.brikaelektrik.al\/al\/wp-json\/wp\/v2\/product\/2485","targetHints":{"allow":["GET"]}}],"collection":[{"href":"https:\/\/www.brikaelektrik.al\/al\/wp-json\/wp\/v2\/product"}],"about":[{"href":"https:\/\/www.brikaelektrik.al\/al\/wp-json\/wp\/v2\/types\/product"}],"replies":[{"embeddable":true,"href":"https:\/\/www.brikaelektrik.al\/al\/wp-json\/wp\/v2\/comments?post=2485"}],"wp:featuredmedia":[{"embeddable":true,"href":"https:\/\/www.brikaelektrik.al\/al\/wp-json\/wp\/v2\/media\/2486"}],"wp:attachment":[{"href":"https:\/\/www.brikaelektrik.al\/al\/wp-json\/wp\/v2\/media?parent=2485"}],"wp:term":[{"taxonomy":"product_brand","embeddable":true,"href":"https:\/\/www.brikaelektrik.al\/al\/wp-json\/wp\/v2\/product_brand?post=2485"},{"taxonomy":"product_cat","embeddable":true,"href":"https:\/\/www.brikaelektrik.al\/al\/wp-json\/wp\/v2\/product_cat?post=2485"},{"taxonomy":"product_tag","embeddable":true,"href":"https:\/\/www.brikaelektrik.al\/al\/wp-json\/wp\/v2\/product_tag?post=2485"}],"curies":[{"name":"wp","href":"https:\/\/api.w.org\/{rel}","templated":true}]}}