{"id":2489,"date":"2025-07-23T09:34:20","date_gmt":"2025-07-23T09:34:20","guid":{"rendered":"https:\/\/www.brikaelektrik.al\/?post_type=product&#038;p=2489"},"modified":"2025-07-23T09:34:20","modified_gmt":"2025-07-23T09:34:20","slug":"kapak-argjend-4p","status":"publish","type":"product","link":"https:\/\/www.brikaelektrik.al\/al\/produkt\/kapak-argjend-4p\/","title":{"rendered":"KAPAK ARGJEND 4P"},"content":{"rendered":"<p>Seria: Axolute<br data-start=\"130\" data-end=\"133\" \/>Lloji: Mbules\u00eb dekorative p\u00ebr 4 modula (form\u00eb drejtk\u00ebnd\u00ebshe)<br data-start=\"279\" data-end=\"282\" \/>Montimi: Mural incasso (i integruar n\u00eb mur, horizontal)<br data-start=\"341\" data-end=\"344\" \/>Ngjyra: Argjend (finitur\u00eb anodizuar mat)<br data-start=\"388\" data-end=\"391\" \/>Mbrojtje: IP20 (pa mbrojtje ndaj ujit)<br data-start=\"433\" data-end=\"436\" \/>Materiali: Metal (alumin pa halogjen)<br data-start=\"477\" data-end=\"480\" \/>Formati i komand\u00ebs: Mbules\u00eb p\u00ebr 4 modula horizontal\u00eb (rectangular cover plate)<br data-start=\"562\" data-end=\"565\" \/>P\u00ebrmasat: 95.6mm (lart\u00ebsi) \u00d7\u202f149.6mm (gjer\u00ebsi) \u00d7\u202f8.3mm (thell\u00ebsi)<\/p>","protected":false},"excerpt":{"rendered":"<p>Seria: AxoluteLloji: Mbules\u00eb dekorative p\u00ebr 4 modula (form\u00eb drejtk\u00ebnd\u00ebshe)Montimi: Mural incasso (i integruar n\u00eb mur, horizontal)Ngjyra: Argjend (finitur\u00eb anodizuar mat)Mbrojtje: IP20 (pa mbrojtje ndaj ujit)Materiali: Metal (alumin pa halogjen)Formati i komand\u00ebs: Mbules\u00eb p\u00ebr 4 modula horizontal\u00eb (rectangular cover plate)P\u00ebrmasat: 95.6mm (lart\u00ebsi) \u00d7\u202f149.6mm (gjer\u00ebsi) \u00d7\u202f8.3mm (thell\u00ebsi)<\/p>","protected":false},"featured_media":2490,"comment_status":"open","ping_status":"closed","template":"","meta":{"_acf_changed":false},"product_brand":[],"product_cat":[40,68],"product_tag":[],"class_list":{"0":"post-2489","1":"product","2":"type-product","3":"status-publish","4":"has-post-thumbnail","6":"product_cat-serite-civile","7":"product_cat-axolute","9":"first","10":"instock","11":"shipping-taxable","12":"product-type-simple"},"acf":[],"_links":{"self":[{"href":"https:\/\/www.brikaelektrik.al\/al\/wp-json\/wp\/v2\/product\/2489","targetHints":{"allow":["GET"]}}],"collection":[{"href":"https:\/\/www.brikaelektrik.al\/al\/wp-json\/wp\/v2\/product"}],"about":[{"href":"https:\/\/www.brikaelektrik.al\/al\/wp-json\/wp\/v2\/types\/product"}],"replies":[{"embeddable":true,"href":"https:\/\/www.brikaelektrik.al\/al\/wp-json\/wp\/v2\/comments?post=2489"}],"wp:featuredmedia":[{"embeddable":true,"href":"https:\/\/www.brikaelektrik.al\/al\/wp-json\/wp\/v2\/media\/2490"}],"wp:attachment":[{"href":"https:\/\/www.brikaelektrik.al\/al\/wp-json\/wp\/v2\/media?parent=2489"}],"wp:term":[{"taxonomy":"product_brand","embeddable":true,"href":"https:\/\/www.brikaelektrik.al\/al\/wp-json\/wp\/v2\/product_brand?post=2489"},{"taxonomy":"product_cat","embeddable":true,"href":"https:\/\/www.brikaelektrik.al\/al\/wp-json\/wp\/v2\/product_cat?post=2489"},{"taxonomy":"product_tag","embeddable":true,"href":"https:\/\/www.brikaelektrik.al\/al\/wp-json\/wp\/v2\/product_tag?post=2489"}],"curies":[{"name":"wp","href":"https:\/\/api.w.org\/{rel}","templated":true}]}}