{"id":2492,"date":"2025-07-23T10:45:33","date_gmt":"2025-07-23T10:45:33","guid":{"rendered":"https:\/\/www.brikaelektrik.al\/?post_type=product&#038;p=2492"},"modified":"2025-07-23T10:45:33","modified_gmt":"2025-07-23T10:45:33","slug":"kapak-bronz-4p","status":"publish","type":"product","link":"https:\/\/www.brikaelektrik.al\/al\/produkt\/kapak-bronz-4p\/","title":{"rendered":"KAPAK BRONZ 4P"},"content":{"rendered":"<p>Seria: Axolute<br data-start=\"144\" data-end=\"147\" \/>Lloji: Mbules\u00eb dekorative p\u00ebr 4 modula (form\u00eb eliptike)<br data-start=\"288\" data-end=\"291\" \/>Montimi: Mural incasso (i integruar n\u00eb mur, horizontal)<br data-start=\"350\" data-end=\"353\" \/>Ngjyra: Antracite (finitur\u00eb mat)\u00a0<br data-start=\"428\" data-end=\"431\" \/>Mbrojtje: IP20\u00a0\u00a0<br data-start=\"493\" data-end=\"496\" \/>Materiali: Metal (alumini pa halogjen)<br data-start=\"538\" data-end=\"541\" \/>Formati i komand\u00ebs: Mbules\u00eb p\u00ebr 4 modula horizontal\u00eb \u2013 eliptike<br data-start=\"608\" data-end=\"611\" \/>P\u00ebrmasat: 93mm (lart\u00ebsi) \u00d7\u202f149mm (gjer\u00ebsi) \u00d7\u202f9.2mm (thell\u00ebsi)<\/p>","protected":false},"excerpt":{"rendered":"<p>Seria: AxoluteLloji: Mbules\u00eb dekorative p\u00ebr 4 modula (form\u00eb eliptike)Montimi: Mural incasso (i integruar n\u00eb mur, horizontal)Ngjyra: Antracite (finitur\u00eb mat)\u00a0Mbrojtje: IP20\u00a0\u00a0Materiali: Metal (alumini pa halogjen)Formati i komand\u00ebs: Mbules\u00eb p\u00ebr 4 modula horizontal\u00eb \u2013 eliptikeP\u00ebrmasat: 93mm (lart\u00ebsi) \u00d7\u202f149mm (gjer\u00ebsi) \u00d7\u202f9.2mm (thell\u00ebsi)<\/p>","protected":false},"featured_media":2493,"comment_status":"open","ping_status":"closed","template":"","meta":{"_acf_changed":false},"product_brand":[],"product_cat":[40,68],"product_tag":[],"class_list":{"0":"post-2492","1":"product","2":"type-product","3":"status-publish","4":"has-post-thumbnail","6":"product_cat-serite-civile","7":"product_cat-axolute","9":"first","10":"instock","11":"shipping-taxable","12":"product-type-simple"},"acf":[],"_links":{"self":[{"href":"https:\/\/www.brikaelektrik.al\/al\/wp-json\/wp\/v2\/product\/2492","targetHints":{"allow":["GET"]}}],"collection":[{"href":"https:\/\/www.brikaelektrik.al\/al\/wp-json\/wp\/v2\/product"}],"about":[{"href":"https:\/\/www.brikaelektrik.al\/al\/wp-json\/wp\/v2\/types\/product"}],"replies":[{"embeddable":true,"href":"https:\/\/www.brikaelektrik.al\/al\/wp-json\/wp\/v2\/comments?post=2492"}],"wp:featuredmedia":[{"embeddable":true,"href":"https:\/\/www.brikaelektrik.al\/al\/wp-json\/wp\/v2\/media\/2493"}],"wp:attachment":[{"href":"https:\/\/www.brikaelektrik.al\/al\/wp-json\/wp\/v2\/media?parent=2492"}],"wp:term":[{"taxonomy":"product_brand","embeddable":true,"href":"https:\/\/www.brikaelektrik.al\/al\/wp-json\/wp\/v2\/product_brand?post=2492"},{"taxonomy":"product_cat","embeddable":true,"href":"https:\/\/www.brikaelektrik.al\/al\/wp-json\/wp\/v2\/product_cat?post=2492"},{"taxonomy":"product_tag","embeddable":true,"href":"https:\/\/www.brikaelektrik.al\/al\/wp-json\/wp\/v2\/product_tag?post=2492"}],"curies":[{"name":"wp","href":"https:\/\/api.w.org\/{rel}","templated":true}]}}