{"id":2494,"date":"2025-07-23T10:55:40","date_gmt":"2025-07-23T10:55:40","guid":{"rendered":"https:\/\/www.brikaelektrik.al\/?post_type=product&#038;p=2494"},"modified":"2025-07-23T10:55:41","modified_gmt":"2025-07-23T10:55:41","slug":"kapak-gri-xc-4p","status":"publish","type":"product","link":"https:\/\/www.brikaelektrik.al\/al\/produkt\/kapak-gri-xc-4p\/","title":{"rendered":"KAPAK GRI XC 4P"},"content":{"rendered":"<p>Seria: Axolute<br data-start=\"57\" data-end=\"60\" \/>Lloji: Mbules\u00eb dekorative p\u00ebr 4 modula\u00a0<br data-start=\"229\" data-end=\"232\" \/>Montimi: Mural incasso (i integruar n\u00eb mur, horizontal)<br data-start=\"329\" data-end=\"332\" \/>Ngjyra: Alumini\u00a0<br data-start=\"418\" data-end=\"421\" \/>Mbrojtje: IP20 (pa mbrojtje ndaj ujit)<br data-start=\"501\" data-end=\"504\" \/>Materiali: Metal (alumini pa halogjen, IK00)<br data-start=\"590\" data-end=\"593\" \/>Formati i komand\u00ebs: Rectangular cover plate p\u00ebr 4 modula horizontal\u00eb<br data-start=\"703\" data-end=\"706\" \/>P\u00ebrmasat: 95.6mm (lart\u00ebsi) \u00d7\u202f149.6mm (gjer\u00ebsi) \u00d7\u202f8.3mm (thell\u00ebsi)<\/p>","protected":false},"excerpt":{"rendered":"<p>Seria: AxoluteLloji: Mbules\u00eb dekorative p\u00ebr 4 modula\u00a0Montimi: Mural incasso (i integruar n\u00eb mur, horizontal)Ngjyra: Alumini\u00a0Mbrojtje: IP20 (pa mbrojtje ndaj ujit)Materiali: Metal (alumini pa halogjen, IK00)Formati i komand\u00ebs: Rectangular cover plate p\u00ebr 4 modula horizontal\u00ebP\u00ebrmasat: 95.6mm (lart\u00ebsi) \u00d7\u202f149.6mm (gjer\u00ebsi) \u00d7\u202f8.3mm (thell\u00ebsi)<\/p>","protected":false},"featured_media":2496,"comment_status":"open","ping_status":"closed","template":"","meta":{"_acf_changed":false},"product_brand":[],"product_cat":[40,68],"product_tag":[],"class_list":{"0":"post-2494","1":"product","2":"type-product","3":"status-publish","4":"has-post-thumbnail","6":"product_cat-serite-civile","7":"product_cat-axolute","9":"first","10":"instock","11":"shipping-taxable","12":"product-type-simple"},"acf":[],"_links":{"self":[{"href":"https:\/\/www.brikaelektrik.al\/al\/wp-json\/wp\/v2\/product\/2494","targetHints":{"allow":["GET"]}}],"collection":[{"href":"https:\/\/www.brikaelektrik.al\/al\/wp-json\/wp\/v2\/product"}],"about":[{"href":"https:\/\/www.brikaelektrik.al\/al\/wp-json\/wp\/v2\/types\/product"}],"replies":[{"embeddable":true,"href":"https:\/\/www.brikaelektrik.al\/al\/wp-json\/wp\/v2\/comments?post=2494"}],"wp:featuredmedia":[{"embeddable":true,"href":"https:\/\/www.brikaelektrik.al\/al\/wp-json\/wp\/v2\/media\/2496"}],"wp:attachment":[{"href":"https:\/\/www.brikaelektrik.al\/al\/wp-json\/wp\/v2\/media?parent=2494"}],"wp:term":[{"taxonomy":"product_brand","embeddable":true,"href":"https:\/\/www.brikaelektrik.al\/al\/wp-json\/wp\/v2\/product_brand?post=2494"},{"taxonomy":"product_cat","embeddable":true,"href":"https:\/\/www.brikaelektrik.al\/al\/wp-json\/wp\/v2\/product_cat?post=2494"},{"taxonomy":"product_tag","embeddable":true,"href":"https:\/\/www.brikaelektrik.al\/al\/wp-json\/wp\/v2\/product_tag?post=2494"}],"curies":[{"name":"wp","href":"https:\/\/api.w.org\/{rel}","templated":true}]}}