{"id":2497,"date":"2025-07-23T11:05:56","date_gmt":"2025-07-23T11:05:56","guid":{"rendered":"https:\/\/www.brikaelektrik.al\/?post_type=product&#038;p=2497"},"modified":"2025-07-23T11:05:56","modified_gmt":"2025-07-23T11:05:56","slug":"kapak-katror-4p","status":"publish","type":"product","link":"https:\/\/www.brikaelektrik.al\/al\/produkt\/kapak-katror-4p\/","title":{"rendered":"KAPAK KATROR 4P"},"content":{"rendered":"<p>Seria: Axolute<br data-start=\"57\" data-end=\"60\" \/>Lloji: Mbules\u00eb dekorative p\u00ebr 4 modula\u00a0<br data-start=\"224\" data-end=\"227\" \/>Montimi: Mural incasso (i integruar n\u00eb mur, horizontal)<br data-start=\"324\" data-end=\"327\" \/>Ngjyra: Titani spazzolato (brushed titanium, RAL\u202f7044)<br data-start=\"423\" data-end=\"426\" \/>Mbrojtje: IP20 (pa mbrojtje ndaj ujit)<br data-start=\"506\" data-end=\"509\" \/>Materiali: Metal (alumini pa halogjen)<br data-start=\"595\" data-end=\"598\" \/>Formati i komand\u00ebs: Rectangular cover plate p\u00ebr 4 modular\u00eb horizontal\u00eb\u00a0<br data-start=\"708\" data-end=\"711\" \/>P\u00ebrmasat: 95mm (lart\u00ebsi) \u00d7\u202f150mm (gjer\u00ebsi) \u00d7\u202f8.3mm (thell\u00ebsi)<\/p>","protected":false},"excerpt":{"rendered":"<p>Seria: AxoluteLloji: Mbules\u00eb dekorative p\u00ebr 4 modula\u00a0Montimi: Mural incasso (i integruar n\u00eb mur, horizontal)Ngjyra: Titani spazzolato (brushed titanium, RAL\u202f7044)Mbrojtje: IP20 (pa mbrojtje ndaj ujit)Materiali: Metal (alumini pa halogjen)Formati i komand\u00ebs: Rectangular cover plate p\u00ebr 4 modular\u00eb horizontal\u00eb\u00a0P\u00ebrmasat: 95mm (lart\u00ebsi) \u00d7\u202f150mm (gjer\u00ebsi) \u00d7\u202f8.3mm (thell\u00ebsi)<\/p>","protected":false},"featured_media":2498,"comment_status":"open","ping_status":"closed","template":"","meta":{"_acf_changed":false},"product_brand":[],"product_cat":[40,68],"product_tag":[],"class_list":{"0":"post-2497","1":"product","2":"type-product","3":"status-publish","4":"has-post-thumbnail","6":"product_cat-serite-civile","7":"product_cat-axolute","9":"first","10":"instock","11":"shipping-taxable","12":"product-type-simple"},"acf":[],"_links":{"self":[{"href":"https:\/\/www.brikaelektrik.al\/al\/wp-json\/wp\/v2\/product\/2497","targetHints":{"allow":["GET"]}}],"collection":[{"href":"https:\/\/www.brikaelektrik.al\/al\/wp-json\/wp\/v2\/product"}],"about":[{"href":"https:\/\/www.brikaelektrik.al\/al\/wp-json\/wp\/v2\/types\/product"}],"replies":[{"embeddable":true,"href":"https:\/\/www.brikaelektrik.al\/al\/wp-json\/wp\/v2\/comments?post=2497"}],"wp:featuredmedia":[{"embeddable":true,"href":"https:\/\/www.brikaelektrik.al\/al\/wp-json\/wp\/v2\/media\/2498"}],"wp:attachment":[{"href":"https:\/\/www.brikaelektrik.al\/al\/wp-json\/wp\/v2\/media?parent=2497"}],"wp:term":[{"taxonomy":"product_brand","embeddable":true,"href":"https:\/\/www.brikaelektrik.al\/al\/wp-json\/wp\/v2\/product_brand?post=2497"},{"taxonomy":"product_cat","embeddable":true,"href":"https:\/\/www.brikaelektrik.al\/al\/wp-json\/wp\/v2\/product_cat?post=2497"},{"taxonomy":"product_tag","embeddable":true,"href":"https:\/\/www.brikaelektrik.al\/al\/wp-json\/wp\/v2\/product_tag?post=2497"}],"curies":[{"name":"wp","href":"https:\/\/api.w.org\/{rel}","templated":true}]}}