{"id":2499,"date":"2025-07-23T11:26:17","date_gmt":"2025-07-23T11:26:17","guid":{"rendered":"https:\/\/www.brikaelektrik.al\/?post_type=product&#038;p=2499"},"modified":"2025-07-23T11:26:17","modified_gmt":"2025-07-23T11:26:17","slug":"kapak-katror-me-xham-i-bardhe-4p","status":"publish","type":"product","link":"https:\/\/www.brikaelektrik.al\/al\/produkt\/kapak-katror-me-xham-i-bardhe-4p\/","title":{"rendered":"KAPAK KATROR ME XHAM I BARDH\u00cb 4P"},"content":{"rendered":"<p>Seria: Axolute<br data-start=\"57\" data-end=\"60\" \/>Lloji: Mbules\u00eb dekorative p\u00ebr 4 modula (form\u00eb drejtk\u00ebnd\u00ebshe \u2013 xham)<br data-start=\"213\" data-end=\"216\" \/>Montimi: Mural incasso (i integruar n\u00eb mur, horizontal)<br data-start=\"275\" data-end=\"278\" \/>Ngjyra: Xham i bardh\u00eb (glass white)<br data-start=\"317\" data-end=\"320\" \/>Mbrojtje: IP20 (pa mbrojtje kund\u00ebr ujit)<br data-start=\"402\" data-end=\"405\" \/>Materiali: Xham, pa halogjen<br data-start=\"475\" data-end=\"478\" \/>Formati i komand\u00ebs: Mbules\u00eb p\u00ebr 4 modula horizontal\u00eb (rectangular cover plate)<br data-start=\"598\" data-end=\"601\" \/>P\u00ebrmasat: 95mm (lart\u00ebsi) \u00d7\u202f150mm (gjer\u00ebsi)<\/p>","protected":false},"excerpt":{"rendered":"<p>Seria: AxoluteLloji: Mbules\u00eb dekorative p\u00ebr 4 modula (form\u00eb drejtk\u00ebnd\u00ebshe \u2013 xham)Montimi: Mural incasso (i integruar n\u00eb mur, horizontal)Ngjyra: Xham i bardh\u00eb (glass white)Mbrojtje: IP20 (pa mbrojtje kund\u00ebr ujit)Materiali: Xham, pa halogjenFormati i komand\u00ebs: Mbules\u00eb p\u00ebr 4 modula horizontal\u00eb (rectangular cover plate)P\u00ebrmasat: 95mm (lart\u00ebsi) \u00d7\u202f150mm (gjer\u00ebsi)<\/p>","protected":false},"featured_media":2500,"comment_status":"open","ping_status":"closed","template":"","meta":{"_acf_changed":false},"product_brand":[],"product_cat":[40,68],"product_tag":[],"class_list":{"0":"post-2499","1":"product","2":"type-product","3":"status-publish","4":"has-post-thumbnail","6":"product_cat-serite-civile","7":"product_cat-axolute","9":"first","10":"instock","11":"shipping-taxable","12":"product-type-simple"},"acf":[],"_links":{"self":[{"href":"https:\/\/www.brikaelektrik.al\/al\/wp-json\/wp\/v2\/product\/2499","targetHints":{"allow":["GET"]}}],"collection":[{"href":"https:\/\/www.brikaelektrik.al\/al\/wp-json\/wp\/v2\/product"}],"about":[{"href":"https:\/\/www.brikaelektrik.al\/al\/wp-json\/wp\/v2\/types\/product"}],"replies":[{"embeddable":true,"href":"https:\/\/www.brikaelektrik.al\/al\/wp-json\/wp\/v2\/comments?post=2499"}],"wp:featuredmedia":[{"embeddable":true,"href":"https:\/\/www.brikaelektrik.al\/al\/wp-json\/wp\/v2\/media\/2500"}],"wp:attachment":[{"href":"https:\/\/www.brikaelektrik.al\/al\/wp-json\/wp\/v2\/media?parent=2499"}],"wp:term":[{"taxonomy":"product_brand","embeddable":true,"href":"https:\/\/www.brikaelektrik.al\/al\/wp-json\/wp\/v2\/product_brand?post=2499"},{"taxonomy":"product_cat","embeddable":true,"href":"https:\/\/www.brikaelektrik.al\/al\/wp-json\/wp\/v2\/product_cat?post=2499"},{"taxonomy":"product_tag","embeddable":true,"href":"https:\/\/www.brikaelektrik.al\/al\/wp-json\/wp\/v2\/product_tag?post=2499"}],"curies":[{"name":"wp","href":"https:\/\/api.w.org\/{rel}","templated":true}]}}