{"id":2501,"date":"2025-07-23T11:32:37","date_gmt":"2025-07-23T11:32:37","guid":{"rendered":"https:\/\/www.brikaelektrik.al\/?post_type=product&#038;p=2501"},"modified":"2025-07-23T11:32:37","modified_gmt":"2025-07-23T11:32:37","slug":"kapak-katror-me-xham-4p","status":"publish","type":"product","link":"https:\/\/www.brikaelektrik.al\/al\/produkt\/kapak-katror-me-xham-4p\/","title":{"rendered":"KAPAK KATROR ME XHAM 4P"},"content":{"rendered":"<p>Seria: Axolute<br data-start=\"57\" data-end=\"60\" \/>Lloji: Mbules\u00eb dekorative p\u00ebr 4 modula (form\u00eb drejtk\u00ebnd\u00ebshe \u2013 xham)<br data-start=\"213\" data-end=\"216\" \/>Montimi: Mural incasso (i integruar n\u00eb mur, horizontal)<br data-start=\"313\" data-end=\"316\" \/>Ngjyra: Crystal mirror \/ acid mirror (xham pasqyror i acidato\/bardh\u00eb)<br data-start=\"427\" data-end=\"430\" \/>Mbrojtje: IP20 (pa mbrojtje ndaj ujit, klas\u00eb standard)<br data-start=\"526\" data-end=\"529\" \/>Materiali: Xham, pa halogjen<br data-start=\"605\" data-end=\"608\" \/>Formati i komand\u00ebs: Rectangular cover plate p\u00ebr 4 modula horizontal\u00eb<br data-start=\"718\" data-end=\"721\" \/>P\u00ebrmasat: 95mm (lart\u00ebsi) \u00d7\u202f150mm (gjer\u00ebsi) \u00d7\u202f9.5mm (thell\u00ebsi)<\/p>","protected":false},"excerpt":{"rendered":"<p>Seria: AxoluteLloji: Mbules\u00eb dekorative p\u00ebr 4 modula (form\u00eb drejtk\u00ebnd\u00ebshe \u2013 xham)Montimi: Mural incasso (i integruar n\u00eb mur, horizontal)Ngjyra: Crystal mirror \/ acid mirror (xham pasqyror i acidato\/bardh\u00eb)Mbrojtje: IP20 (pa mbrojtje ndaj ujit, klas\u00eb standard)Materiali: Xham, pa halogjenFormati i komand\u00ebs: Rectangular cover plate p\u00ebr 4 modula horizontal\u00ebP\u00ebrmasat: 95mm (lart\u00ebsi) \u00d7\u202f150mm (gjer\u00ebsi) \u00d7\u202f9.5mm (thell\u00ebsi)<\/p>","protected":false},"featured_media":2502,"comment_status":"open","ping_status":"closed","template":"","meta":{"_acf_changed":false},"product_brand":[],"product_cat":[40,68],"product_tag":[],"class_list":{"0":"post-2501","1":"product","2":"type-product","3":"status-publish","4":"has-post-thumbnail","6":"product_cat-serite-civile","7":"product_cat-axolute","9":"first","10":"instock","11":"shipping-taxable","12":"product-type-simple"},"acf":[],"_links":{"self":[{"href":"https:\/\/www.brikaelektrik.al\/al\/wp-json\/wp\/v2\/product\/2501","targetHints":{"allow":["GET"]}}],"collection":[{"href":"https:\/\/www.brikaelektrik.al\/al\/wp-json\/wp\/v2\/product"}],"about":[{"href":"https:\/\/www.brikaelektrik.al\/al\/wp-json\/wp\/v2\/types\/product"}],"replies":[{"embeddable":true,"href":"https:\/\/www.brikaelektrik.al\/al\/wp-json\/wp\/v2\/comments?post=2501"}],"wp:featuredmedia":[{"embeddable":true,"href":"https:\/\/www.brikaelektrik.al\/al\/wp-json\/wp\/v2\/media\/2502"}],"wp:attachment":[{"href":"https:\/\/www.brikaelektrik.al\/al\/wp-json\/wp\/v2\/media?parent=2501"}],"wp:term":[{"taxonomy":"product_brand","embeddable":true,"href":"https:\/\/www.brikaelektrik.al\/al\/wp-json\/wp\/v2\/product_brand?post=2501"},{"taxonomy":"product_cat","embeddable":true,"href":"https:\/\/www.brikaelektrik.al\/al\/wp-json\/wp\/v2\/product_cat?post=2501"},{"taxonomy":"product_tag","embeddable":true,"href":"https:\/\/www.brikaelektrik.al\/al\/wp-json\/wp\/v2\/product_tag?post=2501"}],"curies":[{"name":"wp","href":"https:\/\/api.w.org\/{rel}","templated":true}]}}