{"id":2503,"date":"2025-07-23T11:36:38","date_gmt":"2025-07-23T11:36:38","guid":{"rendered":"https:\/\/www.brikaelektrik.al\/?post_type=product&#038;p=2503"},"modified":"2025-07-23T11:36:38","modified_gmt":"2025-07-23T11:36:38","slug":"kapak-i-bardhe-4p","status":"publish","type":"product","link":"https:\/\/www.brikaelektrik.al\/al\/produkt\/kapak-i-bardhe-4p\/","title":{"rendered":"KAPAK I BARDH\u00cb 4P"},"content":{"rendered":"<p>Seria: Axolute<br data-start=\"57\" data-end=\"60\" \/>Lloji: Mbules\u00eb dekorative p\u00ebr 4 modula (form\u00eb drejtk\u00ebnd\u00ebshe \u2013 Monochrome e bardh\u00eb)\u00a0<br data-start=\"266\" data-end=\"269\" \/>Montimi: Mural incasso (i integruar n\u00eb mur, horizontal)<br data-start=\"366\" data-end=\"369\" \/>Ngjyra: E bardh\u00eb (Monochrome white)<br data-start=\"446\" data-end=\"449\" \/>Mbrojtje: IP20 (pa mbrojtje ndaj ujit)<br data-start=\"529\" data-end=\"532\" \/>Materiali: Metal (alumin pa halogjen)<br data-start=\"611\" data-end=\"614\" \/>Formati i komand\u00ebs: Rectangular cover plate p\u00ebr 4 modula horizontal\u00eb<br data-start=\"724\" data-end=\"727\" \/>P\u00ebrmasat: 95mm (lart\u00ebsi) \u00d7\u202f150mm (gjer\u00ebsi) (thell\u00ebsi standarde ~\u202f8mm n\u00eb k\u00ebt\u00eb seri)<\/p>","protected":false},"excerpt":{"rendered":"<p>Seria: AxoluteLloji: Mbules\u00eb dekorative p\u00ebr 4 modula (form\u00eb drejtk\u00ebnd\u00ebshe \u2013 Monochrome e bardh\u00eb)\u00a0Montimi: Mural incasso (i integruar n\u00eb mur, horizontal)Ngjyra: E bardh\u00eb (Monochrome white)Mbrojtje: IP20 (pa mbrojtje ndaj ujit)Materiali: Metal (alumin pa halogjen)Formati i komand\u00ebs: Rectangular cover plate p\u00ebr 4 modula horizontal\u00ebP\u00ebrmasat: 95mm (lart\u00ebsi) \u00d7\u202f150mm (gjer\u00ebsi) (thell\u00ebsi standarde ~\u202f8mm n\u00eb k\u00ebt\u00eb seri)<\/p>","protected":false},"featured_media":2504,"comment_status":"open","ping_status":"closed","template":"","meta":{"_acf_changed":false},"product_brand":[],"product_cat":[40,68],"product_tag":[],"class_list":{"0":"post-2503","1":"product","2":"type-product","3":"status-publish","4":"has-post-thumbnail","6":"product_cat-serite-civile","7":"product_cat-axolute","9":"first","10":"instock","11":"shipping-taxable","12":"product-type-simple"},"acf":[],"_links":{"self":[{"href":"https:\/\/www.brikaelektrik.al\/al\/wp-json\/wp\/v2\/product\/2503","targetHints":{"allow":["GET"]}}],"collection":[{"href":"https:\/\/www.brikaelektrik.al\/al\/wp-json\/wp\/v2\/product"}],"about":[{"href":"https:\/\/www.brikaelektrik.al\/al\/wp-json\/wp\/v2\/types\/product"}],"replies":[{"embeddable":true,"href":"https:\/\/www.brikaelektrik.al\/al\/wp-json\/wp\/v2\/comments?post=2503"}],"wp:featuredmedia":[{"embeddable":true,"href":"https:\/\/www.brikaelektrik.al\/al\/wp-json\/wp\/v2\/media\/2504"}],"wp:attachment":[{"href":"https:\/\/www.brikaelektrik.al\/al\/wp-json\/wp\/v2\/media?parent=2503"}],"wp:term":[{"taxonomy":"product_brand","embeddable":true,"href":"https:\/\/www.brikaelektrik.al\/al\/wp-json\/wp\/v2\/product_brand?post=2503"},{"taxonomy":"product_cat","embeddable":true,"href":"https:\/\/www.brikaelektrik.al\/al\/wp-json\/wp\/v2\/product_cat?post=2503"},{"taxonomy":"product_tag","embeddable":true,"href":"https:\/\/www.brikaelektrik.al\/al\/wp-json\/wp\/v2\/product_tag?post=2503"}],"curies":[{"name":"wp","href":"https:\/\/api.w.org\/{rel}","templated":true}]}}