{"id":2505,"date":"2025-07-23T11:40:33","date_gmt":"2025-07-23T11:40:33","guid":{"rendered":"https:\/\/www.brikaelektrik.al\/?post_type=product&#038;p=2505"},"modified":"2025-07-23T11:40:33","modified_gmt":"2025-07-23T11:40:33","slug":"kapak-krom-4p","status":"publish","type":"product","link":"https:\/\/www.brikaelektrik.al\/al\/produkt\/kapak-krom-4p\/","title":{"rendered":"KAPAK KROM 4P"},"content":{"rendered":"<p>Seria: Axolute<br data-start=\"57\" data-end=\"60\" \/>Lloji: Mbules\u00eb dekorative p\u00ebr 4 modula (form\u00eb drejtk\u00ebnd\u00ebshe \u2013 \u201cChrome\u201d)\u00a0<br data-start=\"255\" data-end=\"258\" \/>Montimi: Mural incasso (i integruar n\u00eb mur, horizontal)<br data-start=\"355\" data-end=\"358\" \/>Ngjyra: Chrome (finitur\u00eb metalike e ndri\u00e7uar)<br data-start=\"445\" data-end=\"448\" \/>Mbrojtje: IP20\u00a0<br data-start=\"528\" data-end=\"531\" \/>Materiali: Metal (alumini anodizuar, pa halogjen)<br data-start=\"622\" data-end=\"625\" \/>Formati i komand\u00ebs: Rectangular cover plate p\u00ebr 4 modula horizontal\u00eb<br data-start=\"735\" data-end=\"738\" \/>P\u00ebrmasat: 95mm (lart\u00ebsi) \u00d7\u202f150mm (gjer\u00ebsi)<\/p>","protected":false},"excerpt":{"rendered":"<p>Seria: AxoluteLloji: Mbules\u00eb dekorative p\u00ebr 4 modula (form\u00eb drejtk\u00ebnd\u00ebshe \u2013 \u201cChrome\u201d)\u00a0Montimi: Mural incasso (i integruar n\u00eb mur, horizontal)Ngjyra: Chrome (finitur\u00eb metalike e ndri\u00e7uar)Mbrojtje: IP20\u00a0Materiali: Metal (alumini anodizuar, pa halogjen)Formati i komand\u00ebs: Rectangular cover plate p\u00ebr 4 modula horizontal\u00ebP\u00ebrmasat: 95mm (lart\u00ebsi) \u00d7\u202f150mm (gjer\u00ebsi)<\/p>","protected":false},"featured_media":2506,"comment_status":"open","ping_status":"closed","template":"","meta":{"_acf_changed":false},"product_brand":[],"product_cat":[40,68],"product_tag":[],"class_list":{"0":"post-2505","1":"product","2":"type-product","3":"status-publish","4":"has-post-thumbnail","6":"product_cat-serite-civile","7":"product_cat-axolute","9":"first","10":"instock","11":"shipping-taxable","12":"product-type-simple"},"acf":[],"_links":{"self":[{"href":"https:\/\/www.brikaelektrik.al\/al\/wp-json\/wp\/v2\/product\/2505","targetHints":{"allow":["GET"]}}],"collection":[{"href":"https:\/\/www.brikaelektrik.al\/al\/wp-json\/wp\/v2\/product"}],"about":[{"href":"https:\/\/www.brikaelektrik.al\/al\/wp-json\/wp\/v2\/types\/product"}],"replies":[{"embeddable":true,"href":"https:\/\/www.brikaelektrik.al\/al\/wp-json\/wp\/v2\/comments?post=2505"}],"wp:featuredmedia":[{"embeddable":true,"href":"https:\/\/www.brikaelektrik.al\/al\/wp-json\/wp\/v2\/media\/2506"}],"wp:attachment":[{"href":"https:\/\/www.brikaelektrik.al\/al\/wp-json\/wp\/v2\/media?parent=2505"}],"wp:term":[{"taxonomy":"product_brand","embeddable":true,"href":"https:\/\/www.brikaelektrik.al\/al\/wp-json\/wp\/v2\/product_brand?post=2505"},{"taxonomy":"product_cat","embeddable":true,"href":"https:\/\/www.brikaelektrik.al\/al\/wp-json\/wp\/v2\/product_cat?post=2505"},{"taxonomy":"product_tag","embeddable":true,"href":"https:\/\/www.brikaelektrik.al\/al\/wp-json\/wp\/v2\/product_tag?post=2505"}],"curies":[{"name":"wp","href":"https:\/\/api.w.org\/{rel}","templated":true}]}}