{"id":2507,"date":"2025-07-23T11:43:55","date_gmt":"2025-07-23T11:43:55","guid":{"rendered":"https:\/\/www.brikaelektrik.al\/?post_type=product&#038;p=2507"},"modified":"2025-07-23T11:43:55","modified_gmt":"2025-07-23T11:43:55","slug":"kapak-tech-4p","status":"publish","type":"product","link":"https:\/\/www.brikaelektrik.al\/al\/produkt\/kapak-tech-4p\/","title":{"rendered":"KAPAK TECH 4P"},"content":{"rendered":"<p>Seria: Axolute<br data-start=\"57\" data-end=\"60\" \/>Lloji: Mbules\u00eb dekorative p\u00ebr 4 modula (form\u00eb drejtk\u00ebnd\u00ebshe \u2013 \u201cTech\u201d \/ \u201cMonochrome\u201d)<br data-start=\"230\" data-end=\"233\" \/>Montimi: Mural incasso (i integruar n\u00eb mur)<br data-start=\"280\" data-end=\"283\" \/>Ngjyra: Tech (gri e err\u00ebt, Monochrome)<br data-start=\"325\" data-end=\"328\" \/>Mbrojtje: IP20, standard\u00a0\u00a0<br data-start=\"418\" data-end=\"421\" \/>Materiali: Metal\u00a0<br data-start=\"511\" data-end=\"514\" \/>Formati i komand\u00ebs: Rectangular cover plate p\u00ebr 4 modula horizontal\u00eb<br data-start=\"624\" data-end=\"627\" \/>P\u00ebrmasat: 95.6mm (lart\u00ebsi) \u00d7\u202f150mm (gjer\u00ebsi) \u00d7\u202f6.3mm (thell\u00ebsi)<\/p>","protected":false},"excerpt":{"rendered":"<p>Seria: AxoluteLloji: Mbules\u00eb dekorative p\u00ebr 4 modula (form\u00eb drejtk\u00ebnd\u00ebshe \u2013 \u201cTech\u201d \/ \u201cMonochrome\u201d)Montimi: Mural incasso (i integruar n\u00eb mur)Ngjyra: Tech (gri e err\u00ebt, Monochrome)Mbrojtje: IP20, standard\u00a0\u00a0Materiali: Metal\u00a0Formati i komand\u00ebs: Rectangular cover plate p\u00ebr 4 modula horizontal\u00ebP\u00ebrmasat: 95.6mm (lart\u00ebsi) \u00d7\u202f150mm (gjer\u00ebsi) \u00d7\u202f6.3mm (thell\u00ebsi)<\/p>","protected":false},"featured_media":2508,"comment_status":"open","ping_status":"closed","template":"","meta":{"_acf_changed":false},"product_brand":[],"product_cat":[40,68],"product_tag":[],"class_list":{"0":"post-2507","1":"product","2":"type-product","3":"status-publish","4":"has-post-thumbnail","6":"product_cat-serite-civile","7":"product_cat-axolute","9":"first","10":"instock","11":"shipping-taxable","12":"product-type-simple"},"acf":[],"_links":{"self":[{"href":"https:\/\/www.brikaelektrik.al\/al\/wp-json\/wp\/v2\/product\/2507","targetHints":{"allow":["GET"]}}],"collection":[{"href":"https:\/\/www.brikaelektrik.al\/al\/wp-json\/wp\/v2\/product"}],"about":[{"href":"https:\/\/www.brikaelektrik.al\/al\/wp-json\/wp\/v2\/types\/product"}],"replies":[{"embeddable":true,"href":"https:\/\/www.brikaelektrik.al\/al\/wp-json\/wp\/v2\/comments?post=2507"}],"wp:featuredmedia":[{"embeddable":true,"href":"https:\/\/www.brikaelektrik.al\/al\/wp-json\/wp\/v2\/media\/2508"}],"wp:attachment":[{"href":"https:\/\/www.brikaelektrik.al\/al\/wp-json\/wp\/v2\/media?parent=2507"}],"wp:term":[{"taxonomy":"product_brand","embeddable":true,"href":"https:\/\/www.brikaelektrik.al\/al\/wp-json\/wp\/v2\/product_brand?post=2507"},{"taxonomy":"product_cat","embeddable":true,"href":"https:\/\/www.brikaelektrik.al\/al\/wp-json\/wp\/v2\/product_cat?post=2507"},{"taxonomy":"product_tag","embeddable":true,"href":"https:\/\/www.brikaelektrik.al\/al\/wp-json\/wp\/v2\/product_tag?post=2507"}],"curies":[{"name":"wp","href":"https:\/\/api.w.org\/{rel}","templated":true}]}}