{"id":2509,"date":"2025-07-23T11:48:25","date_gmt":"2025-07-23T11:48:25","guid":{"rendered":"https:\/\/www.brikaelektrik.al\/?post_type=product&#038;p=2509"},"modified":"2025-07-23T11:48:25","modified_gmt":"2025-07-23T11:48:25","slug":"kapak-alumin-6p","status":"publish","type":"product","link":"https:\/\/www.brikaelektrik.al\/al\/produkt\/kapak-alumin-6p\/","title":{"rendered":"KAPAK ALUMIN 6P"},"content":{"rendered":"<p>Seria: Axolute<br data-start=\"57\" data-end=\"60\" \/>Lloji: Mbules\u00eb dekorative p\u00ebr 6 modula (form\u00eb eliptike)<br data-start=\"201\" data-end=\"204\" \/>Montimi: Mural incasso (i integruar n\u00eb mur, horizontal)<br data-start=\"301\" data-end=\"304\" \/>Ngjyra: Alumini i spazzoluar (brushed aluminium)<br data-start=\"394\" data-end=\"397\" \/>Mbrojtje: IP20 (pa mbrojtje ndaj ujit)<br data-start=\"477\" data-end=\"480\" \/>Materiali: Metal\u00a0<br data-start=\"566\" data-end=\"569\" \/>Formati i komand\u00ebs: Elliptical cover plate p\u00ebr 6 modula horizontal\u00eb<\/p>","protected":false},"excerpt":{"rendered":"<p>Seria: AxoluteLloji: Mbules\u00eb dekorative p\u00ebr 6 modula (form\u00eb eliptike)Montimi: Mural incasso (i integruar n\u00eb mur, horizontal)Ngjyra: Alumini i spazzoluar (brushed aluminium)Mbrojtje: IP20 (pa mbrojtje ndaj ujit)Materiali: Metal\u00a0Formati i komand\u00ebs: Elliptical cover plate p\u00ebr 6 modula horizontal\u00eb<\/p>","protected":false},"featured_media":2510,"comment_status":"open","ping_status":"closed","template":"","meta":{"_acf_changed":false},"product_brand":[],"product_cat":[40,68],"product_tag":[],"class_list":{"0":"post-2509","1":"product","2":"type-product","3":"status-publish","4":"has-post-thumbnail","6":"product_cat-serite-civile","7":"product_cat-axolute","9":"first","10":"instock","11":"shipping-taxable","12":"product-type-simple"},"acf":[],"_links":{"self":[{"href":"https:\/\/www.brikaelektrik.al\/al\/wp-json\/wp\/v2\/product\/2509","targetHints":{"allow":["GET"]}}],"collection":[{"href":"https:\/\/www.brikaelektrik.al\/al\/wp-json\/wp\/v2\/product"}],"about":[{"href":"https:\/\/www.brikaelektrik.al\/al\/wp-json\/wp\/v2\/types\/product"}],"replies":[{"embeddable":true,"href":"https:\/\/www.brikaelektrik.al\/al\/wp-json\/wp\/v2\/comments?post=2509"}],"wp:featuredmedia":[{"embeddable":true,"href":"https:\/\/www.brikaelektrik.al\/al\/wp-json\/wp\/v2\/media\/2510"}],"wp:attachment":[{"href":"https:\/\/www.brikaelektrik.al\/al\/wp-json\/wp\/v2\/media?parent=2509"}],"wp:term":[{"taxonomy":"product_brand","embeddable":true,"href":"https:\/\/www.brikaelektrik.al\/al\/wp-json\/wp\/v2\/product_brand?post=2509"},{"taxonomy":"product_cat","embeddable":true,"href":"https:\/\/www.brikaelektrik.al\/al\/wp-json\/wp\/v2\/product_cat?post=2509"},{"taxonomy":"product_tag","embeddable":true,"href":"https:\/\/www.brikaelektrik.al\/al\/wp-json\/wp\/v2\/product_tag?post=2509"}],"curies":[{"name":"wp","href":"https:\/\/api.w.org\/{rel}","templated":true}]}}