{"id":2511,"date":"2025-07-23T11:56:35","date_gmt":"2025-07-23T11:56:35","guid":{"rendered":"https:\/\/www.brikaelektrik.al\/?post_type=product&#038;p=2511"},"modified":"2025-07-23T11:57:56","modified_gmt":"2025-07-23T11:57:56","slug":"kapak-antracite-6p","status":"publish","type":"product","link":"https:\/\/www.brikaelektrik.al\/al\/produkt\/kapak-antracite-6p\/","title":{"rendered":"KAPAK ANTRACITE 6P"},"content":{"rendered":"<p>Seria: Axolute<br data-start=\"57\" data-end=\"60\" \/>Lloji: Mbules\u00eb dekorative p\u00ebr 6 modula (form\u00eb drejtk\u00ebnd\u00ebshe \u2013 \u201cMonochrome\u201d)\u00a0<br data-start=\"311\" data-end=\"314\" \/>Montimi: Mural incasso (i integruar n\u00eb mur, horizontal)<br data-start=\"411\" data-end=\"414\" \/>Ngjyra: Antracite mat<br data-start=\"516\" data-end=\"519\" \/>Mbrojtje: IP20\u00a0<br data-start=\"601\" data-end=\"604\" \/>Materiali: Metal (alumini, pa halogjen)<br data-start=\"691\" data-end=\"694\" \/>Formati i komand\u00ebs: Rectangular cover plate p\u00ebr 6 modula horizontal\u00eb<br data-start=\"804\" data-end=\"807\" \/>P\u00ebrmasat: 95.6mm (lart\u00ebsi) \u00d7\u202f195.6mm (gjer\u00ebsi) \u00d7\u202f6.3mm (thell\u00ebsi)<\/p>","protected":false},"excerpt":{"rendered":"<p>Seria: AxoluteLloji: Mbules\u00eb dekorative p\u00ebr 6 modula (form\u00eb drejtk\u00ebnd\u00ebshe \u2013 \u201cMonochrome\u201d)\u00a0Montimi: Mural incasso (i integruar n\u00eb mur, horizontal)Ngjyra: Antracite matMbrojtje: IP20\u00a0Materiali: Metal (alumini, pa halogjen)Formati i komand\u00ebs: Rectangular cover plate p\u00ebr 6 modula horizontal\u00ebP\u00ebrmasat: 95.6mm (lart\u00ebsi) \u00d7\u202f195.6mm (gjer\u00ebsi) \u00d7\u202f6.3mm (thell\u00ebsi)<\/p>","protected":false},"featured_media":2513,"comment_status":"open","ping_status":"closed","template":"","meta":{"_acf_changed":false},"product_brand":[],"product_cat":[40,68],"product_tag":[],"class_list":{"0":"post-2511","1":"product","2":"type-product","3":"status-publish","4":"has-post-thumbnail","6":"product_cat-serite-civile","7":"product_cat-axolute","9":"first","10":"instock","11":"shipping-taxable","12":"product-type-simple"},"acf":[],"_links":{"self":[{"href":"https:\/\/www.brikaelektrik.al\/al\/wp-json\/wp\/v2\/product\/2511","targetHints":{"allow":["GET"]}}],"collection":[{"href":"https:\/\/www.brikaelektrik.al\/al\/wp-json\/wp\/v2\/product"}],"about":[{"href":"https:\/\/www.brikaelektrik.al\/al\/wp-json\/wp\/v2\/types\/product"}],"replies":[{"embeddable":true,"href":"https:\/\/www.brikaelektrik.al\/al\/wp-json\/wp\/v2\/comments?post=2511"}],"wp:featuredmedia":[{"embeddable":true,"href":"https:\/\/www.brikaelektrik.al\/al\/wp-json\/wp\/v2\/media\/2513"}],"wp:attachment":[{"href":"https:\/\/www.brikaelektrik.al\/al\/wp-json\/wp\/v2\/media?parent=2511"}],"wp:term":[{"taxonomy":"product_brand","embeddable":true,"href":"https:\/\/www.brikaelektrik.al\/al\/wp-json\/wp\/v2\/product_brand?post=2511"},{"taxonomy":"product_cat","embeddable":true,"href":"https:\/\/www.brikaelektrik.al\/al\/wp-json\/wp\/v2\/product_cat?post=2511"},{"taxonomy":"product_tag","embeddable":true,"href":"https:\/\/www.brikaelektrik.al\/al\/wp-json\/wp\/v2\/product_tag?post=2511"}],"curies":[{"name":"wp","href":"https:\/\/api.w.org\/{rel}","templated":true}]}}