{"id":2520,"date":"2025-07-24T09:13:51","date_gmt":"2025-07-24T09:13:51","guid":{"rendered":"https:\/\/www.brikaelektrik.al\/?post_type=product&#038;p=2520"},"modified":"2025-07-24T09:13:51","modified_gmt":"2025-07-24T09:13:51","slug":"kapak-argjend-6p","status":"publish","type":"product","link":"https:\/\/www.brikaelektrik.al\/al\/produkt\/kapak-argjend-6p\/","title":{"rendered":"KAPAK ARGJEND 6P"},"content":{"rendered":"<p data-start=\"82\" data-end=\"505\">Seria: Axolute<br data-start=\"100\" data-end=\"103\" \/>Lloji: Mbules\u00eb dekorative p\u00ebr 6 modula (form\u00eb drejtk\u00ebnd\u00ebshe \u2013 \u201cArgjend\u201d \/ Silver satin)<br data-start=\"194\" data-end=\"197\" \/>Montimi: Mural incasso (i integruar n\u00eb mur, horizontal)<br data-start=\"256\" data-end=\"259\" \/>Ngjyra: Argjend<br data-start=\"278\" data-end=\"281\" \/>Mbrojtje: IP20<br data-start=\"299\" data-end=\"302\" \/>Materiali: Metal (alumin i anodizuar, pa halogjen)<br data-start=\"356\" data-end=\"359\" \/>Formati i komand\u00ebs: Rectangular cover plate p\u00ebr 6 modula horizontal\u00eb<br data-start=\"431\" data-end=\"434\" \/>P\u00ebrmasat: 95.6mm (lart\u00ebsi) \u00d7 195.6mm (gjer\u00ebsi) \u00d7 8.3mm (thell\u00ebsi)<\/p>","protected":false},"excerpt":{"rendered":"<p>Seria: AxoluteLloji: Mbules\u00eb dekorative p\u00ebr 6 modula (form\u00eb drejtk\u00ebnd\u00ebshe \u2013 \u201cArgjend\u201d \/ Silver satin)Montimi: Mural incasso (i integruar n\u00eb mur, horizontal)Ngjyra: ArgjendMbrojtje: IP20Materiali: Metal (alumin i anodizuar, pa halogjen)Formati i komand\u00ebs: Rectangular cover plate p\u00ebr 6 modula horizontal\u00ebP\u00ebrmasat: 95.6mm (lart\u00ebsi) \u00d7 195.6mm (gjer\u00ebsi) \u00d7 8.3mm (thell\u00ebsi)<\/p>","protected":false},"featured_media":2521,"comment_status":"open","ping_status":"closed","template":"","meta":{"_acf_changed":false},"product_brand":[],"product_cat":[40,68],"product_tag":[],"class_list":{"0":"post-2520","1":"product","2":"type-product","3":"status-publish","4":"has-post-thumbnail","6":"product_cat-serite-civile","7":"product_cat-axolute","9":"first","10":"instock","11":"shipping-taxable","12":"product-type-simple"},"acf":[],"_links":{"self":[{"href":"https:\/\/www.brikaelektrik.al\/al\/wp-json\/wp\/v2\/product\/2520","targetHints":{"allow":["GET"]}}],"collection":[{"href":"https:\/\/www.brikaelektrik.al\/al\/wp-json\/wp\/v2\/product"}],"about":[{"href":"https:\/\/www.brikaelektrik.al\/al\/wp-json\/wp\/v2\/types\/product"}],"replies":[{"embeddable":true,"href":"https:\/\/www.brikaelektrik.al\/al\/wp-json\/wp\/v2\/comments?post=2520"}],"wp:featuredmedia":[{"embeddable":true,"href":"https:\/\/www.brikaelektrik.al\/al\/wp-json\/wp\/v2\/media\/2521"}],"wp:attachment":[{"href":"https:\/\/www.brikaelektrik.al\/al\/wp-json\/wp\/v2\/media?parent=2520"}],"wp:term":[{"taxonomy":"product_brand","embeddable":true,"href":"https:\/\/www.brikaelektrik.al\/al\/wp-json\/wp\/v2\/product_brand?post=2520"},{"taxonomy":"product_cat","embeddable":true,"href":"https:\/\/www.brikaelektrik.al\/al\/wp-json\/wp\/v2\/product_cat?post=2520"},{"taxonomy":"product_tag","embeddable":true,"href":"https:\/\/www.brikaelektrik.al\/al\/wp-json\/wp\/v2\/product_tag?post=2520"}],"curies":[{"name":"wp","href":"https:\/\/api.w.org\/{rel}","templated":true}]}}