{"id":2522,"date":"2025-07-24T09:21:37","date_gmt":"2025-07-24T09:21:37","guid":{"rendered":"https:\/\/www.brikaelektrik.al\/?post_type=product&#038;p=2522"},"modified":"2025-07-24T09:21:37","modified_gmt":"2025-07-24T09:21:37","slug":"kapak-bronz-6p","status":"publish","type":"product","link":"https:\/\/www.brikaelektrik.al\/al\/produkt\/kapak-bronz-6p\/","title":{"rendered":"KAPAK BRONZ 6P"},"content":{"rendered":"<p>Seria: Axolute<br data-start=\"62\" data-end=\"65\" \/>Lloji: Mbules\u00eb dekorative p\u00ebr 6 modula (form\u00eb drejtk\u00ebnd\u00ebshe \u2013 \u201cBronz\u201d \/ Bronze satin)<br data-start=\"154\" data-end=\"157\" \/>Montimi: Mural incasso (i integruar n\u00eb mur, horizontal)<br data-start=\"216\" data-end=\"219\" \/>Ngjyra: Bronz<br \/>\nMbrojtje: IP20 (pa mbrojtje nga uji; mjeti plastik pa hap\u00ebsir\u00eb mbrojt\u00ebse)<br data-start=\"405\" data-end=\"408\" \/>Materiali: Metal (alumin i anodizuar, pa halogjen)<br data-start=\"500\" data-end=\"503\" \/>Formati i komand\u00ebs: Rectangular cover plate p\u00ebr 6 modula horizontal\u00eb<br data-start=\"575\" data-end=\"578\" \/>P\u00ebrmasat: 95.6mm (lart\u00ebsi) \u00d7 195.6mm (gjer\u00ebsi) \u00d7 8.3mm (thell\u00ebsi)<\/p>","protected":false},"excerpt":{"rendered":"<p>Seria: AxoluteLloji: Mbules\u00eb dekorative p\u00ebr 6 modula (form\u00eb drejtk\u00ebnd\u00ebshe \u2013 \u201cBronz\u201d \/ Bronze satin)Montimi: Mural incasso (i integruar n\u00eb mur, horizontal)Ngjyra: Bronz Mbrojtje: IP20 (pa mbrojtje nga uji; mjeti plastik pa hap\u00ebsir\u00eb mbrojt\u00ebse)Materiali: Metal (alumin i anodizuar, pa halogjen)Formati i komand\u00ebs: Rectangular cover plate p\u00ebr 6 modula horizontal\u00ebP\u00ebrmasat: 95.6mm (lart\u00ebsi) \u00d7 195.6mm (gjer\u00ebsi) \u00d7 8.3mm [&hellip;]<\/p>","protected":false},"featured_media":2523,"comment_status":"open","ping_status":"closed","template":"","meta":{"_acf_changed":false},"product_brand":[],"product_cat":[40,68],"product_tag":[],"class_list":{"0":"post-2522","1":"product","2":"type-product","3":"status-publish","4":"has-post-thumbnail","6":"product_cat-serite-civile","7":"product_cat-axolute","9":"first","10":"instock","11":"shipping-taxable","12":"product-type-simple"},"acf":[],"_links":{"self":[{"href":"https:\/\/www.brikaelektrik.al\/al\/wp-json\/wp\/v2\/product\/2522","targetHints":{"allow":["GET"]}}],"collection":[{"href":"https:\/\/www.brikaelektrik.al\/al\/wp-json\/wp\/v2\/product"}],"about":[{"href":"https:\/\/www.brikaelektrik.al\/al\/wp-json\/wp\/v2\/types\/product"}],"replies":[{"embeddable":true,"href":"https:\/\/www.brikaelektrik.al\/al\/wp-json\/wp\/v2\/comments?post=2522"}],"wp:featuredmedia":[{"embeddable":true,"href":"https:\/\/www.brikaelektrik.al\/al\/wp-json\/wp\/v2\/media\/2523"}],"wp:attachment":[{"href":"https:\/\/www.brikaelektrik.al\/al\/wp-json\/wp\/v2\/media?parent=2522"}],"wp:term":[{"taxonomy":"product_brand","embeddable":true,"href":"https:\/\/www.brikaelektrik.al\/al\/wp-json\/wp\/v2\/product_brand?post=2522"},{"taxonomy":"product_cat","embeddable":true,"href":"https:\/\/www.brikaelektrik.al\/al\/wp-json\/wp\/v2\/product_cat?post=2522"},{"taxonomy":"product_tag","embeddable":true,"href":"https:\/\/www.brikaelektrik.al\/al\/wp-json\/wp\/v2\/product_tag?post=2522"}],"curies":[{"name":"wp","href":"https:\/\/api.w.org\/{rel}","templated":true}]}}