{"id":2524,"date":"2025-07-24T09:36:22","date_gmt":"2025-07-24T09:36:22","guid":{"rendered":"https:\/\/www.brikaelektrik.al\/?post_type=product&#038;p=2524"},"modified":"2025-07-24T09:36:22","modified_gmt":"2025-07-24T09:36:22","slug":"kapak-gri-6p","status":"publish","type":"product","link":"https:\/\/www.brikaelektrik.al\/al\/produkt\/kapak-gri-6p\/","title":{"rendered":"KAPAK GRI 6P"},"content":{"rendered":"<p>Seria: Axolute<br data-start=\"62\" data-end=\"65\" \/>Lloji: Mbules\u00eb dekorative p\u00ebr 6 modula (form\u00eb drejtk\u00ebnd\u00ebshe \u2013 \u201cAluminio spazzolato\u201d \/ brushed aluminium)<br data-start=\"211\" data-end=\"214\" \/>Montimi: Mural incasso (i integruar n\u00eb mur, horizontal)<br data-start=\"311\" data-end=\"314\" \/>Ngjyra: Alumini<br data-start=\"410\" data-end=\"413\" \/>Mbrojtje: IP20<br data-start=\"469\" data-end=\"472\" \/>Materiali: Metal (alumin i anodizuar, pa halogjen)<br data-start=\"564\" data-end=\"567\" \/>Formati i komand\u00ebs: Rectangular cover plate p\u00ebr 6 modula horizontal\u00eb<br data-start=\"677\" data-end=\"680\" \/>P\u00ebrmasat: 95.6\u202fmm (lart\u00ebsi)\u00a0\u00d7\u00a0195.6\u202fmm (gjer\u00ebsi)\u00a0\u00d7\u00a08.3\u202fmm (thell\u00ebsi)<\/p>","protected":false},"excerpt":{"rendered":"<p>Seria: AxoluteLloji: Mbules\u00eb dekorative p\u00ebr 6 modula (form\u00eb drejtk\u00ebnd\u00ebshe \u2013 \u201cAluminio spazzolato\u201d \/ brushed aluminium)Montimi: Mural incasso (i integruar n\u00eb mur, horizontal)Ngjyra: AluminiMbrojtje: IP20Materiali: Metal (alumin i anodizuar, pa halogjen)Formati i komand\u00ebs: Rectangular cover plate p\u00ebr 6 modula horizontal\u00ebP\u00ebrmasat: 95.6\u202fmm (lart\u00ebsi)\u00a0\u00d7\u00a0195.6\u202fmm (gjer\u00ebsi)\u00a0\u00d7\u00a08.3\u202fmm (thell\u00ebsi)<\/p>","protected":false},"featured_media":2525,"comment_status":"open","ping_status":"closed","template":"","meta":{"_acf_changed":false},"product_brand":[],"product_cat":[40,68],"product_tag":[],"class_list":{"0":"post-2524","1":"product","2":"type-product","3":"status-publish","4":"has-post-thumbnail","6":"product_cat-serite-civile","7":"product_cat-axolute","9":"first","10":"instock","11":"shipping-taxable","12":"product-type-simple"},"acf":[],"_links":{"self":[{"href":"https:\/\/www.brikaelektrik.al\/al\/wp-json\/wp\/v2\/product\/2524","targetHints":{"allow":["GET"]}}],"collection":[{"href":"https:\/\/www.brikaelektrik.al\/al\/wp-json\/wp\/v2\/product"}],"about":[{"href":"https:\/\/www.brikaelektrik.al\/al\/wp-json\/wp\/v2\/types\/product"}],"replies":[{"embeddable":true,"href":"https:\/\/www.brikaelektrik.al\/al\/wp-json\/wp\/v2\/comments?post=2524"}],"wp:featuredmedia":[{"embeddable":true,"href":"https:\/\/www.brikaelektrik.al\/al\/wp-json\/wp\/v2\/media\/2525"}],"wp:attachment":[{"href":"https:\/\/www.brikaelektrik.al\/al\/wp-json\/wp\/v2\/media?parent=2524"}],"wp:term":[{"taxonomy":"product_brand","embeddable":true,"href":"https:\/\/www.brikaelektrik.al\/al\/wp-json\/wp\/v2\/product_brand?post=2524"},{"taxonomy":"product_cat","embeddable":true,"href":"https:\/\/www.brikaelektrik.al\/al\/wp-json\/wp\/v2\/product_cat?post=2524"},{"taxonomy":"product_tag","embeddable":true,"href":"https:\/\/www.brikaelektrik.al\/al\/wp-json\/wp\/v2\/product_tag?post=2524"}],"curies":[{"name":"wp","href":"https:\/\/api.w.org\/{rel}","templated":true}]}}