{"id":2526,"date":"2025-07-24T09:42:43","date_gmt":"2025-07-24T09:42:43","guid":{"rendered":"https:\/\/www.brikaelektrik.al\/?post_type=product&#038;p=2526"},"modified":"2025-07-24T09:42:43","modified_gmt":"2025-07-24T09:42:43","slug":"kapak-katror-6p","status":"publish","type":"product","link":"https:\/\/www.brikaelektrik.al\/al\/produkt\/kapak-katror-6p\/","title":{"rendered":"KAPAK KATROR 6P"},"content":{"rendered":"<p>Seria: Axolute<br data-start=\"62\" data-end=\"65\" \/>Lloji: Mbules\u00eb dekorative p\u00ebr 6 modula (form\u00eb drejtk\u00ebnd\u00ebshe \u2013 \u201cTitanio spazzolato\u201d \/ Brushed titanium)\u00a0<br data-start=\"209\" data-end=\"212\" \/>Montimi: Mural incasso (i integruar n\u00eb mur, horizontal)\u00a0<br data-start=\"309\" data-end=\"312\" \/>Ngjyra: Titanio<br data-start=\"397\" data-end=\"400\" \/>Mbrojtje: IP20\u00a0<br data-start=\"520\" data-end=\"523\" \/>Materiali: Metal (Alumin i anodizuar, pa halogjen)<br data-start=\"615\" data-end=\"618\" \/>Formati i komand\u00ebs: Rectangular cover plate p\u00ebr\u202f6 modula horizontal\u00eb<br data-start=\"728\" data-end=\"731\" \/>P\u00ebrmasat: 95.6mm (lart\u00ebsi) \u00d7\u202f195.6mm (gjer\u00ebsi) \u00d7\u202f8.3mm (thell\u00ebsi)<\/p>","protected":false},"excerpt":{"rendered":"<p>Seria: AxoluteLloji: Mbules\u00eb dekorative p\u00ebr 6 modula (form\u00eb drejtk\u00ebnd\u00ebshe \u2013 \u201cTitanio spazzolato\u201d \/ Brushed titanium)\u00a0Montimi: Mural incasso (i integruar n\u00eb mur, horizontal)\u00a0Ngjyra: TitanioMbrojtje: IP20\u00a0Materiali: Metal (Alumin i anodizuar, pa halogjen)Formati i komand\u00ebs: Rectangular cover plate p\u00ebr\u202f6 modula horizontal\u00ebP\u00ebrmasat: 95.6mm (lart\u00ebsi) \u00d7\u202f195.6mm (gjer\u00ebsi) \u00d7\u202f8.3mm (thell\u00ebsi)<\/p>","protected":false},"featured_media":2528,"comment_status":"open","ping_status":"closed","template":"","meta":{"_acf_changed":false},"product_brand":[],"product_cat":[40,68],"product_tag":[],"class_list":{"0":"post-2526","1":"product","2":"type-product","3":"status-publish","4":"has-post-thumbnail","6":"product_cat-serite-civile","7":"product_cat-axolute","9":"first","10":"instock","11":"shipping-taxable","12":"product-type-simple"},"acf":[],"_links":{"self":[{"href":"https:\/\/www.brikaelektrik.al\/al\/wp-json\/wp\/v2\/product\/2526","targetHints":{"allow":["GET"]}}],"collection":[{"href":"https:\/\/www.brikaelektrik.al\/al\/wp-json\/wp\/v2\/product"}],"about":[{"href":"https:\/\/www.brikaelektrik.al\/al\/wp-json\/wp\/v2\/types\/product"}],"replies":[{"embeddable":true,"href":"https:\/\/www.brikaelektrik.al\/al\/wp-json\/wp\/v2\/comments?post=2526"}],"wp:featuredmedia":[{"embeddable":true,"href":"https:\/\/www.brikaelektrik.al\/al\/wp-json\/wp\/v2\/media\/2528"}],"wp:attachment":[{"href":"https:\/\/www.brikaelektrik.al\/al\/wp-json\/wp\/v2\/media?parent=2526"}],"wp:term":[{"taxonomy":"product_brand","embeddable":true,"href":"https:\/\/www.brikaelektrik.al\/al\/wp-json\/wp\/v2\/product_brand?post=2526"},{"taxonomy":"product_cat","embeddable":true,"href":"https:\/\/www.brikaelektrik.al\/al\/wp-json\/wp\/v2\/product_cat?post=2526"},{"taxonomy":"product_tag","embeddable":true,"href":"https:\/\/www.brikaelektrik.al\/al\/wp-json\/wp\/v2\/product_tag?post=2526"}],"curies":[{"name":"wp","href":"https:\/\/api.w.org\/{rel}","templated":true}]}}